{"id":541512,"date":"2025-11-13T15:07:17","date_gmt":"2025-11-13T15:07:17","guid":{"rendered":"https:\/\/harristweed-shop.be\/product\/overhemd-button-down-steward-in-wine-red-and-blue-window-check\/"},"modified":"2026-05-05T03:33:32","modified_gmt":"2026-05-05T03:33:32","slug":"overhemd-button-down-steward-in-wine-red-and-blue-window-check","status":"publish","type":"product","link":"https:\/\/harristweed-shop.be\/fr\/produit\/chemise-a-carreaux-bordeaux-et-bleus-style-steward\/","title":{"rendered":"Chemise boutonn\u00e9e \u201c Steward \u201d \u00e0 carreaux bordeaux et bleus"},"content":{"rendered":"<p>Cette superbe chemise boutonn\u00e9e \u201c\u00a0Steward\u00a0\u201d arbore un motif \u00e0 carreaux rouges et bleus, ce qui en fait le compl\u00e9ment id\u00e9al d&#039;un jean ou pour un look plus d\u00e9contract\u00e9 sous une doudoune sans manches. Confectionn\u00e9e en pur coton, elle b\u00e9n\u00e9ficie de finitions impeccables et d&#039;une coupe classique avec patte de boutonnage et pli creux au dos pour un confort optimal. Des d\u00e9tails bien pens\u00e9s, comme les poignets ajustables, le bouton suppl\u00e9mentaire \u00e0 l&#039;arri\u00e8re du col et l&#039;ourlet l\u00e9g\u00e8rement arrondi, font de cette chemise pour homme un mod\u00e8le v\u00e9ritablement polyvalent.<\/p>\n<p>\u2013 Col boutonn\u00e9<br \/>\u2013 Empi\u00e8cement dos double avec pli<br \/>\u2013 Col arri\u00e8re avec bouton suppl\u00e9mentaire<br \/>\u2013 Coupe classique<br \/>\u2013 Poignets r\u00e9glables<\/p>\n<p>Mensurations du mannequin\u00a0: Le mannequin mesure 184\u00a0cm et porte une taille\u00a050 sur la photo.<br \/>Coupe : Coupe r\u00e9guli\u00e8re<br \/>Mesures du v\u00eatement\u00a0: pour la taille M \u2013 Longueur dos\u00a0: 82\u00a0cm \u2013 Longueur des manches depuis la poitrine\u00a0: 67\u00a0cm \u2013 Demi-tour de poitrine\u00a0: 49,5\u00a0cm \u2013 Demi-tour de taille\u00a0: 44,5\u00a0cm<\/p>\n<p>Tissu ext\u00e9rieur : coton 100%<\/p>","protected":false},"excerpt":{"rendered":"<p>Chemise boutonn\u00e9e \u201c Steward \u201d \u00e0 carreaux bordeaux et bleus 8228.<\/p>\n<p>Cette superbe chemise boutonn\u00e9e \u201c Steward \u201d arbore un motif \u00e0 carreaux rouges et bleus, ce qui en fait le compl\u00e9ment id\u00e9al d&#039;un jean ou pour un look plus d\u00e9contract\u00e9 sous un gilet matelass\u00e9.<\/p>","protected":false},"featured_media":541521,"template":"","meta":[],"product_brand":[],"product_cat":[304,533,86,506],"product_tag":[],"class_list":{"0":"post-541512","1":"product","2":"type-product","3":"status-publish","4":"has-post-thumbnail","6":"product_cat-flanel-shirts","7":"product_cat-flanellhemden","8":"product_cat-shirts-en-overhemden","9":"product_cat-shirts-und-hemden","10":"pa_merk-wellington","12":"first","13":"instock","14":"taxable","15":"shipping-taxable","16":"purchasable","17":"product-type-variable"},"df_price":89.95,"df_sale_price":"","df_regular_price":89.95,"df_image_link":"https:\/\/harristweed-shop.be\/wp-content\/uploads\/2025\/11\/7c7a2a09da13f34abca4d9d452f24d3f_Overhemd_Button_Down__Steward__In_Wine_Red_And_Blue_Window_Check-225x300.jpeg","_links":{"self":[{"href":"https:\/\/harristweed-shop.be\/fr\/wp-json\/wp\/v2\/product\/541512","targetHints":{"allow":["GET"]}}],"collection":[{"href":"https:\/\/harristweed-shop.be\/fr\/wp-json\/wp\/v2\/product"}],"about":[{"href":"https:\/\/harristweed-shop.be\/fr\/wp-json\/wp\/v2\/types\/product"}],"wp:featuredmedia":[{"embeddable":true,"href":"https:\/\/harristweed-shop.be\/fr\/wp-json\/wp\/v2\/media\/541521"}],"wp:attachment":[{"href":"https:\/\/harristweed-shop.be\/fr\/wp-json\/wp\/v2\/media?parent=541512"}],"wp:term":[{"taxonomy":"product_brand","embeddable":true,"href":"https:\/\/harristweed-shop.be\/fr\/wp-json\/wp\/v2\/product_brand?post=541512"},{"taxonomy":"product_cat","embeddable":true,"href":"https:\/\/harristweed-shop.be\/fr\/wp-json\/wp\/v2\/product_cat?post=541512"},{"taxonomy":"product_tag","embeddable":true,"href":"https:\/\/harristweed-shop.be\/fr\/wp-json\/wp\/v2\/product_tag?post=541512"}],"curies":[{"name":"wp","href":"https:\/\/api.w.org\/{rel}","templated":true}]}}