{"id":541447,"date":"2025-11-12T12:04:17","date_gmt":"2025-11-12T12:04:17","guid":{"rendered":"https:\/\/harristweed-shop.be\/product\/crew-neck-sweater-with-harris-tweed-patches-derby-tweed\/"},"modified":"2026-05-05T03:34:38","modified_gmt":"2026-05-05T03:34:38","slug":"crew-neck-sweater-with-harris-tweed-patches-derby-tweed","status":"publish","type":"product","link":"https:\/\/harristweed-shop.be\/fr\/produit\/pull-a-col-rond-avec-empiecements-en-tweed-harris-style-derby-tweed\/","title":{"rendered":"Pull \u00e0 col rond avec empi\u00e8cements en Harris Tweed Derby Tweed"},"content":{"rendered":"<p>Ce pull mi-lourd en pure laine, orn\u00e9 d&#039;un motif de chasse classique, poss\u00e8de toutes les qualit\u00e9s attendues. Confectionn\u00e9 en pure laine vierge britannique 100%, il offre un aspect et un toucher plus robustes, tout en conservant son \u00e9l\u00e9gance et sa durabilit\u00e9, ce qui le rend id\u00e9al pour les activit\u00e9s de plein air.<\/p>\n<p>Coupe classique avec empi\u00e8cements d&#039;\u00e9paules en \u2018 Harris Tweed \u2019.<br \/>\nCe mod\u00e8le pr\u00e9sente \u00e9galement un d\u00e9tail tricot\u00e9 \u2019\u00a0trampoline\u00a0\u2019 du plus bel effet sur le devant. Col rond.<br \/>\nDerby Tweed (un m\u00e9lange classique de couleurs champ\u00eatres et terreuses) avec des empi\u00e8cements de \u2018 Harris Tweed \u2019 dans un m\u00e9lange de vert \u00e0 motif \u00e0 chevrons.<\/p>\n<p>100% pure laine vierge britannique<br \/>\nMaillot de tir mi-lourd \u00e0 col rond<br \/>\n\u00c9cussons en Harris Tweed<br \/>\nD\u00e9tail distinctif en maille \u2019 trampoline \u2019<\/p>\n<p>Poids 0,9 kg<br \/>\nTweed Derby de couleur<br \/>\nTailles XS, S, M, L, XL, 2XL, 3XL<\/p>","protected":false},"excerpt":{"rendered":"<p>Pull \u00e0 col rond avec empi\u00e8cements en Harris Tweed Derby Tweed.<\/p>\n<p>Coupe classique avec \u00e9paulettes en tweed Harris.<br \/>\nCe mod\u00e8le pr\u00e9sente \u00e9galement un d\u00e9tail tricot\u00e9 \u2019\u00a0trampoline\u00a0\u2019 du plus bel effet sur le devant. Col rond.<\/p>","protected":false},"featured_media":541459,"template":"","meta":[],"product_brand":[],"product_cat":[470,1189,486,1188,84,1124,442,487],"product_tag":[],"class_list":{"0":"post-541447","1":"product","2":"type-product","3":"status-publish","4":"has-post-thumbnail","6":"product_cat-pull-over","7":"product_cat-pullover-mit-harris-tweed","8":"product_cat-pullover-und-westen","9":"product_cat-pullovers-met-harris-tweed-details","10":"product_cat-truien-en-pullovers","11":"product_cat-truien-met-harris-tweed-details","12":"product_cat-wollen-truien","13":"product_cat-wollpullover","14":"pa_merk-niffi-ecosse-harris-tweed","16":"first","17":"instock","18":"taxable","19":"shipping-taxable","20":"purchasable","21":"product-type-variable"},"df_price":139.95,"df_sale_price":"","df_regular_price":139.95,"df_image_link":"https:\/\/harristweed-shop.be\/wp-content\/uploads\/2025\/11\/8466da47b19a85998f374dff2cfd2adf_Crew_neck_sweater_with_Harris_Tweed_patches_Derby_Tweed-225x300.jpeg","_links":{"self":[{"href":"https:\/\/harristweed-shop.be\/fr\/wp-json\/wp\/v2\/product\/541447","targetHints":{"allow":["GET"]}}],"collection":[{"href":"https:\/\/harristweed-shop.be\/fr\/wp-json\/wp\/v2\/product"}],"about":[{"href":"https:\/\/harristweed-shop.be\/fr\/wp-json\/wp\/v2\/types\/product"}],"wp:featuredmedia":[{"embeddable":true,"href":"https:\/\/harristweed-shop.be\/fr\/wp-json\/wp\/v2\/media\/541459"}],"wp:attachment":[{"href":"https:\/\/harristweed-shop.be\/fr\/wp-json\/wp\/v2\/media?parent=541447"}],"wp:term":[{"taxonomy":"product_brand","embeddable":true,"href":"https:\/\/harristweed-shop.be\/fr\/wp-json\/wp\/v2\/product_brand?post=541447"},{"taxonomy":"product_cat","embeddable":true,"href":"https:\/\/harristweed-shop.be\/fr\/wp-json\/wp\/v2\/product_cat?post=541447"},{"taxonomy":"product_tag","embeddable":true,"href":"https:\/\/harristweed-shop.be\/fr\/wp-json\/wp\/v2\/product_tag?post=541447"}],"curies":[{"name":"wp","href":"https:\/\/api.w.org\/{rel}","templated":true}]}}