{"id":541415,"date":"2025-11-12T11:47:15","date_gmt":"2025-11-12T11:47:15","guid":{"rendered":"https:\/\/harristweed-shop.be\/product\/vee-neck-sweater-with-harris-tweed-patches-navy\/"},"modified":"2026-05-05T03:34:38","modified_gmt":"2026-05-05T03:34:38","slug":"vee-neck-sweater-with-harris-tweed-patches-navy","status":"publish","type":"product","link":"https:\/\/harristweed-shop.be\/fr\/produit\/pull-a-col-en-v-avec-empiecements-en-tweed-harris-bleu-marine\/","title":{"rendered":"Pull \u00e0 col en V avec empi\u00e8cements en Harris Tweed bleu marine"},"content":{"rendered":"<p>Ce pull mi-lourd en pure laine, orn\u00e9 d&#039;un motif de chasse classique, poss\u00e8de toutes les qualit\u00e9s attendues. Confectionn\u00e9 en pure laine vierge britannique 100%, il offre un aspect et un toucher plus robustes, tout en conservant son \u00e9l\u00e9gance et sa durabilit\u00e9, ce qui le rend id\u00e9al pour les activit\u00e9s de plein air.<\/p>\n<p>Coupe classique avec empi\u00e8cements d&#039;\u00e9paules en \u2018 Harris Tweed \u2019.<br \/>\nCe mod\u00e8le pr\u00e9sente \u00e9galement un d\u00e9tail tricot\u00e9 \u2019\u00a0trampoline\u00a0\u2019 du plus bel effet sur le devant. Col en V.<br \/>\nVert mousse avec des empi\u00e8cements en Harris Tweed.<br \/>\n100% pure laine vierge britannique<br \/>\nMaillot de tir mi-lourd \u00e0 col en V<br \/>\n\u00c9cussons en Harris Tweed<br \/>\nD\u00e9tail distinctif de la ligne de tramway tricot\u00e9e<\/p>\n<p>Poids 0,9 kg<br \/>\nCouleur vert mousse<br \/>\nTailles XS, S, M, L, XL, 2XL, 3XL<\/p>","protected":false},"excerpt":{"rendered":"<p>Pull \u00e0 col en V avec empi\u00e8cements en Harris Tweed bleu marine.<\/p>\n<p>Ce pull mi-lourd en pure laine, au motif classique de chasse, poss\u00e8de toutes les qualit\u00e9s attendues. Associ\u00e9 \u00e0 de la pure laine vierge britannique 100%, il offre un aspect et un toucher plus robustes.<\/p>","protected":false},"featured_media":541463,"template":"","meta":[],"product_brand":[],"product_cat":[470,1189,486,1188,84,1124,442,487],"product_tag":[],"class_list":{"0":"post-541415","1":"product","2":"type-product","3":"status-publish","4":"has-post-thumbnail","6":"product_cat-pull-over","7":"product_cat-pullover-mit-harris-tweed","8":"product_cat-pullover-und-westen","9":"product_cat-pullovers-met-harris-tweed-details","10":"product_cat-truien-en-pullovers","11":"product_cat-truien-met-harris-tweed-details","12":"product_cat-wollen-truien","13":"product_cat-wollpullover","14":"pa_merk-niffi-ecosse-harris-tweed","16":"first","17":"instock","18":"taxable","19":"shipping-taxable","20":"purchasable","21":"product-type-variable"},"df_price":139.95,"df_sale_price":"","df_regular_price":139.95,"df_image_link":"https:\/\/harristweed-shop.be\/wp-content\/uploads\/2025\/11\/659cb7d03e99bedc4655fead79423e49_Vee_neck_sweater_with_Harris_Tweed_patches_Navy-225x300.jpeg","_links":{"self":[{"href":"https:\/\/harristweed-shop.be\/fr\/wp-json\/wp\/v2\/product\/541415","targetHints":{"allow":["GET"]}}],"collection":[{"href":"https:\/\/harristweed-shop.be\/fr\/wp-json\/wp\/v2\/product"}],"about":[{"href":"https:\/\/harristweed-shop.be\/fr\/wp-json\/wp\/v2\/types\/product"}],"wp:featuredmedia":[{"embeddable":true,"href":"https:\/\/harristweed-shop.be\/fr\/wp-json\/wp\/v2\/media\/541463"}],"wp:attachment":[{"href":"https:\/\/harristweed-shop.be\/fr\/wp-json\/wp\/v2\/media?parent=541415"}],"wp:term":[{"taxonomy":"product_brand","embeddable":true,"href":"https:\/\/harristweed-shop.be\/fr\/wp-json\/wp\/v2\/product_brand?post=541415"},{"taxonomy":"product_cat","embeddable":true,"href":"https:\/\/harristweed-shop.be\/fr\/wp-json\/wp\/v2\/product_cat?post=541415"},{"taxonomy":"product_tag","embeddable":true,"href":"https:\/\/harristweed-shop.be\/fr\/wp-json\/wp\/v2\/product_tag?post=541415"}],"curies":[{"name":"wp","href":"https:\/\/api.w.org\/{rel}","templated":true}]}}