{"id":541375,"date":"2025-11-08T13:37:13","date_gmt":"2025-11-08T13:37:13","guid":{"rendered":"https:\/\/harristweed-shop.be\/product\/harris-tweed-vestje-tailor-in-check-of-island\/"},"modified":"2026-03-11T12:04:25","modified_gmt":"2026-03-11T12:04:25","slug":"harris-tweed-vestje-tailor-in-check-of-island","status":"publish","type":"product","link":"https:\/\/harristweed-shop.be\/fr\/produit\/gilet-en-tweed-harris-tailor-a-carreaux-de-lile\/","title":{"rendered":"Gilet en tweed Harris Tailor In Check Of Island"},"content":{"rendered":"<p>Gilet \u00ab\u00a0Tailor\u00a0\u00bb pour homme\u00a0: la tradition \u00e9l\u00e9gante \u00e0 son meilleur<\/p>\n<p>Le gilet \u00ab Tailor \u00bb, fabriqu\u00e9 en v\u00e9ritable Harris Tweed 100%, tiss\u00e9 \u00e0 la main dans les H\u00e9brides ext\u00e9rieures \u00e9cossaises, repr\u00e9sente un savoir-faire in\u00e9gal\u00e9 et un confort supr\u00eame.<\/p>\n<p>Avec sa coupe ajust\u00e9e et ajust\u00e9e, ce gilet classique \u00e0 5 boutons est dot\u00e9 de deux poches fendues, d&#039;une poche int\u00e9rieure pratique et d&#039;un dos en taffetas raffin\u00e9. Une boucle r\u00e9glable au dos permet un ajustement personnalis\u00e9, pour une tenue parfaite en toute occasion.<\/p>\n<p>Con\u00e7u \u00e0 l&#039;origine comme un compl\u00e9ment \u00e9l\u00e9gant au blazer, le \u00ab\u00a0Tailor\u00a0\u00bb se porte d\u00e9sormais seul\u00a0: port\u00e9 sur une chemise ou un col roul\u00e9 et associ\u00e9 \u00e0 un jean, il apporte une touche raffin\u00e9e et d\u00e9contract\u00e9e \u00e0 tous les looks. Une v\u00e9ritable d\u00e9claration pour les hommes qui appr\u00e9cient le style, la qualit\u00e9 et la tradition.<\/p>\n<p>\u2013 Une poche int\u00e9rieure<br \/>\u2013 Harris Tweed \u2013 tiss\u00e9 \u00e0 la main en \u00c9cosse<br \/>- L\u00e9g\u00e8rement ajust\u00e9<br \/>\u2013 Dos en taffetas<br \/>\u2013 L\u00e8vre r\u00e9glable \u00e0 l\u2019arri\u00e8re<br \/>\u2013 Deux poches lat\u00e9rales<\/p>\n<p>Mensurations du mod\u00e8le : Le mannequin mesure 184 cm et porte une taille 50.<br \/>Coupe : Gilet moderne et ajust\u00e9 avec une sangle r\u00e9glable \u00e0 l&#039;arri\u00e8re pour un ajustement personnalis\u00e9.<br \/>Mesures : Pour la taille 50 les mesures sont : Longueur dos : 61 cm \u2013 Demi-tour de taille : 53 cm \u2013 Demi-tour de poitrine : 55 cm<\/p>\n<p>Tissu ext\u00e9rieur : laine vierge 100%<br \/>Doublure : + Dos : 55% polyester, 45% viscose<\/p>","protected":false},"excerpt":{"rendered":"<p>Gilet en tweed Harris Tailor In Check Of Island 655. <\/p>\n<p>Le gilet \u00ab Tailor \u00bb, fabriqu\u00e9 en v\u00e9ritable Harris Tweed 100%, tiss\u00e9 \u00e0 la main dans les H\u00e9brides ext\u00e9rieures \u00e9cossaises, repr\u00e9sente un savoir-faire in\u00e9gal\u00e9 et un confort supr\u00eame.<\/p>","protected":false},"featured_media":541387,"template":"","meta":[],"product_brand":[],"product_cat":[1088,1156,510,1078,512,88,511],"product_tag":[],"class_list":{"0":"post-541375","1":"product","2":"type-product","3":"status-publish","4":"has-post-thumbnail","6":"product_cat-harris-tweed-vestjes-en-gilets-heren","7":"product_cat-harris-tweed-westen-und-gilets-herren","8":"product_cat-heren-vestjes","9":"product_cat-heren-vestjes-harris-tweed","10":"product_cat-herren-westen-und-gilets","11":"product_cat-vestjes-en-gilets","12":"product_cat-westen-und-gilets","13":"pa_merk-harristweed","15":"first","16":"instock","17":"taxable","18":"shipping-taxable","19":"purchasable","20":"product-type-variable"},"df_price":159.95,"df_sale_price":"","df_regular_price":159.95,"df_image_link":"https:\/\/harristweed-shop.be\/wp-content\/uploads\/2025\/11\/9b40ac241e37d728081ba3cf5570ad57_Harris_Tweed_Vestje_655_1-225x300.jpeg","_links":{"self":[{"href":"https:\/\/harristweed-shop.be\/fr\/wp-json\/wp\/v2\/product\/541375","targetHints":{"allow":["GET"]}}],"collection":[{"href":"https:\/\/harristweed-shop.be\/fr\/wp-json\/wp\/v2\/product"}],"about":[{"href":"https:\/\/harristweed-shop.be\/fr\/wp-json\/wp\/v2\/types\/product"}],"wp:featuredmedia":[{"embeddable":true,"href":"https:\/\/harristweed-shop.be\/fr\/wp-json\/wp\/v2\/media\/541387"}],"wp:attachment":[{"href":"https:\/\/harristweed-shop.be\/fr\/wp-json\/wp\/v2\/media?parent=541375"}],"wp:term":[{"taxonomy":"product_brand","embeddable":true,"href":"https:\/\/harristweed-shop.be\/fr\/wp-json\/wp\/v2\/product_brand?post=541375"},{"taxonomy":"product_cat","embeddable":true,"href":"https:\/\/harristweed-shop.be\/fr\/wp-json\/wp\/v2\/product_cat?post=541375"},{"taxonomy":"product_tag","embeddable":true,"href":"https:\/\/harristweed-shop.be\/fr\/wp-json\/wp\/v2\/product_tag?post=541375"}],"curies":[{"name":"wp","href":"https:\/\/api.w.org\/{rel}","templated":true}]}}