{"id":541309,"date":"2025-10-30T14:35:24","date_gmt":"2025-10-30T14:35:24","guid":{"rendered":"https:\/\/harristweed-shop.be\/product\/harris-tweed-dames-rok-in-highland-check\/"},"modified":"2026-04-21T13:10:16","modified_gmt":"2026-04-21T13:10:16","slug":"harris-tweed-dames-rok-in-highland-check","status":"publish","type":"product","link":"https:\/\/harristweed-shop.be\/fr\/produit\/jupe-femme-en-tweed-harris-a-carreaux-highland\/","title":{"rendered":"Jupe pour femme en tweed Harris \u00e0 carreaux Highland"},"content":{"rendered":"<p>Jupe crayon femme en tweed Harris 100% \u2013 Le chic f\u00e9minin rencontre l&#039;artisanat \u00e9cossais<\/p>\n<p>Rehaussez votre style avec cette jupe crayon classique pour femme, confectionn\u00e9e en v\u00e9ritable Harris Tweed, l&#039;un des tissus les plus raffin\u00e9s et authentiques au monde. Fabriqu\u00e9 \u00e0 partir de pure laine vierge 100%, tiss\u00e9e \u00e0 la main dans les H\u00e9brides ext\u00e9rieures \u00e9cossaises, cette \u00e9toffe incarne un savoir-faire authentique, l&#039;histoire culturelle britannique et une tradition plus que centenaire. Le Harris Tweed s\u00e9duit non seulement par son \u00e9l\u00e9gance, mais aussi par ses propri\u00e9t\u00e9s fonctionnelles\u00a0: respirant, thermor\u00e9gulateur et d&#039;une r\u00e9sistance exceptionnelle, il est id\u00e9al en toute saison.<\/p>\n<p>Cette jupe crayon en pure laine vierge pr\u00e9sente une coupe droite et l\u00e9g\u00e8rement cintr\u00e9e qui met \u00e9l\u00e9gamment en valeur la silhouette f\u00e9minine et cr\u00e9e une allure \u00e0 la fois classique et moderne. Une fermeture \u00e9clair invisible au dos facilite l&#039;enfilage et le retrait et assure un ajustement parfait. Une fente au dos offre une grande libert\u00e9 de mouvement et compl\u00e8te \u00e9l\u00e9gamment le mod\u00e8le.<\/p>\n<p>Que ce soit pour le bureau, les f\u00eates ou simplement pour le quotidien, cette jupe en tweed de haute qualit\u00e9 est un v\u00e9ritable mod\u00e8le polyvalent et le choix parfait pour les femmes qui appr\u00e9cient la mode durable, l&#039;excellente qualit\u00e9 de fabrication et un style intemporel.<\/p>\n<p>\u2013 Course fractionn\u00e9e<br \/>- Enti\u00e8rement doubl\u00e9<br \/>\u2013 Harris Tweed \u2013 tiss\u00e9 \u00e0 la main en \u00c9cosse<br \/>\u2013 Fermeture \u00e9clair invisible<\/p>\n<p>Mensurations du mannequin\u00a0: Sur cette photo, le mannequin mesure 176\u00a0cm et porte une taille\u00a038.<br \/>Coupe : La jupe a une coupe pr\u00e8s du corps.<br \/>Mesures du produit\u00a0: Pour la taille 36, les mesures sont les suivantes\u00a0: demi-tour de taille\u00a0: 37,5\u00a0cm \u2013 demi-tour de hanches\u00a0: 49,9\u00a0cm \u2013 longueur totale avec ceinture\u00a0: 55\u00a0cm<\/p>\n<p>Tissu ext\u00e9rieur : laine vierge 100%<br \/>Doublure : 55% polyester, 45% viscose<\/p>","protected":false},"excerpt":{"rendered":"<p> Jupe pour femme en tweed Harris \u00e0 carreaux Highland 682. <\/p>\n<p>Rehaussez votre style avec cette jupe crayon classique pour femme, confectionn\u00e9e en v\u00e9ritable Harris Tweed, l&#039;un des tissus les plus raffin\u00e9s et authentiques au monde. Tiss\u00e9 \u00e0 la main en pure laine vierge 100% dans les H\u00e9brides ext\u00e9rieures \u00e9cossaises, ce tissu incarne un savoir-faire authentique, l&#039;histoire culturelle britannique et une tradition plus que centenaire.<\/p>","protected":false},"featured_media":541310,"template":"","meta":[],"product_brand":[],"product_cat":[1144,597,595],"product_tag":[],"class_list":{"0":"post-541309","1":"product","2":"type-product","3":"status-publish","4":"has-post-thumbnail","6":"product_cat-harris-tweed-rokjes","7":"product_cat-rocke","8":"product_cat-rokken","9":"pa_merk-wellington","11":"first","12":"instock","13":"taxable","14":"shipping-taxable","15":"purchasable","16":"product-type-variable"},"df_price":179.95,"df_sale_price":"","df_regular_price":179.95,"df_image_link":"https:\/\/harristweed-shop.be\/wp-content\/uploads\/2025\/10\/84df1e5ca0b7bf77ab543341bdd7bc0e_Wellington_Harris_Tweed_Dames_Rok_682-225x300.jpeg","_links":{"self":[{"href":"https:\/\/harristweed-shop.be\/fr\/wp-json\/wp\/v2\/product\/541309","targetHints":{"allow":["GET"]}}],"collection":[{"href":"https:\/\/harristweed-shop.be\/fr\/wp-json\/wp\/v2\/product"}],"about":[{"href":"https:\/\/harristweed-shop.be\/fr\/wp-json\/wp\/v2\/types\/product"}],"wp:featuredmedia":[{"embeddable":true,"href":"https:\/\/harristweed-shop.be\/fr\/wp-json\/wp\/v2\/media\/541310"}],"wp:attachment":[{"href":"https:\/\/harristweed-shop.be\/fr\/wp-json\/wp\/v2\/media?parent=541309"}],"wp:term":[{"taxonomy":"product_brand","embeddable":true,"href":"https:\/\/harristweed-shop.be\/fr\/wp-json\/wp\/v2\/product_brand?post=541309"},{"taxonomy":"product_cat","embeddable":true,"href":"https:\/\/harristweed-shop.be\/fr\/wp-json\/wp\/v2\/product_cat?post=541309"},{"taxonomy":"product_tag","embeddable":true,"href":"https:\/\/harristweed-shop.be\/fr\/wp-json\/wp\/v2\/product_tag?post=541309"}],"curies":[{"name":"wp","href":"https:\/\/api.w.org\/{rel}","templated":true}]}}