{"id":541250,"date":"2025-10-29T15:52:18","date_gmt":"2025-10-29T15:52:18","guid":{"rendered":"https:\/\/harristweed-shop.be\/product\/france-1906-rugby-shirt-navy-navy\/"},"modified":"2026-05-05T03:35:38","modified_gmt":"2026-05-05T03:35:38","slug":"france-1906-rugby-shirt-navy-navy","status":"publish","type":"product","link":"https:\/\/harristweed-shop.be\/fr\/produit\/france-1906-maillot-de-rugby-bleu-marine\/","title":{"rendered":"Maillot de rugby France 1906 \u2013 Bleu marine"},"content":{"rendered":"<p>Le polo de rugby vintage de la Marine nationale fran\u00e7aise est confectionn\u00e9 en coton \u00e9pais \u00e0 grain flamm\u00e9, ce qui lui conf\u00e8re une finition \u00e0 la fois r\u00e9sistante, douce et confortable.<\/p>\n<p>Cette authentique chemise \u2018 old school \u2019 associe des teintures vintage \u00e0 un d\u00e9lavage vieilli pour un aspect et un toucher authentiques et patin\u00e9s.<\/p>","protected":false},"excerpt":{"rendered":"<p>Maillot de rugby France 1906 \u2013 Bleu marine.<\/p>\n<p>Le polo de rugby vintage de la Marine fran\u00e7aise est confectionn\u00e9 en coton \u00e9pais \u00e0 grain flamm\u00e9, ce qui le rend \u00e0 la fois r\u00e9sistant, doux et confortable.<\/p>\n<p>Cette chemise \u00ab old school \u00bb h\u00e9ritage combine des teintures de couleurs vintage avec un d\u00e9lavage vieilli pour produire un aspect et une sensation joliment us\u00e9s.<\/p>","protected":false},"featured_media":541259,"template":"","meta":[],"product_brand":[],"product_cat":[395,965,397,556,394,955,569,396,555],"product_tag":[],"class_list":{"0":"post-541250","1":"product","2":"type-product","3":"status-publish","4":"has-post-thumbnail","6":"product_cat-black-and-blue-1871","7":"product_cat-france-shop-by-country-club","8":"product_cat-international","9":"product_cat-international-vintage-rugby-shirts","10":"product_cat-rugby-shirts-2","11":"product_cat-shop-by-country-club","12":"product_cat-six-nations-vintage-rugby-shirts","13":"product_cat-six-nations","14":"product_cat-vintage-rugby-shirts","15":"pa_merk-blackandblue1871","17":"first","18":"instock","19":"taxable","20":"shipping-taxable","21":"purchasable","22":"product-type-variable"},"df_price":135.95,"df_sale_price":"","df_regular_price":135.95,"df_image_link":"https:\/\/harristweed-shop.be\/wp-content\/uploads\/2025\/10\/875cb62b1bfaa2a1b4c2cb6403c9e125_France_1906_Rugby_Shirt___Navy_navy-300x300.jpeg","_links":{"self":[{"href":"https:\/\/harristweed-shop.be\/fr\/wp-json\/wp\/v2\/product\/541250","targetHints":{"allow":["GET"]}}],"collection":[{"href":"https:\/\/harristweed-shop.be\/fr\/wp-json\/wp\/v2\/product"}],"about":[{"href":"https:\/\/harristweed-shop.be\/fr\/wp-json\/wp\/v2\/types\/product"}],"wp:featuredmedia":[{"embeddable":true,"href":"https:\/\/harristweed-shop.be\/fr\/wp-json\/wp\/v2\/media\/541259"}],"wp:attachment":[{"href":"https:\/\/harristweed-shop.be\/fr\/wp-json\/wp\/v2\/media?parent=541250"}],"wp:term":[{"taxonomy":"product_brand","embeddable":true,"href":"https:\/\/harristweed-shop.be\/fr\/wp-json\/wp\/v2\/product_brand?post=541250"},{"taxonomy":"product_cat","embeddable":true,"href":"https:\/\/harristweed-shop.be\/fr\/wp-json\/wp\/v2\/product_cat?post=541250"},{"taxonomy":"product_tag","embeddable":true,"href":"https:\/\/harristweed-shop.be\/fr\/wp-json\/wp\/v2\/product_tag?post=541250"}],"curies":[{"name":"wp","href":"https:\/\/api.w.org\/{rel}","templated":true}]}}