{"id":541177,"date":"2025-10-24T10:12:19","date_gmt":"2025-10-24T10:12:19","guid":{"rendered":"https:\/\/harristweed-shop.be\/product\/harris-tweed-baseball-jacket-joe-navy-herringbone\/"},"modified":"2026-05-05T03:35:38","modified_gmt":"2026-05-05T03:35:38","slug":"harris-tweed-baseball-jacket-joe-navy-herringbone","status":"publish","type":"product","link":"https:\/\/harristweed-shop.be\/fr\/produit\/veste-de-baseball-en-tweed-harris-joe-bleu-marine-a-chevrons\/","title":{"rendered":"Veste de baseball en tweed Harris Joe, bleu marine \u00e0 chevrons"},"content":{"rendered":"<p>Inspir\u00e9e du style vintage et dot\u00e9e d&#039;un design moderne, la veste de baseball Joe revisite le tweed classique avec une touche d\u00e9contract\u00e9e.<\/p>\n<p>\u2013 Tweed Harris bleu marine \u00e0 motif chevrons<br \/>\u2013 Tiss\u00e9 \u00e0 la main en pure laine 100%<br \/>\u2013 Coupe d\u00e9contract\u00e9e<br \/>\u2013 Col, poignets et ourlet \u00e9lastiques.<br \/>\u2013 Fermeture \u00e9clair<br \/>\u2013 Poche poitrine zipp\u00e9e<br \/>\u2013 Doublure grise \u00e0 motifs cachemire<\/p>","protected":false},"excerpt":{"rendered":"<p>Veste de baseball Harris Tweed Joe, chevrons bleu marine.<\/p>\n<p>\u2013 Harris Tweed \u2013 Laine 100%<br \/>\n\u2013 Doublure : ac\u00e9tate 50%\/viscose 50%<br \/>\n\u2013 Le v\u00eatement comporte une \u00e9tiquette indiquant qu&#039;il s&#039;agit de v\u00e9ritable Harris Tweed<br \/>\nNettoyage \u00e0 sec uniquement<\/p>","protected":false},"featured_media":541184,"template":"","meta":[],"product_brand":[],"product_cat":[1087,1157,530,87,482,531],"product_tag":[],"class_list":{"0":"post-541177","1":"product","2":"type-product","3":"status-publish","4":"has-post-thumbnail","6":"product_cat-harris-tweed-jassen-en-jacks-heren","7":"product_cat-harris-tweed-mantel-und-jacken-fur-herren","8":"product_cat-heren-jassen-en-jacks","9":"product_cat-jassen-en-jacks","10":"product_cat-mantel-und-jacken","11":"product_cat-mantel-und-jacken-fur-herren","12":"pa_merk-bucktrout","14":"first","15":"instock","16":"taxable","17":"shipping-taxable","18":"purchasable","19":"product-type-variable"},"df_price":449.95,"df_sale_price":"","df_regular_price":449.95,"df_image_link":"https:\/\/harristweed-shop.be\/wp-content\/uploads\/2025\/10\/21f026e6ec789f8c057f7d8c0ee71d1b_Harris_Tweed_Baseball_Jacket_Joe__Navy_Herringbone-225x300.jpeg","_links":{"self":[{"href":"https:\/\/harristweed-shop.be\/fr\/wp-json\/wp\/v2\/product\/541177","targetHints":{"allow":["GET"]}}],"collection":[{"href":"https:\/\/harristweed-shop.be\/fr\/wp-json\/wp\/v2\/product"}],"about":[{"href":"https:\/\/harristweed-shop.be\/fr\/wp-json\/wp\/v2\/types\/product"}],"wp:featuredmedia":[{"embeddable":true,"href":"https:\/\/harristweed-shop.be\/fr\/wp-json\/wp\/v2\/media\/541184"}],"wp:attachment":[{"href":"https:\/\/harristweed-shop.be\/fr\/wp-json\/wp\/v2\/media?parent=541177"}],"wp:term":[{"taxonomy":"product_brand","embeddable":true,"href":"https:\/\/harristweed-shop.be\/fr\/wp-json\/wp\/v2\/product_brand?post=541177"},{"taxonomy":"product_cat","embeddable":true,"href":"https:\/\/harristweed-shop.be\/fr\/wp-json\/wp\/v2\/product_cat?post=541177"},{"taxonomy":"product_tag","embeddable":true,"href":"https:\/\/harristweed-shop.be\/fr\/wp-json\/wp\/v2\/product_tag?post=541177"}],"curies":[{"name":"wp","href":"https:\/\/api.w.org\/{rel}","templated":true}]}}