{"id":540807,"date":"2025-10-10T14:34:15","date_gmt":"2025-10-10T14:34:15","guid":{"rendered":"https:\/\/harristweed-shop.be\/product\/cardigan-lambswool-met-harris-tweed-details-navy\/"},"modified":"2026-04-16T15:06:52","modified_gmt":"2026-04-16T15:06:52","slug":"cardigan-lambswool-met-harris-tweed-details-navy","status":"publish","type":"product","link":"https:\/\/harristweed-shop.be\/fr\/produit\/cardigan-en-laine-dagneau-avec-details-en-tweed-harris-bleu-marine-2\/","title":{"rendered":"Gilet en m\u00e9rinos bleu marine avec d\u00e9tails en tweed Harris"},"content":{"rendered":"<p>D\u00e9couvrez le cardigan pour homme \u201c\u00a0The Cardigan\u00a0\u201d, confectionn\u00e9 dans une laine vierge d&#039;une qualit\u00e9 exceptionnelle, alliant style et confort \u00e0 la perfection. Un v\u00e9ritable plaisir pour la peau, la laine m\u00e9rinos \u00e9tant trois fois plus fine que la laine traditionnelle et parmi les mati\u00e8res les plus douces qui soient. Gr\u00e2ce \u00e0 ses excellentes propri\u00e9t\u00e9s isolantes contre le froid comme contre la chaleur, ce cardigan confortable, au fil subtilement chin\u00e9, est id\u00e9al en toute saison. Sa coupe classique tricot\u00e9e pr\u00e9sente des poignets, un ourlet et un col en V finement c\u00f4tel\u00e9s. Des d\u00e9tails soign\u00e9s, tels que les poches tricot\u00e9es, les boutons effet corne et les coudi\u00e8res en v\u00e9ritable Harris Tweed, rehaussent son style champ\u00eatre authentique et \u00e9l\u00e9gant. Port\u00e9 sous un blazer pour une allure professionnelle raffin\u00e9e ou d\u00e9contract\u00e9 sur une chemise, ce cardigan est un indispensable intemporel. Un v\u00e9ritable must-have pour toute garde-robe masculine, il s\u00e9duit par son confort exceptionnel et sa confection soign\u00e9e. D\u00e9couvrez l&#039;alliance parfaite de la tradition et du luxe avec Wellington of Bilmore.<\/p>\n<p>\u2013 Empi\u00e8cements de manches en v\u00e9ritable Harris Tweed<br \/>\u2013 Stabilit\u00e9 dimensionnelle<br \/>\u2013 Respirant<br \/>- Polyvalent et facile \u00e0 combiner<br \/>\u2013 Design intemporel<\/p>\n<p>Mensurations du mannequin\u00a0: Le mannequin mesure 184\u00a0cm et porte une taille L.<br \/>Coupe : droite, coupe classique<\/p>\n<p>Tissu ext\u00e9rieur : laine d&#039;agneau m\u00e9rinos 100%<\/p>","protected":false},"excerpt":{"rendered":"<p>Gilet en m\u00e9rinos. Le gilet avec d\u00e9tails en tweed Harris bleu marine 10.<\/p>\n<p>D\u00e9couvrez le cardigan pour homme \u201c\u00a0The Cardigan\u00a0\u201d, confectionn\u00e9 dans une laine vierge d&#039;une qualit\u00e9 exceptionnelle, un parfait \u00e9quilibre entre style et confort. Un v\u00e9ritable plaisir pour la peau\u00a0: la laine m\u00e9rinos est trois fois plus fine que la laine traditionnelle et compte parmi les mati\u00e8res les plus douces qui soient.<\/p>","protected":false},"featured_media":540815,"template":"","meta":[],"product_brand":[],"product_cat":[470,1189,486,1188,84,1124,1126,442,487],"product_tag":[],"class_list":{"0":"post-540807","1":"product","2":"type-product","3":"status-publish","4":"has-post-thumbnail","6":"product_cat-pull-over","7":"product_cat-pullover-mit-harris-tweed","8":"product_cat-pullover-und-westen","9":"product_cat-pullovers-met-harris-tweed-details","10":"product_cat-truien-en-pullovers","11":"product_cat-truien-met-harris-tweed-details","12":"product_cat-vesten-met-harris-tweed-details","13":"product_cat-wollen-truien","14":"product_cat-wollpullover","15":"pa_merk-wellington","17":"first","18":"instock","19":"taxable","20":"shipping-taxable","21":"purchasable","22":"product-type-variable"},"df_price":129.95,"df_sale_price":"","df_regular_price":129.95,"df_image_link":"https:\/\/harristweed-shop.be\/wp-content\/uploads\/2025\/10\/5dde52367a27c72d127b983149be65ec_Cardigan_lambswool_met_Harris_Tweed_details_Navy-225x300.jpeg","_links":{"self":[{"href":"https:\/\/harristweed-shop.be\/fr\/wp-json\/wp\/v2\/product\/540807","targetHints":{"allow":["GET"]}}],"collection":[{"href":"https:\/\/harristweed-shop.be\/fr\/wp-json\/wp\/v2\/product"}],"about":[{"href":"https:\/\/harristweed-shop.be\/fr\/wp-json\/wp\/v2\/types\/product"}],"wp:featuredmedia":[{"embeddable":true,"href":"https:\/\/harristweed-shop.be\/fr\/wp-json\/wp\/v2\/media\/540815"}],"wp:attachment":[{"href":"https:\/\/harristweed-shop.be\/fr\/wp-json\/wp\/v2\/media?parent=540807"}],"wp:term":[{"taxonomy":"product_brand","embeddable":true,"href":"https:\/\/harristweed-shop.be\/fr\/wp-json\/wp\/v2\/product_brand?post=540807"},{"taxonomy":"product_cat","embeddable":true,"href":"https:\/\/harristweed-shop.be\/fr\/wp-json\/wp\/v2\/product_cat?post=540807"},{"taxonomy":"product_tag","embeddable":true,"href":"https:\/\/harristweed-shop.be\/fr\/wp-json\/wp\/v2\/product_tag?post=540807"}],"curies":[{"name":"wp","href":"https:\/\/api.w.org\/{rel}","templated":true}]}}