{"id":540598,"date":"2025-09-30T15:57:20","date_gmt":"2025-09-30T15:57:20","guid":{"rendered":"https:\/\/harristweed-shop.be\/product\/viyella-sports-shirt-jacket-blackwatch-tartan\/"},"modified":"2026-05-05T03:39:04","modified_gmt":"2026-05-05T03:39:04","slug":"viyella-sports-shirt-jacket-blackwatch-tartan","status":"publish","type":"product","link":"https:\/\/harristweed-shop.be\/fr\/produit\/veste-chemise-de-sport-viyella-tartan-blackwatch\/","title":{"rendered":"Veste chemise de sport Viyella Tartan Blackwatch"},"content":{"rendered":"<p>Tissu \u2013 Tissu ultra doux et bross\u00e9 des deux c\u00f4t\u00e9s pour un toucher velout\u00e9.<br \/>\nCon\u00e7ue pour offrir chaleur et l\u00e9g\u00e8ret\u00e9 par rapport aux vestes ajust\u00e9es classiques, sa construction a\u00e9r\u00e9e isole sans ajouter de poids, pour un confort optimal.<br \/>\nStyle \u2013 Deux styles, un style d\u00e9structur\u00e9 pour la libert\u00e9 de mouvement.<br \/>\nPeut \u00eatre port\u00e9 sur une chemise, comme une veste, au lieu d&#039;un haut.<br \/>\nLavable en machine.<br \/>\nTissu con\u00e7u pour fournir de la chaleur sans ajouter de poids.<br \/>\nL&#039;avant et l&#039;arri\u00e8re du tissu sont bross\u00e9s pour plus de douceur et de confort.<br \/>\nDisponible dans les tailles M, L, XL, XXL<br \/>\nCoton 100%<\/p>","protected":false},"excerpt":{"rendered":"<p>Veste chemise de sport Viyella Blackwatch Tartan.<\/p>\n<p>Con\u00e7ue pour offrir chaleur et l\u00e9g\u00e8ret\u00e9 par rapport aux vestes ajust\u00e9es classiques, sa construction a\u00e9r\u00e9e isole sans ajouter de poids, pour un confort optimal.<\/p>","protected":false},"featured_media":540605,"template":"","meta":[],"product_brand":[],"product_cat":[304,533,86,506,1025],"product_tag":[],"class_list":{"0":"post-540598","1":"product","2":"type-product","3":"status-publish","4":"has-post-thumbnail","6":"product_cat-flanel-shirts","7":"product_cat-flanellhemden","8":"product_cat-shirts-en-overhemden","9":"product_cat-shirts-und-hemden","10":"product_cat-viyella","11":"pa_merk-viyella","13":"first","14":"instock","15":"taxable","16":"shipping-taxable","17":"purchasable","18":"product-type-variable"},"df_price":129.95,"df_sale_price":"","df_regular_price":129.95,"df_image_link":"https:\/\/harristweed-shop.be\/wp-content\/uploads\/2025\/09\/2272aa5154568de61adccc29487def16_Viyella_Sports_Shirt_Jacket_Blackwatch_Tartan-225x300.jpeg","_links":{"self":[{"href":"https:\/\/harristweed-shop.be\/fr\/wp-json\/wp\/v2\/product\/540598","targetHints":{"allow":["GET"]}}],"collection":[{"href":"https:\/\/harristweed-shop.be\/fr\/wp-json\/wp\/v2\/product"}],"about":[{"href":"https:\/\/harristweed-shop.be\/fr\/wp-json\/wp\/v2\/types\/product"}],"wp:featuredmedia":[{"embeddable":true,"href":"https:\/\/harristweed-shop.be\/fr\/wp-json\/wp\/v2\/media\/540605"}],"wp:attachment":[{"href":"https:\/\/harristweed-shop.be\/fr\/wp-json\/wp\/v2\/media?parent=540598"}],"wp:term":[{"taxonomy":"product_brand","embeddable":true,"href":"https:\/\/harristweed-shop.be\/fr\/wp-json\/wp\/v2\/product_brand?post=540598"},{"taxonomy":"product_cat","embeddable":true,"href":"https:\/\/harristweed-shop.be\/fr\/wp-json\/wp\/v2\/product_cat?post=540598"},{"taxonomy":"product_tag","embeddable":true,"href":"https:\/\/harristweed-shop.be\/fr\/wp-json\/wp\/v2\/product_tag?post=540598"}],"curies":[{"name":"wp","href":"https:\/\/api.w.org\/{rel}","templated":true}]}}