{"id":540589,"date":"2025-09-30T15:57:15","date_gmt":"2025-09-30T15:57:15","guid":{"rendered":"https:\/\/harristweed-shop.be\/product\/viyella-shirt-tattersall-check-green\/"},"modified":"2026-05-05T03:39:04","modified_gmt":"2026-05-05T03:39:04","slug":"viyella-shirt-tattersall-check-green","status":"publish","type":"product","link":"https:\/\/harristweed-shop.be\/fr\/produit\/chemise-viyella-a-carreaux-verts\/","title":{"rendered":"Chemise Viyella, carreaux Tattersall verts"},"content":{"rendered":"<p>Notes d&#039;assortiment<\/p>\n<p>\u2013 Poignet r\u00e9glable avec 2 boutons<br \/>\u2013 Poche poitrine<br \/>\u2013 Col classique<br \/>\u2013 Coupe classique<br \/>\u2013 M\u00e9lange sp\u00e9cial de coton et de laine m\u00e9rinos<\/p>\n<p>Luxueuse, raffin\u00e9e mais pratique : votre chemise Viyella est chaude mais respirante.<\/p>\n<p>La couleur vibrante et la douceur du tissu sont le fruit d&#039;un proc\u00e9d\u00e9 perfectionn\u00e9 au cours d&#039;un si\u00e8cle d&#039;\u00e9volution. Ce proc\u00e9d\u00e9 associe un m\u00e9lange intime de coton \u00e0 fibres longues 80% et de laine m\u00e9rinos 20%. Ce m\u00e9lange parfait de ces deux fibres cr\u00e9e un fil qui conf\u00e8re au tissu Viyella sa r\u00e9sistance, sa profondeur de couleur unique et sa douceur qui s&#039;am\u00e9liore avec le temps, lui permettant de devenir votre chemise pr\u00e9f\u00e9r\u00e9e.<\/p>\n<p>Viyella a \u00e9t\u00e9 la premi\u00e8re substance de marque au monde, la premi\u00e8re \u00e0 \u00eatre enregistr\u00e9e en tant que marque en 1894. Elle reste aussi populaire aujourd&#039;hui qu&#039;elle l&#039;\u00e9tait alors.<\/p>\n<p>Les chemises Viyella Classic Fit pr\u00e9sentent une coupe plus d\u00e9contract\u00e9e, des c\u00f4t\u00e9s plus droits et un pli lat\u00e9ral en bas du dos pour une plus grande libert\u00e9 de mouvement au niveau des \u00e9paules. Elles pr\u00e9sentent des manches et des ourlets de longueur traditionnelle, ainsi qu&#039;une patte de boutonnage et une poche poitrine.<\/p>","protected":false},"excerpt":{"rendered":"<p>Chemise Viyella, motif \u00e0 carreaux Tattersall vert.<\/p>\n<p>La couleur vibrante et la douceur du tissu sont le r\u00e9sultat d\u2019un processus perfectionn\u00e9 au cours de cent ans d\u2019\u00e9volution.<\/p>","protected":false},"featured_media":540596,"template":"","meta":[],"product_brand":[],"product_cat":[304,533,86,506,1025],"product_tag":[],"class_list":{"0":"post-540589","1":"product","2":"type-product","3":"status-publish","4":"has-post-thumbnail","6":"product_cat-flanel-shirts","7":"product_cat-flanellhemden","8":"product_cat-shirts-en-overhemden","9":"product_cat-shirts-und-hemden","10":"product_cat-viyella","11":"pa_merk-viyella","13":"first","14":"instock","15":"taxable","16":"shipping-taxable","17":"purchasable","18":"product-type-variable"},"df_price":129.95,"df_sale_price":"","df_regular_price":129.95,"df_image_link":"https:\/\/harristweed-shop.be\/wp-content\/uploads\/2025\/09\/a386bf04b276450de09f3b04f9e88bdc_Viyella_Shirt__Tattersall_Check_Green-225x300.jpeg","_links":{"self":[{"href":"https:\/\/harristweed-shop.be\/fr\/wp-json\/wp\/v2\/product\/540589","targetHints":{"allow":["GET"]}}],"collection":[{"href":"https:\/\/harristweed-shop.be\/fr\/wp-json\/wp\/v2\/product"}],"about":[{"href":"https:\/\/harristweed-shop.be\/fr\/wp-json\/wp\/v2\/types\/product"}],"wp:featuredmedia":[{"embeddable":true,"href":"https:\/\/harristweed-shop.be\/fr\/wp-json\/wp\/v2\/media\/540596"}],"wp:attachment":[{"href":"https:\/\/harristweed-shop.be\/fr\/wp-json\/wp\/v2\/media?parent=540589"}],"wp:term":[{"taxonomy":"product_brand","embeddable":true,"href":"https:\/\/harristweed-shop.be\/fr\/wp-json\/wp\/v2\/product_brand?post=540589"},{"taxonomy":"product_cat","embeddable":true,"href":"https:\/\/harristweed-shop.be\/fr\/wp-json\/wp\/v2\/product_cat?post=540589"},{"taxonomy":"product_tag","embeddable":true,"href":"https:\/\/harristweed-shop.be\/fr\/wp-json\/wp\/v2\/product_tag?post=540589"}],"curies":[{"name":"wp","href":"https:\/\/api.w.org\/{rel}","templated":true}]}}