{"id":540579,"date":"2025-09-30T15:52:22","date_gmt":"2025-09-30T15:52:22","guid":{"rendered":"https:\/\/harristweed-shop.be\/product\/viyella-shirt-tattersall-plum-2\/"},"modified":"2026-05-05T03:39:04","modified_gmt":"2026-05-05T03:39:04","slug":"viyella-shirt-tattersall-plum-2","status":"publish","type":"product","link":"https:\/\/harristweed-shop.be\/fr\/produit\/chemise-viyella-tattersall-prune-2\/","title":{"rendered":"Chemise Viyella \u00e0 carreaux Tattersall prune et bleu, coupe classique"},"content":{"rendered":"<p>\u2013 Poignet r\u00e9glable avec 2 boutons<br \/>\u2013 Poche poitrine<br \/>\u2013 Col classique<br \/>\u2013 Coupe classique<br \/>\u2013 M\u00e9lange sp\u00e9cial de coton et de laine m\u00e9rinos<\/p>\n<p>Sublimez votre garde-robe avec la chemise \u00e0 carreaux Tattersall bleu prune Viyella 80\/20. Un essentiel intemporel qui allie savoir-faire classique et fonctionnalit\u00e9 au quotidien. Confectionn\u00e9e dans le m\u00e9lange signature de Viyella, compos\u00e9 de coton longues fibres 80% et de laine m\u00e9rinos 20%, cette chemise offre un \u00e9quilibre parfait entre douceur, chaleur, respirabilit\u00e9 et durabilit\u00e9, id\u00e9ale \u00e0 porter toute l&#039;ann\u00e9e.<\/p>\n<p>Le superbe motif \u00e0 carreaux tartan prune et bleu allie couleurs riches et style raffin\u00e9 pour un look \u00e0 la fois audacieux et classique. De plus, sa coupe classique offre une coupe ample au niveau du corps et des manches, pour un confort optimal tout au long de la journ\u00e9e. Un pli lat\u00e9ral \u00e0 l&#039;empi\u00e8cement offre une grande libert\u00e9 de mouvement, alliant fonctionnalit\u00e9 et libert\u00e9 de mouvement. Dot\u00e9e d&#039;une patte de boutonnage traditionnelle et d&#039;une poche poitrine, cette chemise affiche un look \u00e9pur\u00e9 et polyvalent. Parfaite \u00e0 porter seule ou en superposition astucieuse.<\/p>\n<p>De plus, Viyella est une marque riche d&#039;histoire, fi\u00e8re d&#039;\u00eatre reconnue comme le premier tissu de marque au monde et, en 1894, le premier \u00e0 \u00eatre d\u00e9pos\u00e9. Aujourd&#039;hui, cette chemise perp\u00e9tue cet h\u00e9ritage, alliant plus d&#039;un si\u00e8cle de savoir-faire textile \u00e0 une qualit\u00e9 moderne et un charme intemporel. \u00c0 mesure que le tissu s&#039;assouplit et gagne en caract\u00e8re avec le temps, il deviendra sans aucun doute un incontournable de votre garde-robe pour les ann\u00e9es \u00e0 venir.<\/p>\n<p>Pour plus de polyvalence et une touche de structure, d\u00e9couvrez la version \u00e0 col boutonn\u00e9 ici.<\/p>\n<p>D\u00e9couvrez le reste de nos chemises chaudes en coton Viyella 80\/20 en parcourant la collection compl\u00e8te ici \u2013 parfaites pour ajouter un style intemporel et du confort \u00e0 votre garde-robe.<\/p>","protected":false},"excerpt":{"rendered":"<p>Chemise Viyella \u00e0 carreaux Tattersall prune et bleu, coupe classique. <\/p>\n<p>Cette chemise offre l\u2019\u00e9quilibre parfait entre douceur, chaleur, respirabilit\u00e9 et durabilit\u00e9, id\u00e9ale pour \u00eatre port\u00e9e toute l\u2019ann\u00e9e.<\/p>","protected":false},"featured_media":540586,"template":"","meta":[],"product_brand":[],"product_cat":[304,533,86,506,1025],"product_tag":[],"class_list":{"0":"post-540579","1":"product","2":"type-product","3":"status-publish","4":"has-post-thumbnail","6":"product_cat-flanel-shirts","7":"product_cat-flanellhemden","8":"product_cat-shirts-en-overhemden","9":"product_cat-shirts-und-hemden","10":"product_cat-viyella","11":"pa_merk-viyella","13":"first","14":"instock","15":"taxable","16":"shipping-taxable","17":"purchasable","18":"product-type-variable"},"df_price":129.95,"df_sale_price":"","df_regular_price":129.95,"df_image_link":"https:\/\/harristweed-shop.be\/wp-content\/uploads\/2025\/09\/50b3b2bad9439e0e5eccabe17da344b3_Viyella_Shirt__Tattersall_Plum_1-225x300.jpeg","_links":{"self":[{"href":"https:\/\/harristweed-shop.be\/fr\/wp-json\/wp\/v2\/product\/540579","targetHints":{"allow":["GET"]}}],"collection":[{"href":"https:\/\/harristweed-shop.be\/fr\/wp-json\/wp\/v2\/product"}],"about":[{"href":"https:\/\/harristweed-shop.be\/fr\/wp-json\/wp\/v2\/types\/product"}],"wp:featuredmedia":[{"embeddable":true,"href":"https:\/\/harristweed-shop.be\/fr\/wp-json\/wp\/v2\/media\/540586"}],"wp:attachment":[{"href":"https:\/\/harristweed-shop.be\/fr\/wp-json\/wp\/v2\/media?parent=540579"}],"wp:term":[{"taxonomy":"product_brand","embeddable":true,"href":"https:\/\/harristweed-shop.be\/fr\/wp-json\/wp\/v2\/product_brand?post=540579"},{"taxonomy":"product_cat","embeddable":true,"href":"https:\/\/harristweed-shop.be\/fr\/wp-json\/wp\/v2\/product_cat?post=540579"},{"taxonomy":"product_tag","embeddable":true,"href":"https:\/\/harristweed-shop.be\/fr\/wp-json\/wp\/v2\/product_tag?post=540579"}],"curies":[{"name":"wp","href":"https:\/\/api.w.org\/{rel}","templated":true}]}}