{"id":540538,"date":"2025-09-30T10:34:17","date_gmt":"2025-09-30T10:34:17","guid":{"rendered":"https:\/\/harristweed-shop.be\/product\/harris-tweed-overjas-631-in-groen-blauwe-visgraat\/"},"modified":"2026-05-05T03:39:04","modified_gmt":"2026-05-05T03:39:04","slug":"harris-tweed-overjas-631-in-groen-blauwe-visgraat","status":"publish","type":"product","link":"https:\/\/harristweed-shop.be\/fr\/produit\/manteau-en-tweed-harris-631-a-chevrons-vert-bleu\/","title":{"rendered":"Manteau en tweed Harris Barney \u00e0 chevrons vert-bleu"},"content":{"rendered":"<p>Tradition et innovation se rencontrent dans cette veste en tweed pour homme, \u00ab Barney \u00bb, confectionn\u00e9e en v\u00e9ritable Harris Tweed. <\/p>\n<p>Un exemple parfait d&#039;un manteau en laine moderne avec un col \u00e0 revers, associ\u00e9 \u00e0 un tweed qui a fait ses preuves depuis des d\u00e9cennies. <\/p>\n<p>Cette veste pour homme convient aussi bien aux tenues professionnelles qu&#039;aux tenues de soir\u00e9e \u00e9l\u00e9gantes. Elle est dot\u00e9e d&#039;une fermeture boutonn\u00e9e sur le devant et de poches passepoil\u00e9es confortables. Une courte fente au dos assure une grande libert\u00e9 de mouvement. Les boutons en corne v\u00e9ritable cousus main et le logo grav\u00e9 apportent une touche d&#039;\u00e9l\u00e9gance. Cette veste en laine s\u00e9duit par sa qualit\u00e9 de fabrication et le souci du d\u00e9tail, comme en t\u00e9moignent le dessous de col \u00e0 bordure contrastante en feutre et la doublure soign\u00e9e. <\/p>\n<p>Un incontournable pour le gentleman \u00e9l\u00e9gant !<\/p>\n<p>\u2013 Zoom avec division<br \/>\u2013 Harris Tweed \u2013 tiss\u00e9 \u00e0 la main en \u00c9cosse<br \/>\u2013 Poche int\u00e9rieure avec bouton<br \/>\u2013 Poche int\u00e9rieure avec fermeture \u00e9clair<br \/>\u2013 \u00c9tiquette nominative<br \/>\u2013 Poches lat\u00e9rales<br \/>\u2013 Dessous de col en feutre de laine contrast\u00e9<\/p>\n<p>Mensurations du mod\u00e8le : Le mannequin mesure 189 cm et porte une taille 50.<br \/>Coupe : L\u00e9g\u00e8rement ajust\u00e9e.<br \/>Dimensions de l&#039;article : Les mesures pour la taille 50 sont : Demi-buste : 56 cm, Demi-taille : 53 cm, Largeur des \u00e9paules : 14 cm, Longueur des manches \u00e0 partir de la balle : 67 cm, Longueur du dos : 95 cm.<\/p>\n<p>Tissu ext\u00e9rieur : laine vierge 100%<br \/>Doublure : 60% viscose, 40% polyester<br \/>Doublure des manches : 60% viscose, 40% polyester<\/p>","protected":false},"excerpt":{"rendered":"<p>Manteau en tweed Harris Barney \u00e0 chevrons vert-bleu 631.<\/p>\n<p>Un exemple parfait d&#039;un manteau en laine moderne avec un col \u00e0 revers, associ\u00e9 \u00e0 un tweed qui a fait ses preuves depuis des d\u00e9cennies.<\/p>","protected":false},"featured_media":540566,"template":"","meta":[],"product_brand":[],"product_cat":[1212,1087,1157,1151,530,87,482,531],"product_tag":[],"class_list":{"0":"post-540538","1":"product","2":"type-product","3":"status-publish","4":"has-post-thumbnail","6":"product_cat-harris-tweed","7":"product_cat-harris-tweed-jassen-en-jacks-heren","8":"product_cat-harris-tweed-mantel-und-jacken-fur-herren","9":"product_cat-harris-tweed-overjassen-heren","10":"product_cat-heren-jassen-en-jacks","11":"product_cat-jassen-en-jacks","12":"product_cat-mantel-und-jacken","13":"product_cat-mantel-und-jacken-fur-herren","14":"pa_merk-wellington","16":"first","17":"instock","18":"taxable","19":"shipping-taxable","20":"purchasable","21":"product-type-variable"},"df_price":398,"df_sale_price":"","df_regular_price":398,"df_image_link":"https:\/\/harristweed-shop.be\/wp-content\/uploads\/2025\/09\/13cff99d0a4779a8a60994a57b242d76_Harris_Tweed_Overjas_631_In_Groen_Blauwe_Visgraat-225x300.jpeg","_links":{"self":[{"href":"https:\/\/harristweed-shop.be\/fr\/wp-json\/wp\/v2\/product\/540538","targetHints":{"allow":["GET"]}}],"collection":[{"href":"https:\/\/harristweed-shop.be\/fr\/wp-json\/wp\/v2\/product"}],"about":[{"href":"https:\/\/harristweed-shop.be\/fr\/wp-json\/wp\/v2\/types\/product"}],"wp:featuredmedia":[{"embeddable":true,"href":"https:\/\/harristweed-shop.be\/fr\/wp-json\/wp\/v2\/media\/540566"}],"wp:attachment":[{"href":"https:\/\/harristweed-shop.be\/fr\/wp-json\/wp\/v2\/media?parent=540538"}],"wp:term":[{"taxonomy":"product_brand","embeddable":true,"href":"https:\/\/harristweed-shop.be\/fr\/wp-json\/wp\/v2\/product_brand?post=540538"},{"taxonomy":"product_cat","embeddable":true,"href":"https:\/\/harristweed-shop.be\/fr\/wp-json\/wp\/v2\/product_cat?post=540538"},{"taxonomy":"product_tag","embeddable":true,"href":"https:\/\/harristweed-shop.be\/fr\/wp-json\/wp\/v2\/product_tag?post=540538"}],"curies":[{"name":"wp","href":"https:\/\/api.w.org\/{rel}","templated":true}]}}