{"id":540493,"date":"2025-09-26T15:53:12","date_gmt":"2025-09-26T15:53:12","guid":{"rendered":"https:\/\/harristweed-shop.be\/product\/terra-wollen-sokken-carlo-lanza\/"},"modified":"2026-04-21T16:42:16","modified_gmt":"2026-04-21T16:42:16","slug":"terra-wollen-sokken-carlo-lanza","status":"publish","type":"product","link":"https:\/\/harristweed-shop.be\/fr\/produit\/chaussettes-en-laine-terra-carlo-lanza\/","title":{"rendered":"Chaussettes en laine pour homme, couleur kaki terre"},"content":{"rendered":"<p><strong>Carlo Lanza \u2013 Terra (laine m\u00e9rinos)<\/strong><br \/>&nbsp;<br \/><strong>Des tons terreux profonds. De la laine de caract\u00e8re.<\/strong><br \/>&nbsp;<br \/>Le&nbsp;<strong>Terra<\/strong>Ce lot se compose de tons chauds et naturels\u00a0: brun, rouille, gr\u00e8s, terre cuite. Des couleurs \u00e9voquant la terre, la pierre et l\u2019argile \u2013 robustes et \u00e9l\u00e9gantes, sans \u00eatre agressives. Dans cette version en laine m\u00e9rinos, elles gagnent en profondeur et en douceur.<br \/>&nbsp;<br \/><strong>laine m\u00e9rinos<\/strong>&nbsp;Ce mod\u00e8le est r\u00e9put\u00e9 pour son confort exceptionnel\u00a0: chaud en cas de besoin, respirant \u00e0 souhait et toujours doux au contact de la peau. Il ne gratte pas, ce qui rend ces chaussettes particuli\u00e8rement adapt\u00e9es aux mois plus frais et \u00e9tonnamment agr\u00e9ables lors de la transition vers le printemps.<br \/>&nbsp;<br \/>Comme toutes les chaussettes Carlo Lanza, celles-ci sont \u00e9galement tricot\u00e9es sur&nbsp;<strong>machines \u00e0 tricoter circulaires<\/strong>, \u00e0 la main&nbsp;<strong>encha\u00een\u00e9<\/strong>, Elles sont ensuite lav\u00e9es par lots de douze et soigneusement repass\u00e9es. Chaque chaussette est v\u00e9rifi\u00e9e individuellement avant de quitter l&#039;Italie.<\/p>\n<p>Marque : Carlo Lanza<br \/>Composition : 70 % laine m\u00e9rinos, 27 % coton, 31 % \u00e9lasthanne<br \/>Origine : Fabriqu\u00e9 en Italie<\/p>","protected":false},"excerpt":{"rendered":"<p>Chaussettes en laine pour hommes, couleur kaki terre.<\/p>\n<p>La gamme Terra se compose de tons chauds et naturels\u00a0: brun, rouille, gr\u00e8s, terre cuite. Des couleurs \u00e9voquant la terre, la pierre et l\u2019argile \u2013 robustes et \u00e9l\u00e9gantes, sans \u00eatre agressives. Dans cette version en laine m\u00e9rinos, elles gagnent en profondeur et en douceur.<\/p>","protected":false},"featured_media":546149,"template":"","meta":[],"product_brand":[],"product_cat":[925,134],"product_tag":[],"class_list":{"0":"post-540493","1":"product","2":"type-product","3":"status-publish","4":"has-post-thumbnail","6":"product_cat-socken","7":"product_cat-sokken","8":"pa_merk-carlolanza","10":"first","11":"instock","12":"taxable","13":"shipping-taxable","14":"purchasable","15":"product-type-variable"},"df_price":17.95,"df_sale_price":"","df_regular_price":17.95,"df_image_link":"https:\/\/harristweed-shop.be\/wp-content\/uploads\/2025\/09\/18cf66d685783f11f204815bbc1f0b2f_Heren_Wollen_Sokken_Terra_Kaki-300x300.jpeg","_links":{"self":[{"href":"https:\/\/harristweed-shop.be\/fr\/wp-json\/wp\/v2\/product\/540493","targetHints":{"allow":["GET"]}}],"collection":[{"href":"https:\/\/harristweed-shop.be\/fr\/wp-json\/wp\/v2\/product"}],"about":[{"href":"https:\/\/harristweed-shop.be\/fr\/wp-json\/wp\/v2\/types\/product"}],"wp:featuredmedia":[{"embeddable":true,"href":"https:\/\/harristweed-shop.be\/fr\/wp-json\/wp\/v2\/media\/546149"}],"wp:attachment":[{"href":"https:\/\/harristweed-shop.be\/fr\/wp-json\/wp\/v2\/media?parent=540493"}],"wp:term":[{"taxonomy":"product_brand","embeddable":true,"href":"https:\/\/harristweed-shop.be\/fr\/wp-json\/wp\/v2\/product_brand?post=540493"},{"taxonomy":"product_cat","embeddable":true,"href":"https:\/\/harristweed-shop.be\/fr\/wp-json\/wp\/v2\/product_cat?post=540493"},{"taxonomy":"product_tag","embeddable":true,"href":"https:\/\/harristweed-shop.be\/fr\/wp-json\/wp\/v2\/product_tag?post=540493"}],"curies":[{"name":"wp","href":"https:\/\/api.w.org\/{rel}","templated":true}]}}