{"id":540467,"date":"2025-09-26T15:05:40","date_gmt":"2025-09-26T15:05:40","guid":{"rendered":"https:\/\/harristweed-shop.be\/product\/barbour-allowhay-tartan-wash-bag\/"},"modified":"2026-05-05T03:40:40","modified_gmt":"2026-05-05T03:40:40","slug":"barbour-allowhay-tartan-wash-bag","status":"publish","type":"product","link":"https:\/\/harristweed-shop.be\/fr\/produit\/trousse-de-toilette-barbour-allowhay-tartan\/","title":{"rendered":"Trousse de toilette Barbour Allowhay Tartan"},"content":{"rendered":"<p>L&#039;h\u00e9ritage de Barbour est profond\u00e9ment ancr\u00e9 dans les Scottish Borders, et plus particuli\u00e8rement \u00e0 Dumfries. Vous avez peut-\u00eatre remarqu\u00e9 que nous utilisons du tartan pour la doublure et les finitions de certains de nos v\u00eatements les plus embl\u00e9matiques, et nos accessoires ne font pas exception. La trousse de toilette Barbour Allowhay Tartan rend hommage \u00e0 nos racines \u00e9cossaises avec son motif tartan en laine m\u00e9lang\u00e9e et notre fermeture \u00e9clair \u00e0 anneau embl\u00e9matique, pour une touche finale imm\u00e9diatement reconnaissable.<\/p>\n<p>Mati\u00e8re : 65% polyester, 20% laine, 10% acrylique, 5% polyamide<br \/>\nDoublure : coton 100%<br \/>\nBadge logo en relief au centre devant vers le bas, plus tirette de fermeture \u00e9clair de marque.<br \/>\nHauteur : 18 cm, largeur : 24 cm, profondeur : 6,5 cm<br \/>\nNettoyer uniquement avec une \u00e9ponge<\/p>","protected":false},"excerpt":{"rendered":"<p>Trousse de toilette Barbour Allowhay Tartan.<\/p>\n<p>Vous avez peut-\u00eatre remarqu\u00e9 que nous utilisons du tartan pour la doublure et les finitions de certains de nos v\u00eatements les plus embl\u00e9matiques. Nos accessoires ne font pas exception.<\/p>","protected":false},"featured_media":540468,"template":"","meta":[],"product_brand":[],"product_cat":[1107,1191,1109,899,638,903,904,900,901,898,808],"product_tag":[],"class_list":{"0":"post-540467","1":"product","2":"type-product","3":"status-publish","4":"has-post-thumbnail","6":"product_cat-barbour","7":"product_cat-barbour-accessoires","8":"product_cat-barbour-tassen","9":"product_cat-geschenke","10":"product_cat-gifts","11":"product_cat-handtas","12":"product_cat-handtaschen","13":"product_cat-reisetaschen","14":"product_cat-taschen","15":"product_cat-tassen-gifts","16":"product_cat-tassen","17":"pa_merk-barbour","19":"first","20":"instock","21":"taxable","22":"shipping-taxable","23":"purchasable","24":"product-type-simple"},"df_price":49.95,"df_sale_price":"","df_regular_price":49.95,"df_image_link":"https:\/\/harristweed-shop.be\/wp-content\/uploads\/2025\/09\/958b768c2b0e39a1d451007f28045503_Barbour_Allowhay_Tartan_Wash_Bag-225x300.jpeg","_links":{"self":[{"href":"https:\/\/harristweed-shop.be\/fr\/wp-json\/wp\/v2\/product\/540467","targetHints":{"allow":["GET"]}}],"collection":[{"href":"https:\/\/harristweed-shop.be\/fr\/wp-json\/wp\/v2\/product"}],"about":[{"href":"https:\/\/harristweed-shop.be\/fr\/wp-json\/wp\/v2\/types\/product"}],"wp:featuredmedia":[{"embeddable":true,"href":"https:\/\/harristweed-shop.be\/fr\/wp-json\/wp\/v2\/media\/540468"}],"wp:attachment":[{"href":"https:\/\/harristweed-shop.be\/fr\/wp-json\/wp\/v2\/media?parent=540467"}],"wp:term":[{"taxonomy":"product_brand","embeddable":true,"href":"https:\/\/harristweed-shop.be\/fr\/wp-json\/wp\/v2\/product_brand?post=540467"},{"taxonomy":"product_cat","embeddable":true,"href":"https:\/\/harristweed-shop.be\/fr\/wp-json\/wp\/v2\/product_cat?post=540467"},{"taxonomy":"product_tag","embeddable":true,"href":"https:\/\/harristweed-shop.be\/fr\/wp-json\/wp\/v2\/product_tag?post=540467"}],"curies":[{"name":"wp","href":"https:\/\/api.w.org\/{rel}","templated":true}]}}