{"id":540453,"date":"2025-09-26T15:05:34","date_gmt":"2025-09-26T15:05:34","guid":{"rendered":"https:\/\/harristweed-shop.be\/product\/barbour-scarlet-tartan-bucket-hat-classic\/"},"modified":"2026-05-05T03:40:46","modified_gmt":"2026-05-05T03:40:46","slug":"barbour-scarlet-tartan-bucket-hat-classic","status":"publish","type":"product","link":"https:\/\/harristweed-shop.be\/fr\/produit\/chapeau-seau-classique-barbour-en-tartan-ecarlate\/","title":{"rendered":"Chapeau bob classique Barbour Scarlet Tartan"},"content":{"rendered":"<p>Fabriqu\u00e9 \u00e0 partir de notre coton cir\u00e9 signature et arborant notre imprim\u00e9 tartan signature, le chapeau seau Barbour Scarlet Tartan est une touche finale parfaite \u00e0 n&#039;importe quelle tenue.<\/p>\n<p>Ext\u00e9rieur : coton 100% (cir\u00e9)<br \/>\nDoublure : coton 100%<br \/>\nLogo Barbour sur la poche ext\u00e9rieure.<br \/>\nNe pas laver<\/p>","protected":false},"excerpt":{"rendered":"<p>Chapeau seau classique Barbour Scarlet Tartan. <\/p>\n<p>Fabriqu\u00e9 \u00e0 partir de notre coton cir\u00e9 signature et arborant notre imprim\u00e9 tartan signature.<\/p>","protected":false},"featured_media":540457,"template":"","meta":[],"product_brand":[],"product_cat":[1107,1191,1116,542,83,877],"product_tag":[],"class_list":{"0":"post-540453","1":"product","2":"type-product","3":"status-publish","4":"has-post-thumbnail","6":"product_cat-barbour","7":"product_cat-barbour-accessoires","8":"product_cat-barbour-hoeden-petten-en-caps","9":"product_cat-hute-und-caps","10":"product_cat-petten-en-caps","11":"product_cat-wachs-baseballmutze","12":"pa_merk-barbour","14":"first","15":"instock","16":"taxable","17":"shipping-taxable","18":"purchasable","19":"product-type-variable"},"df_price":59.95,"df_sale_price":"","df_regular_price":59.95,"df_image_link":"https:\/\/harristweed-shop.be\/wp-content\/uploads\/2025\/09\/12ecfc63041a777f30a70d38e62f09e8_Barbour_Scarlet_Tartan_Bucket_Hat_Classic-225x300.jpeg","_links":{"self":[{"href":"https:\/\/harristweed-shop.be\/fr\/wp-json\/wp\/v2\/product\/540453","targetHints":{"allow":["GET"]}}],"collection":[{"href":"https:\/\/harristweed-shop.be\/fr\/wp-json\/wp\/v2\/product"}],"about":[{"href":"https:\/\/harristweed-shop.be\/fr\/wp-json\/wp\/v2\/types\/product"}],"wp:featuredmedia":[{"embeddable":true,"href":"https:\/\/harristweed-shop.be\/fr\/wp-json\/wp\/v2\/media\/540457"}],"wp:attachment":[{"href":"https:\/\/harristweed-shop.be\/fr\/wp-json\/wp\/v2\/media?parent=540453"}],"wp:term":[{"taxonomy":"product_brand","embeddable":true,"href":"https:\/\/harristweed-shop.be\/fr\/wp-json\/wp\/v2\/product_brand?post=540453"},{"taxonomy":"product_cat","embeddable":true,"href":"https:\/\/harristweed-shop.be\/fr\/wp-json\/wp\/v2\/product_cat?post=540453"},{"taxonomy":"product_tag","embeddable":true,"href":"https:\/\/harristweed-shop.be\/fr\/wp-json\/wp\/v2\/product_tag?post=540453"}],"curies":[{"name":"wp","href":"https:\/\/api.w.org\/{rel}","templated":true}]}}