{"id":540446,"date":"2025-09-26T15:05:31","date_gmt":"2025-09-26T15:05:31","guid":{"rendered":"https:\/\/harristweed-shop.be\/product\/barbour-scarlet-tartan-gloves-brown\/"},"modified":"2026-04-07T16:11:14","modified_gmt":"2026-04-07T16:11:14","slug":"barbour-scarlet-tartan-gloves-brown","status":"publish","type":"product","link":"https:\/\/harristweed-shop.be\/fr\/produit\/gants-barbour-scarlet-tartan-marron\/","title":{"rendered":"Gants Barbour Scarlet Tartan Marron"},"content":{"rendered":"<p>Confectionn\u00e9s dans notre coton cir\u00e9 signature et orn\u00e9s de notre imprim\u00e9 tartan signature, les gants Barbour Scarlet Tartan sont un incontournable pour l&#039;hiver. Gr\u00e2ce \u00e0 leur conception enti\u00e8rement rembourr\u00e9e et \u00e0 leurs bouts de doigts compatibles avec les \u00e9crans tactiles, cette paire est toujours \u00e0 port\u00e9e de main d\u00e8s l&#039;arriv\u00e9e de l&#039;hiver.<\/p>\n<p>Ext\u00e9rieur : coton 100% (cir\u00e9)<br \/>\nDoublure : polyester 100%<br \/>\nRivet avec logo Barbour<br \/>\nCompatible avec les \u00e9crans tactiles<br \/>\nNe pas laver<\/p>","protected":false},"excerpt":{"rendered":"<p>Gants Barbour Scarlet Tartan Marron.<\/p>\n<p>Gr\u00e2ce \u00e0 sa conception enti\u00e8rement rembourr\u00e9e et \u00e0 ses doigts compatibles avec les \u00e9crans tactiles, cette paire est toujours \u00e0 port\u00e9e de main lorsque l&#039;hiver arrive.<\/p>","protected":false},"featured_media":540451,"template":"","meta":[],"product_brand":[],"product_cat":[1107,1191,869,886],"product_tag":[],"class_list":{"0":"post-540446","1":"product","2":"type-product","3":"status-publish","4":"has-post-thumbnail","6":"product_cat-barbour","7":"product_cat-barbour-accessoires","8":"product_cat-handschoenen","9":"product_cat-handschuhe","10":"pa_merk-barbour","12":"first","13":"instock","14":"taxable","15":"shipping-taxable","16":"purchasable","17":"product-type-variable"},"df_price":79.95,"df_sale_price":"","df_regular_price":79.95,"df_image_link":"https:\/\/harristweed-shop.be\/wp-content\/uploads\/2025\/09\/81052a8b029bd4021e506f65d9979cc5_Barbour_Scarlet_Tartan_Gloves_Brown-225x300.jpeg","_links":{"self":[{"href":"https:\/\/harristweed-shop.be\/fr\/wp-json\/wp\/v2\/product\/540446","targetHints":{"allow":["GET"]}}],"collection":[{"href":"https:\/\/harristweed-shop.be\/fr\/wp-json\/wp\/v2\/product"}],"about":[{"href":"https:\/\/harristweed-shop.be\/fr\/wp-json\/wp\/v2\/types\/product"}],"wp:featuredmedia":[{"embeddable":true,"href":"https:\/\/harristweed-shop.be\/fr\/wp-json\/wp\/v2\/media\/540451"}],"wp:attachment":[{"href":"https:\/\/harristweed-shop.be\/fr\/wp-json\/wp\/v2\/media?parent=540446"}],"wp:term":[{"taxonomy":"product_brand","embeddable":true,"href":"https:\/\/harristweed-shop.be\/fr\/wp-json\/wp\/v2\/product_brand?post=540446"},{"taxonomy":"product_cat","embeddable":true,"href":"https:\/\/harristweed-shop.be\/fr\/wp-json\/wp\/v2\/product_cat?post=540446"},{"taxonomy":"product_tag","embeddable":true,"href":"https:\/\/harristweed-shop.be\/fr\/wp-json\/wp\/v2\/product_tag?post=540446"}],"curies":[{"name":"wp","href":"https:\/\/api.w.org\/{rel}","templated":true}]}}