{"id":540425,"date":"2025-09-26T15:05:20","date_gmt":"2025-09-26T15:05:20","guid":{"rendered":"https:\/\/harristweed-shop.be\/product\/barbour-iceloch-tailored-tartan-shirt-midnight-oak-tartan\/"},"modified":"2026-04-07T16:25:26","modified_gmt":"2026-04-07T16:25:26","slug":"barbour-iceloch-tailored-tartan-shirt-midnight-oak-tartan","status":"publish","type":"product","link":"https:\/\/harristweed-shop.be\/fr\/produit\/chemise-tartan-sur-mesure-barbour-iceloch-en-tartan-midnight-oak\/","title":{"rendered":"Chemise tartan sur mesure Barbour Iceloch, tartan Midnight Oak"},"content":{"rendered":"<p>Cette chemise ajust\u00e9e est confectionn\u00e9e en coton 100%. Elle pr\u00e9sente des manches longues et une finition bross\u00e9e douce. Elle arbore un motif tartan saisissant et le logo Barbour classique brod\u00e9 sur la poitrine. Portez-la avec un pantalon de costume pour les occasions formelles.<\/p>\n<p>Coton 100%<br \/>\nSerg\u00e9 double tissage des ann\u00e9es 40. Bross\u00e9 des deux c\u00f4t\u00e9s.<br \/>\nBroderie Barbour et bouclier sur la poitrine gauche.<br \/>\nLongueur du dos : 76 cm \u2013 87 cm<br \/>\nLavage en machine \u00e0 30 \u00b0C<\/p>","protected":false},"excerpt":{"rendered":"<p>Chemise tartan sur mesure Barbour Iceloch en tartan Midnight Oak.<\/p>\n<p>Cette chemise ajust\u00e9e est confectionn\u00e9e en coton 100% avec des manches longues et une finition douce et bross\u00e9e.<\/p>","protected":false},"featured_media":540433,"template":"","meta":[],"product_brand":[],"product_cat":[1107,1190,1111,1110,86,506],"product_tag":[],"class_list":{"0":"post-540425","1":"product","2":"type-product","3":"status-publish","4":"has-post-thumbnail","6":"product_cat-barbour","7":"product_cat-barbour-hemden","8":"product_cat-barbour-heren-shirts","9":"product_cat-barbour-shirts","10":"product_cat-shirts-en-overhemden","11":"product_cat-shirts-und-hemden","12":"pa_merk-barbour","14":"first","15":"instock","16":"taxable","17":"shipping-taxable","18":"purchasable","19":"product-type-variable"},"df_price":109.95,"df_sale_price":"","df_regular_price":109.95,"df_image_link":"https:\/\/harristweed-shop.be\/wp-content\/uploads\/2025\/09\/7e346d5567a1c7f4b5583647cb06b75c_BARBOUR_Iceloch_Tailored_Tartan_Shirt_Midnight_Oak_Tartan-225x300.jpeg","_links":{"self":[{"href":"https:\/\/harristweed-shop.be\/fr\/wp-json\/wp\/v2\/product\/540425","targetHints":{"allow":["GET"]}}],"collection":[{"href":"https:\/\/harristweed-shop.be\/fr\/wp-json\/wp\/v2\/product"}],"about":[{"href":"https:\/\/harristweed-shop.be\/fr\/wp-json\/wp\/v2\/types\/product"}],"wp:featuredmedia":[{"embeddable":true,"href":"https:\/\/harristweed-shop.be\/fr\/wp-json\/wp\/v2\/media\/540433"}],"wp:attachment":[{"href":"https:\/\/harristweed-shop.be\/fr\/wp-json\/wp\/v2\/media?parent=540425"}],"wp:term":[{"taxonomy":"product_brand","embeddable":true,"href":"https:\/\/harristweed-shop.be\/fr\/wp-json\/wp\/v2\/product_brand?post=540425"},{"taxonomy":"product_cat","embeddable":true,"href":"https:\/\/harristweed-shop.be\/fr\/wp-json\/wp\/v2\/product_cat?post=540425"},{"taxonomy":"product_tag","embeddable":true,"href":"https:\/\/harristweed-shop.be\/fr\/wp-json\/wp\/v2\/product_tag?post=540425"}],"curies":[{"name":"wp","href":"https:\/\/api.w.org\/{rel}","templated":true}]}}