{"id":540412,"date":"2025-09-26T15:05:14","date_gmt":"2025-09-26T15:05:14","guid":{"rendered":"https:\/\/harristweed-shop.be\/product\/barbour-fortrose-tailored-tartan-shirt-winterberry-tartan\/"},"modified":"2026-05-08T21:33:51","modified_gmt":"2026-05-08T21:33:51","slug":"barbour-fortrose-tailored-tartan-shirt-winterberry-tartan","status":"publish","type":"product","link":"https:\/\/harristweed-shop.be\/fr\/produit\/chemise-tartan-sur-mesure-barbour-fortrose-tartan-winterberry\/","title":{"rendered":"Chemise tartan sur mesure Barbour Fortrose Tartan Winterberry"},"content":{"rendered":"<p>Un choix id\u00e9al pour la vie \u00e0 la campagne\u00a0: la chemise Barbour Fortrose est une chemise homme haut de gamme. Confectionn\u00e9e en coton 100%, son motif \u00e0 carreaux all-over lui conf\u00e8re une allure \u00e9l\u00e9gante, tandis que sa finition bross\u00e9e est douce et luxueuse.<\/p>\n<p>Coton 100%<br \/>\nTissu simple 30s. Armure serg\u00e9e. Finition bross\u00e9e.<br \/>\n\u00c9tiquette avec logo Barbour et bouclier sur la poche poitrine sup\u00e9rieure gauche.<br \/>\nLongueur du dos : 76-84 cm<br \/>\nLavage en machine \u00e0 30\u00b0C<\/p>","protected":false},"excerpt":{"rendered":"<p>Chemise tartan sur mesure Barbour Fortrose en tartan Winterberry.<\/p>\n<p>Fabriqu\u00e9 en coton 100%, le motif en losange sur toute la surface cr\u00e9e un look \u00e9l\u00e9gant, tandis que la finition bross\u00e9e est douce et donne une sensation de luxe.<\/p>","protected":false},"featured_media":540420,"template":"","meta":[],"product_brand":[],"product_cat":[1107,1190,1111,1110,86,506],"product_tag":[],"class_list":{"0":"post-540412","1":"product","2":"type-product","3":"status-publish","4":"has-post-thumbnail","6":"product_cat-barbour","7":"product_cat-barbour-hemden","8":"product_cat-barbour-heren-shirts","9":"product_cat-barbour-shirts","10":"product_cat-shirts-en-overhemden","11":"product_cat-shirts-und-hemden","12":"pa_merk-barbour","14":"first","15":"instock","16":"taxable","17":"shipping-taxable","18":"purchasable","19":"product-type-variable"},"df_price":99.95,"df_sale_price":"","df_regular_price":99.95,"df_image_link":"https:\/\/harristweed-shop.be\/wp-content\/uploads\/2025\/09\/5d3d1c4868bd2271cbcad1aea4efa671_BARBOUR_Fortrose_Tailored_Tartan_Shirt_Winterberry_Tartan-225x300.jpeg","_links":{"self":[{"href":"https:\/\/harristweed-shop.be\/fr\/wp-json\/wp\/v2\/product\/540412","targetHints":{"allow":["GET"]}}],"collection":[{"href":"https:\/\/harristweed-shop.be\/fr\/wp-json\/wp\/v2\/product"}],"about":[{"href":"https:\/\/harristweed-shop.be\/fr\/wp-json\/wp\/v2\/types\/product"}],"wp:featuredmedia":[{"embeddable":true,"href":"https:\/\/harristweed-shop.be\/fr\/wp-json\/wp\/v2\/media\/540420"}],"wp:attachment":[{"href":"https:\/\/harristweed-shop.be\/fr\/wp-json\/wp\/v2\/media?parent=540412"}],"wp:term":[{"taxonomy":"product_brand","embeddable":true,"href":"https:\/\/harristweed-shop.be\/fr\/wp-json\/wp\/v2\/product_brand?post=540412"},{"taxonomy":"product_cat","embeddable":true,"href":"https:\/\/harristweed-shop.be\/fr\/wp-json\/wp\/v2\/product_cat?post=540412"},{"taxonomy":"product_tag","embeddable":true,"href":"https:\/\/harristweed-shop.be\/fr\/wp-json\/wp\/v2\/product_tag?post=540412"}],"curies":[{"name":"wp","href":"https:\/\/api.w.org\/{rel}","templated":true}]}}