{"id":540399,"date":"2025-09-26T15:04:36","date_gmt":"2025-09-26T15:04:36","guid":{"rendered":"https:\/\/harristweed-shop.be\/product\/barbour-dunoon-tailored-tartan-shirt-classic\/"},"modified":"2026-05-05T03:40:46","modified_gmt":"2026-05-05T03:40:46","slug":"barbour-dunoon-tailored-tartan-shirt-classic","status":"publish","type":"product","link":"https:\/\/harristweed-shop.be\/fr\/produit\/chemise-tartan-classique-sur-mesure-barbour-dunoon\/","title":{"rendered":"Chemise classique \u00e0 carreaux \u00e9cossais Barbour Dunoon"},"content":{"rendered":"<p>La chemise \u00e0 manches longues Barbour Dunoon Tailored, orn\u00e9e d&#039;un motif \u00e0 carreaux saisissant, rehausse avec \u00e9l\u00e9gance les looks d\u00e9contract\u00e9s. Id\u00e9ale pour un week-end \u00e0 la campagne, cette pi\u00e8ce classique est confectionn\u00e9e en coton 100%. Son col boutonn\u00e9 et son logo Barbour sur la poitrine apportent une touche finale signature.<\/p>\n<p>Coton 100%<br \/>\nDouble 40s. Armure serg\u00e9e. Finition standard.<br \/>\n\u00c9tiquette de marque Barbour &amp; Shield sur la poche poitrine.<br \/>\nLavage en machine \u00e0 30\u00b0C<\/p>","protected":false},"excerpt":{"rendered":"<p>Chemise classique en tartan sur mesure Barbour Dunoon.<\/p>\n<p>Id\u00e9al pour un week-end \u00e0 la campagne, cette pi\u00e8ce classique est confectionn\u00e9e en coton 100% avec un col boutonn\u00e9 et la marque Barbour sur la poitrine pour une finition signature.<\/p>","protected":false},"featured_media":540407,"template":"","meta":[],"product_brand":[],"product_cat":[1107,1190,1111,1110,86,506],"product_tag":[],"class_list":{"0":"post-540399","1":"product","2":"type-product","3":"status-publish","4":"has-post-thumbnail","6":"product_cat-barbour","7":"product_cat-barbour-hemden","8":"product_cat-barbour-heren-shirts","9":"product_cat-barbour-shirts","10":"product_cat-shirts-en-overhemden","11":"product_cat-shirts-und-hemden","12":"pa_merk-barbour","14":"first","15":"instock","16":"taxable","17":"shipping-taxable","18":"purchasable","19":"product-type-variable"},"df_price":109.95,"df_sale_price":"","df_regular_price":109.95,"df_image_link":"https:\/\/harristweed-shop.be\/wp-content\/uploads\/2025\/09\/098ee9ac1ecbf502ab887800055d98e4_Barbour_Dunoon_Tailored_Tartan_Shirt_Classic-225x300.jpeg","_links":{"self":[{"href":"https:\/\/harristweed-shop.be\/fr\/wp-json\/wp\/v2\/product\/540399","targetHints":{"allow":["GET"]}}],"collection":[{"href":"https:\/\/harristweed-shop.be\/fr\/wp-json\/wp\/v2\/product"}],"about":[{"href":"https:\/\/harristweed-shop.be\/fr\/wp-json\/wp\/v2\/types\/product"}],"wp:featuredmedia":[{"embeddable":true,"href":"https:\/\/harristweed-shop.be\/fr\/wp-json\/wp\/v2\/media\/540407"}],"wp:attachment":[{"href":"https:\/\/harristweed-shop.be\/fr\/wp-json\/wp\/v2\/media?parent=540399"}],"wp:term":[{"taxonomy":"product_brand","embeddable":true,"href":"https:\/\/harristweed-shop.be\/fr\/wp-json\/wp\/v2\/product_brand?post=540399"},{"taxonomy":"product_cat","embeddable":true,"href":"https:\/\/harristweed-shop.be\/fr\/wp-json\/wp\/v2\/product_cat?post=540399"},{"taxonomy":"product_tag","embeddable":true,"href":"https:\/\/harristweed-shop.be\/fr\/wp-json\/wp\/v2\/product_tag?post=540399"}],"curies":[{"name":"wp","href":"https:\/\/api.w.org\/{rel}","templated":true}]}}