{"id":540386,"date":"2025-09-26T15:04:26","date_gmt":"2025-09-26T15:04:26","guid":{"rendered":"https:\/\/harristweed-shop.be\/product\/barbour-tartan-boucle-scarf-classic\/"},"modified":"2026-05-05T03:40:45","modified_gmt":"2026-05-05T03:40:45","slug":"barbour-tartan-boucle-scarf-classic","status":"publish","type":"product","link":"https:\/\/harristweed-shop.be\/fr\/produit\/barbour-tartan-boucle-echarpe-classique\/","title":{"rendered":"Barbour Tartan Boucle \u00c9charpe Classique"},"content":{"rendered":"<p>L&#039;\u00e9charpe Barbour Isla est un accessoire ultra-doux, id\u00e9al par temps froid. Ce v\u00eatement \u00e9l\u00e9gant arbore un motif tartan signature et est rehauss\u00e9 de pompons surdimensionn\u00e9s pour un look unique.<\/p>\n<p>Mati\u00e8re : polyester 100%<br \/>\n\u00c9tiquette Barbour tiss\u00e9e au dos<br \/>\nLargeur : 38 cm, Longueur : 180 cm<br \/>\nLavage \u00e0 la main \u00e0 30\u00b0C<\/p>","protected":false},"excerpt":{"rendered":"<p>Barbour Tartan Boucle \u00c9charpe Classique.<\/p>\n<p>Cette pi\u00e8ce \u00e9l\u00e9gante pr\u00e9sente un motif tartan signature sur toute la surface et est dot\u00e9e de pompons XL pour un look unique.<\/p>","protected":false},"featured_media":540387,"template":"","meta":[],"product_brand":[],"product_cat":[1107,1191,1185,1108,873,874,872,105,1135],"product_tag":[],"class_list":{"0":"post-540386","1":"product","2":"type-product","3":"status-publish","4":"has-post-thumbnail","6":"product_cat-barbour","7":"product_cat-barbour-accessoires","8":"product_cat-barbour-schals","9":"product_cat-barbour-shawls","10":"product_cat-schals","11":"product_cat-schals-schals","12":"product_cat-shawls-shawls","13":"product_cat-shawls","14":"product_cat-thetweedshop","15":"pa_merk-barbour","17":"first","18":"instock","19":"taxable","20":"shipping-taxable","21":"purchasable","22":"product-type-simple"},"df_price":69.95,"df_sale_price":"","df_regular_price":69.95,"df_image_link":"https:\/\/harristweed-shop.be\/wp-content\/uploads\/2025\/09\/251a6ddf02a9957ddc895eae39462937_Barbour_Tartan_Boucle_Scarf_Classic-225x300.jpeg","_links":{"self":[{"href":"https:\/\/harristweed-shop.be\/fr\/wp-json\/wp\/v2\/product\/540386","targetHints":{"allow":["GET"]}}],"collection":[{"href":"https:\/\/harristweed-shop.be\/fr\/wp-json\/wp\/v2\/product"}],"about":[{"href":"https:\/\/harristweed-shop.be\/fr\/wp-json\/wp\/v2\/types\/product"}],"wp:featuredmedia":[{"embeddable":true,"href":"https:\/\/harristweed-shop.be\/fr\/wp-json\/wp\/v2\/media\/540387"}],"wp:attachment":[{"href":"https:\/\/harristweed-shop.be\/fr\/wp-json\/wp\/v2\/media?parent=540386"}],"wp:term":[{"taxonomy":"product_brand","embeddable":true,"href":"https:\/\/harristweed-shop.be\/fr\/wp-json\/wp\/v2\/product_brand?post=540386"},{"taxonomy":"product_cat","embeddable":true,"href":"https:\/\/harristweed-shop.be\/fr\/wp-json\/wp\/v2\/product_cat?post=540386"},{"taxonomy":"product_tag","embeddable":true,"href":"https:\/\/harristweed-shop.be\/fr\/wp-json\/wp\/v2\/product_tag?post=540386"}],"curies":[{"name":"wp","href":"https:\/\/api.w.org\/{rel}","templated":true}]}}