{"id":540370,"date":"2025-09-26T15:04:14","date_gmt":"2025-09-26T15:04:14","guid":{"rendered":"https:\/\/harristweed-shop.be\/product\/barbour-pointer-dog-socks-gift-box-bluestone\/"},"modified":"2026-05-05T03:41:23","modified_gmt":"2026-05-05T03:41:23","slug":"barbour-pointer-dog-socks-gift-box-bluestone","status":"publish","type":"product","link":"https:\/\/harristweed-shop.be\/fr\/produit\/coffret-cadeau-de-chaussettes-barbour-pointer-dog-bluestone\/","title":{"rendered":"Coffret cadeau de chaussettes Barbour Pointer Dog Bluestone"},"content":{"rendered":"<p>Le cadeau id\u00e9al pour tout amoureux des chiens\u00a0: le coffret cadeau Barbour Pointer Dog Sock comprend trois chaussettes en coton de haute qualit\u00e9 de couleurs diff\u00e9rentes, chacune orn\u00e9e d&#039;un motif de chien r\u00e9current. Ce charmant coffret est pr\u00e9sent\u00e9 dans un coffret Barbour, id\u00e9al pour offrir.<\/p>\n<p>Mati\u00e8re : 78% coton, 21% polyamide, 1% \u00e9lasthanne<br \/>\nLogo Barbour sur la plante du pied<br \/>\nDimensions de la bo\u00eete : Hauteur : 22 cm, Largeur : 9,5 cm, Profondeur : 5 cm<br \/>\nLavage en machine \u00e0 30 \u00b0C<\/p>","protected":false},"excerpt":{"rendered":"<p>Coffret cadeau de chaussettes Barbour Pointer Dog Bluestone.<\/p>\n<p>Ce charmant ensemble est livr\u00e9 dans une bo\u00eete de marque Barbour, ce qui le rend facile \u00e0 offrir en cadeau.<\/p>","protected":false},"featured_media":540371,"template":"","meta":[],"product_brand":[],"product_cat":[1107,1191,1192,1132,899,638,925,134],"product_tag":[],"class_list":{"0":"post-540370","1":"product","2":"type-product","3":"status-publish","4":"has-post-thumbnail","6":"product_cat-barbour","7":"product_cat-barbour-accessoires","8":"product_cat-barbour-socken","9":"product_cat-barbour-sokken","10":"product_cat-geschenke","11":"product_cat-gifts","12":"product_cat-socken","13":"product_cat-sokken","14":"pa_merk-barbour","16":"first","17":"instock","18":"taxable","19":"shipping-taxable","20":"purchasable","21":"product-type-simple"},"df_price":59.95,"df_sale_price":"","df_regular_price":59.95,"df_image_link":"https:\/\/harristweed-shop.be\/wp-content\/uploads\/2025\/09\/16d3c391f277a458df0984ffc7a63af2_Barbour_Pointer_Dog_Socks_Gift_Box_Bluestone-225x300.jpeg","_links":{"self":[{"href":"https:\/\/harristweed-shop.be\/fr\/wp-json\/wp\/v2\/product\/540370","targetHints":{"allow":["GET"]}}],"collection":[{"href":"https:\/\/harristweed-shop.be\/fr\/wp-json\/wp\/v2\/product"}],"about":[{"href":"https:\/\/harristweed-shop.be\/fr\/wp-json\/wp\/v2\/types\/product"}],"wp:featuredmedia":[{"embeddable":true,"href":"https:\/\/harristweed-shop.be\/fr\/wp-json\/wp\/v2\/media\/540371"}],"wp:attachment":[{"href":"https:\/\/harristweed-shop.be\/fr\/wp-json\/wp\/v2\/media?parent=540370"}],"wp:term":[{"taxonomy":"product_brand","embeddable":true,"href":"https:\/\/harristweed-shop.be\/fr\/wp-json\/wp\/v2\/product_brand?post=540370"},{"taxonomy":"product_cat","embeddable":true,"href":"https:\/\/harristweed-shop.be\/fr\/wp-json\/wp\/v2\/product_cat?post=540370"},{"taxonomy":"product_tag","embeddable":true,"href":"https:\/\/harristweed-shop.be\/fr\/wp-json\/wp\/v2\/product_tag?post=540370"}],"curies":[{"name":"wp","href":"https:\/\/api.w.org\/{rel}","templated":true}]}}