{"id":540367,"date":"2025-09-26T15:03:36","date_gmt":"2025-09-26T15:03:36","guid":{"rendered":"https:\/\/harristweed-shop.be\/product\/barbour-pheasant-socks-gift-box-forest-mix\/"},"modified":"2026-05-10T15:03:59","modified_gmt":"2026-05-10T15:03:59","slug":"barbour-pheasant-socks-gift-box-forest-mix","status":"publish","type":"product","link":"https:\/\/harristweed-shop.be\/fr\/produit\/coffret-cadeau-de-chaussettes-barbour-faisan-melange-foret\/","title":{"rendered":"Coffret cadeau de chaussettes Barbour Pheasant Forest Mix"},"content":{"rendered":"<p>Le cadeau id\u00e9al pour tout amoureux de la nature\u00a0: le coffret cadeau de chaussettes Faisan Barbour comprend trois chaussettes en coton de haute qualit\u00e9, d\u00e9clin\u00e9es dans diff\u00e9rentes couleurs, chacune orn\u00e9e d&#039;un motif faisan r\u00e9current. Ce charmant coffret est pr\u00e9sent\u00e9 dans un coffret Barbour, id\u00e9al pour offrir.<\/p>\n<p>Mati\u00e8re : 78% coton, 21% polyamide, 1% \u00e9lasthanne<br \/>\nLogo Barbour tricot\u00e9 en jacquard sur la semelle<br \/>\nLavage en machine \u00e0 30 \u00b0C<\/p>","protected":false},"excerpt":{"rendered":"<p>Coffret cadeau de chaussettes Barbour Pheasant Forest Mix.<\/p>\n<p>Ce charmant ensemble est livr\u00e9 dans une bo\u00eete de marque Barbour, ce qui le rend facile \u00e0 offrir en cadeau.<\/p>","protected":false},"featured_media":540368,"template":"","meta":[],"product_brand":[],"product_cat":[1107,1191,1192,1132,899,638,925,134],"product_tag":[],"class_list":{"0":"post-540367","1":"product","2":"type-product","3":"status-publish","4":"has-post-thumbnail","6":"product_cat-barbour","7":"product_cat-barbour-accessoires","8":"product_cat-barbour-socken","9":"product_cat-barbour-sokken","10":"product_cat-geschenke","11":"product_cat-gifts","12":"product_cat-socken","13":"product_cat-sokken","14":"pa_merk-barbour","16":"first","17":"instock","18":"taxable","19":"shipping-taxable","20":"purchasable","21":"product-type-simple"},"df_price":49.95,"df_sale_price":"","df_regular_price":49.95,"df_image_link":"https:\/\/harristweed-shop.be\/wp-content\/uploads\/2025\/09\/84b840e217b0f0f50b2bac294d425271_Barbour_Pheasant_Socks_Gift_Box_Forest_Mix-225x300.jpeg","_links":{"self":[{"href":"https:\/\/harristweed-shop.be\/fr\/wp-json\/wp\/v2\/product\/540367","targetHints":{"allow":["GET"]}}],"collection":[{"href":"https:\/\/harristweed-shop.be\/fr\/wp-json\/wp\/v2\/product"}],"about":[{"href":"https:\/\/harristweed-shop.be\/fr\/wp-json\/wp\/v2\/types\/product"}],"wp:featuredmedia":[{"embeddable":true,"href":"https:\/\/harristweed-shop.be\/fr\/wp-json\/wp\/v2\/media\/540368"}],"wp:attachment":[{"href":"https:\/\/harristweed-shop.be\/fr\/wp-json\/wp\/v2\/media?parent=540367"}],"wp:term":[{"taxonomy":"product_brand","embeddable":true,"href":"https:\/\/harristweed-shop.be\/fr\/wp-json\/wp\/v2\/product_brand?post=540367"},{"taxonomy":"product_cat","embeddable":true,"href":"https:\/\/harristweed-shop.be\/fr\/wp-json\/wp\/v2\/product_cat?post=540367"},{"taxonomy":"product_tag","embeddable":true,"href":"https:\/\/harristweed-shop.be\/fr\/wp-json\/wp\/v2\/product_tag?post=540367"}],"curies":[{"name":"wp","href":"https:\/\/api.w.org\/{rel}","templated":true}]}}