{"id":540355,"date":"2025-09-26T15:03:28","date_gmt":"2025-09-26T15:03:28","guid":{"rendered":"https:\/\/harristweed-shop.be\/product\/barbour-field-tartan-fleece-ladies-gloves\/"},"modified":"2026-05-05T03:41:28","modified_gmt":"2026-05-05T03:41:28","slug":"barbour-field-tartan-fleece-ladies-gloves","status":"publish","type":"product","link":"https:\/\/harristweed-shop.be\/fr\/produit\/gants-en-polaire-tartan-barbour-field-pour-femme\/","title":{"rendered":"Gants Barbour Field Tartan Fleece pour femme"},"content":{"rendered":"<p>Confectionn\u00e9s en polaire tartan, les gants Barbour Field Tartan Fleece sont indispensables par temps froid. Dot\u00e9s d&#039;une membrane imperm\u00e9able pour une fonctionnalit\u00e9 optimale, d&#039;un tissu ind\u00e9chirable sur les paumes et d&#039;un bout des doigts compatible avec les \u00e9crans tactiles, ils sont parfaits pour l&#039;hiver.<\/p>\n<p>Ext\u00e9rieur : polyester 100%<br \/>\nCordon de serrage : coton 100%<br \/>\n\u00c9tiquette avec le logo Barbour sur le c\u00f4t\u00e9.<br \/>\nMembrane imperm\u00e9able, compatible avec les \u00e9crans tactiles<br \/>\nNe pas laver<\/p>","protected":false},"excerpt":{"rendered":"<p>Gants en polaire Barbour Field Tartan pour femme.<\/p>\n<p>\u00c9quip\u00e9es d&#039;une membrane imperm\u00e9able pour une utilisation optimale, d&#039;un tissu ripstop et PU sur les paumes et du bout des doigts compatibles avec les \u00e9crans tactiles, gardez cette paire \u00e0 port\u00e9e de main lorsque l&#039;hiver arrive.<\/p>","protected":false},"featured_media":540360,"template":"","meta":[],"product_brand":[],"product_cat":[1107,1191,869,886],"product_tag":[],"class_list":{"0":"post-540355","1":"product","2":"type-product","3":"status-publish","4":"has-post-thumbnail","6":"product_cat-barbour","7":"product_cat-barbour-accessoires","8":"product_cat-handschoenen","9":"product_cat-handschuhe","10":"pa_merk-barbour","12":"first","13":"instock","14":"taxable","15":"shipping-taxable","16":"purchasable","17":"product-type-variable"},"df_price":59.95,"df_sale_price":"","df_regular_price":59.95,"df_image_link":"https:\/\/harristweed-shop.be\/wp-content\/uploads\/2025\/09\/713aec21152a51c41101ea1300eff5e3_Barbour_Field_Tartan_Fleece_Ladies_Gloves-225x300.jpeg","_links":{"self":[{"href":"https:\/\/harristweed-shop.be\/fr\/wp-json\/wp\/v2\/product\/540355","targetHints":{"allow":["GET"]}}],"collection":[{"href":"https:\/\/harristweed-shop.be\/fr\/wp-json\/wp\/v2\/product"}],"about":[{"href":"https:\/\/harristweed-shop.be\/fr\/wp-json\/wp\/v2\/types\/product"}],"wp:featuredmedia":[{"embeddable":true,"href":"https:\/\/harristweed-shop.be\/fr\/wp-json\/wp\/v2\/media\/540360"}],"wp:attachment":[{"href":"https:\/\/harristweed-shop.be\/fr\/wp-json\/wp\/v2\/media?parent=540355"}],"wp:term":[{"taxonomy":"product_brand","embeddable":true,"href":"https:\/\/harristweed-shop.be\/fr\/wp-json\/wp\/v2\/product_brand?post=540355"},{"taxonomy":"product_cat","embeddable":true,"href":"https:\/\/harristweed-shop.be\/fr\/wp-json\/wp\/v2\/product_cat?post=540355"},{"taxonomy":"product_tag","embeddable":true,"href":"https:\/\/harristweed-shop.be\/fr\/wp-json\/wp\/v2\/product_tag?post=540355"}],"curies":[{"name":"wp","href":"https:\/\/api.w.org\/{rel}","templated":true}]}}