{"id":540347,"date":"2025-09-26T15:03:22","date_gmt":"2025-09-26T15:03:22","guid":{"rendered":"https:\/\/harristweed-shop.be\/product\/barbour-hackney-tartan-ladies-gloves\/"},"modified":"2026-04-07T16:40:25","modified_gmt":"2026-04-07T16:40:25","slug":"barbour-hackney-tartan-ladies-gloves","status":"publish","type":"product","link":"https:\/\/harristweed-shop.be\/fr\/produit\/gants-barbour-hackney-tartan-pour-femme\/","title":{"rendered":"Gants Barbour Hackney Tartan pour femme"},"content":{"rendered":"<p>Gardez vos mains au chaud sans compromettre le style. Ces gants ultra-doux en cuir de ch\u00e8vre et laine arborent le motif tartan classique de Barbour, une doublure polaire douillette et un revers c\u00f4tel\u00e9 pour un confort optimal. Parfaits pour les balades en nature ou les trajets quotidiens hivernaux, ils allient fonctionnalit\u00e9 et charme intemporel gr\u00e2ce \u00e0 leurs bouts de doigts compatibles avec les \u00e9crans tactiles.<\/p>\n<p>Ext\u00e9rieur : 70% polyester, 21% laine (mouton), 5% acrylique, 2% polyamide, 2% coton<br \/>\n\u00c9tiquette avec le logo Barbour sur le c\u00f4t\u00e9.<br \/>\nCompatible avec les \u00e9crans tactiles<br \/>\nNe pas laver<\/p>","protected":false},"excerpt":{"rendered":"<p>Gants Barbour Hackney Tartan pour femmes.<\/p>\n<p>Gardez vos mains au chaud sans compromettre votre style.<\/p>","protected":false},"featured_media":540352,"template":"","meta":[],"product_brand":[],"product_cat":[1107,1191,869,886],"product_tag":[],"class_list":{"0":"post-540347","1":"product","2":"type-product","3":"status-publish","4":"has-post-thumbnail","6":"product_cat-barbour","7":"product_cat-barbour-accessoires","8":"product_cat-handschoenen","9":"product_cat-handschuhe","10":"pa_merk-barbour","12":"first","13":"instock","14":"taxable","15":"shipping-taxable","16":"purchasable","17":"product-type-variable"},"df_price":59.95,"df_sale_price":"","df_regular_price":59.95,"df_image_link":"https:\/\/harristweed-shop.be\/wp-content\/uploads\/2025\/09\/ded6cb47d8cfb78ce44c95f708bc878d_Barbour_Hackney_Tartan_Ladies_Gloves-225x300.jpeg","_links":{"self":[{"href":"https:\/\/harristweed-shop.be\/fr\/wp-json\/wp\/v2\/product\/540347","targetHints":{"allow":["GET"]}}],"collection":[{"href":"https:\/\/harristweed-shop.be\/fr\/wp-json\/wp\/v2\/product"}],"about":[{"href":"https:\/\/harristweed-shop.be\/fr\/wp-json\/wp\/v2\/types\/product"}],"wp:featuredmedia":[{"embeddable":true,"href":"https:\/\/harristweed-shop.be\/fr\/wp-json\/wp\/v2\/media\/540352"}],"wp:attachment":[{"href":"https:\/\/harristweed-shop.be\/fr\/wp-json\/wp\/v2\/media?parent=540347"}],"wp:term":[{"taxonomy":"product_brand","embeddable":true,"href":"https:\/\/harristweed-shop.be\/fr\/wp-json\/wp\/v2\/product_brand?post=540347"},{"taxonomy":"product_cat","embeddable":true,"href":"https:\/\/harristweed-shop.be\/fr\/wp-json\/wp\/v2\/product_cat?post=540347"},{"taxonomy":"product_tag","embeddable":true,"href":"https:\/\/harristweed-shop.be\/fr\/wp-json\/wp\/v2\/product_tag?post=540347"}],"curies":[{"name":"wp","href":"https:\/\/api.w.org\/{rel}","templated":true}]}}