{"id":540343,"date":"2025-09-26T15:03:16","date_gmt":"2025-09-26T15:03:16","guid":{"rendered":"https:\/\/harristweed-shop.be\/product\/barbour-field-canvas-hanging-washbag-olive\/"},"modified":"2026-05-05T03:41:25","modified_gmt":"2026-05-05T03:41:25","slug":"barbour-field-canvas-hanging-washbag-olive","status":"publish","type":"product","link":"https:\/\/harristweed-shop.be\/fr\/produit\/trousse-de-toilette-suspendue-barbour-field-canvas-olive\/","title":{"rendered":"Trousse de toilette suspendue Barbour Field Canvas Olive"},"content":{"rendered":"<p>Que vous voyagiez ou souhaitiez simplement organiser votre sac, la trousse de toilette Barbour Field offre un espace g\u00e9n\u00e9reux pour tous vos essentiels lors de vos d\u00e9placements. Fabriqu\u00e9e en toile polyester lavable pour un entretien facile, cette trousse de toilette en toile est dot\u00e9e d&#039;une fermeture zipp\u00e9e s\u00e9curis\u00e9e, d&#039;une poche zipp\u00e9e suppl\u00e9mentaire et d&#039;une poche plaqu\u00e9e pour une organisation optimale.<\/p>\n<p>Ext\u00e9rieur : polyester 100%<br \/>\nDoublure int\u00e9rieure : polyester 100%<br \/>\nBadge tiss\u00e9 cousu sur le devant.<br \/>\nHauteur : 18 cm, largeur : 28 cm, profondeur : 9 cm<br \/>\nNettoyer uniquement avec une \u00e9ponge<\/p>","protected":false},"excerpt":{"rendered":"<p>Trousse de toilette suspendue Barbour Field Canvas Olive.<\/p>\n<p>Fabriqu\u00e9e en toile de polyester lavable pour un entretien facile, cette trousse de toilette en toile est dot\u00e9e d&#039;une fermeture \u00e0 glissi\u00e8re s\u00e9curis\u00e9e avec une poche zipp\u00e9e suppl\u00e9mentaire et une poche plaqu\u00e9e pour une organisation suppl\u00e9mentaire.<\/p>","protected":false},"featured_media":540344,"template":"","meta":[],"product_brand":[],"product_cat":[1107,1191,1198,1109,899,638,904,1201,900,901,808,898,1183],"product_tag":[],"class_list":{"0":"post-540343","1":"product","2":"type-product","3":"status-publish","4":"has-post-thumbnail","6":"product_cat-barbour","7":"product_cat-barbour-accessoires","8":"product_cat-barbour-tasschen","9":"product_cat-barbour-tassen","10":"product_cat-geschenke","11":"product_cat-gifts","12":"product_cat-handtaschen","13":"product_cat-kulturbeutel-2","14":"product_cat-reisetaschen","15":"product_cat-taschen","16":"product_cat-tassen","17":"product_cat-tassen-gifts","18":"product_cat-toilettas","19":"pa_merk-barbour","21":"first","22":"instock","23":"taxable","24":"shipping-taxable","25":"purchasable","26":"product-type-simple"},"df_price":79.95,"df_sale_price":"","df_regular_price":79.95,"df_image_link":"https:\/\/harristweed-shop.be\/wp-content\/uploads\/2025\/09\/f7b24af0f5d9895e51fd0dab3d32b751_BARBOUR_Field_Canvas_Hanging_Washbag_Olive-225x300.jpeg","_links":{"self":[{"href":"https:\/\/harristweed-shop.be\/fr\/wp-json\/wp\/v2\/product\/540343","targetHints":{"allow":["GET"]}}],"collection":[{"href":"https:\/\/harristweed-shop.be\/fr\/wp-json\/wp\/v2\/product"}],"about":[{"href":"https:\/\/harristweed-shop.be\/fr\/wp-json\/wp\/v2\/types\/product"}],"wp:featuredmedia":[{"embeddable":true,"href":"https:\/\/harristweed-shop.be\/fr\/wp-json\/wp\/v2\/media\/540344"}],"wp:attachment":[{"href":"https:\/\/harristweed-shop.be\/fr\/wp-json\/wp\/v2\/media?parent=540343"}],"wp:term":[{"taxonomy":"product_brand","embeddable":true,"href":"https:\/\/harristweed-shop.be\/fr\/wp-json\/wp\/v2\/product_brand?post=540343"},{"taxonomy":"product_cat","embeddable":true,"href":"https:\/\/harristweed-shop.be\/fr\/wp-json\/wp\/v2\/product_cat?post=540343"},{"taxonomy":"product_tag","embeddable":true,"href":"https:\/\/harristweed-shop.be\/fr\/wp-json\/wp\/v2\/product_tag?post=540343"}],"curies":[{"name":"wp","href":"https:\/\/api.w.org\/{rel}","templated":true}]}}