{"id":540335,"date":"2025-09-26T14:37:14","date_gmt":"2025-09-26T14:37:14","guid":{"rendered":"https:\/\/harristweed-shop.be\/product\/barbour-newbrough-tartan-ladies-gloves-olive\/"},"modified":"2026-04-07T16:40:25","modified_gmt":"2026-04-07T16:40:25","slug":"barbour-newbrough-tartan-ladies-gloves-olive","status":"publish","type":"product","link":"https:\/\/harristweed-shop.be\/fr\/produit\/gants-barbour-newbrough-tartan-pour-femme-olive\/","title":{"rendered":"Gants Barbour Newbrough Tartan pour femme Olive"},"content":{"rendered":"<p>Ces gants imperm\u00e9ables allient cuir noble et laine m\u00e9lang\u00e9e, dans le motif tartan classique de Barbour. Une fermeture \u00e0 pression au poignet permet un ajustement parfait.<\/p>\n<p>Ext\u00e9rieur : laine 100%<br \/>\nExt\u00e9rieur secondaire : cuir 100%<br \/>\nDoublure : polyester 100%<br \/>\nBracelet ext\u00e9rieur avec logo de la marque<br \/>\nNettoyer uniquement avec une \u00e9ponge<\/p>","protected":false},"excerpt":{"rendered":"<p>Gants Barbour Newbrough Tartan pour femme Olive. <\/p>\n<p>Ces gants imperm\u00e9ables combinent un cuir luxueux avec un m\u00e9lange de laine dans le tartan classique de Barbour.<\/p>","protected":false},"featured_media":540340,"template":"","meta":[],"product_brand":[],"product_cat":[1107,1191,869,886],"product_tag":[],"class_list":{"0":"post-540335","1":"product","2":"type-product","3":"status-publish","4":"has-post-thumbnail","6":"product_cat-barbour","7":"product_cat-barbour-accessoires","8":"product_cat-handschoenen","9":"product_cat-handschuhe","10":"pa_merk-barbour","12":"first","13":"instock","14":"taxable","15":"shipping-taxable","16":"purchasable","17":"product-type-variable"},"df_price":99.95,"df_sale_price":"","df_regular_price":99.95,"df_image_link":"https:\/\/harristweed-shop.be\/wp-content\/uploads\/2025\/09\/b62af468332bc4b8eb69bf65331b5af5_Barbour_Newbrough_Tartan_Ladies_Gloves_Olive-225x300.jpeg","_links":{"self":[{"href":"https:\/\/harristweed-shop.be\/fr\/wp-json\/wp\/v2\/product\/540335","targetHints":{"allow":["GET"]}}],"collection":[{"href":"https:\/\/harristweed-shop.be\/fr\/wp-json\/wp\/v2\/product"}],"about":[{"href":"https:\/\/harristweed-shop.be\/fr\/wp-json\/wp\/v2\/types\/product"}],"wp:featuredmedia":[{"embeddable":true,"href":"https:\/\/harristweed-shop.be\/fr\/wp-json\/wp\/v2\/media\/540340"}],"wp:attachment":[{"href":"https:\/\/harristweed-shop.be\/fr\/wp-json\/wp\/v2\/media?parent=540335"}],"wp:term":[{"taxonomy":"product_brand","embeddable":true,"href":"https:\/\/harristweed-shop.be\/fr\/wp-json\/wp\/v2\/product_brand?post=540335"},{"taxonomy":"product_cat","embeddable":true,"href":"https:\/\/harristweed-shop.be\/fr\/wp-json\/wp\/v2\/product_cat?post=540335"},{"taxonomy":"product_tag","embeddable":true,"href":"https:\/\/harristweed-shop.be\/fr\/wp-json\/wp\/v2\/product_tag?post=540335"}],"curies":[{"name":"wp","href":"https:\/\/api.w.org\/{rel}","templated":true}]}}