{"id":540294,"date":"2025-09-26T14:22:25","date_gmt":"2025-09-26T14:22:25","guid":{"rendered":"https:\/\/harristweed-shop.be\/product\/velours-vestje-met-revers-oliv\/"},"modified":"2026-05-05T03:42:31","modified_gmt":"2026-05-05T03:42:31","slug":"velours-vestje-met-revers-oliv","status":"publish","type":"product","link":"https:\/\/harristweed-shop.be\/fr\/produit\/gilet-en-velours-avec-revers-olive\/","title":{"rendered":"Gilet en velours gallois \u00e0 revers olive"},"content":{"rendered":"<p>Classique et moderne se marient dans cet \u00e9l\u00e9gant gilet en velours \u00ab\u00a0Wales\u00a0\u00bb, qui impressionne par sa qualit\u00e9 de fabrication et son allure raffin\u00e9e. Confectionn\u00e9 en velours de coton 100%, il est dot\u00e9 d&#039;un col \u00e0 revers, de deux poches \u00e0 rabat, d&#039;une poche poitrine, d&#039;un dos en tissu ext\u00e9rieur et d&#039;une fermeture r\u00e9glable. Il se ferme par cinq boutons \u00e0 motif corne. Classique, intemporel et pourtant moderne, ce magnifique gilet s&#039;associe avec \u00e9l\u00e9gance \u00e0 une veste, un pantalon et une chemise, ou se porte avec un jean et des baskets pour une allure d\u00e9contract\u00e9e.<\/p>\n<p>\u2013 Col \u00e0 revers<br \/>- Coupe ajust\u00e9e<br \/>\u2013 Devant et dos en velours de coton 100%<br \/>\u2013 L\u00e8vre r\u00e9glable<br \/>\u2013 Deux poches \u00e0 rabat et une poche ticket sur le c\u00f4t\u00e9 droit<\/p>\n<p>Mensurations du mod\u00e8le : Le mannequin mesure 184 cm et porte une taille 50.<br \/>Coupe : Ajust\u00e9e et ajust\u00e9e.<br \/>Dimensions de l&#039;article : Pour la taille 50, les mesures sont : Longueur du dos : 61 cm, Demi-tour de taille : 53 cm, Demi-tour de poitrine : 55 cm<\/p>\n<p>Tissu ext\u00e9rieur : coton 100%<br \/>Doublure : polyester 55%, polyester 45%<\/p>","protected":false},"excerpt":{"rendered":"<p>Gilet en velours pour homme avec revers, couleur olive, taille 30.<\/p>\n<p>Classique et moderne s&#039;unissent dans cet \u00e9l\u00e9gant gilet en velours \u00ab Wales \u00bb, qui impressionne par sa fabrication de haute qualit\u00e9 et son apparence raffin\u00e9e.<\/p>","protected":false},"featured_media":540306,"template":"","meta":[],"product_brand":[],"product_cat":[510,1078,1079,512,88,511],"product_tag":[],"class_list":{"0":"post-540294","1":"product","2":"type-product","3":"status-publish","4":"has-post-thumbnail","6":"product_cat-heren-vestjes","7":"product_cat-heren-vestjes-harris-tweed","8":"product_cat-heren-vestjes-rib-en-velours","9":"product_cat-herren-westen-und-gilets","10":"product_cat-vestjes-en-gilets","11":"product_cat-westen-und-gilets","12":"pa_merk-wellington","14":"first","15":"instock","16":"taxable","17":"shipping-taxable","18":"purchasable","19":"product-type-variable"},"df_price":149.95,"df_sale_price":"","df_regular_price":149.95,"df_image_link":"https:\/\/harristweed-shop.be\/wp-content\/uploads\/2025\/09\/88d88c47e49c89c64710befabf4c30f3_Velours_Vestje_met_revers_Oliv-225x300.jpeg","_links":{"self":[{"href":"https:\/\/harristweed-shop.be\/fr\/wp-json\/wp\/v2\/product\/540294","targetHints":{"allow":["GET"]}}],"collection":[{"href":"https:\/\/harristweed-shop.be\/fr\/wp-json\/wp\/v2\/product"}],"about":[{"href":"https:\/\/harristweed-shop.be\/fr\/wp-json\/wp\/v2\/types\/product"}],"wp:featuredmedia":[{"embeddable":true,"href":"https:\/\/harristweed-shop.be\/fr\/wp-json\/wp\/v2\/media\/540306"}],"wp:attachment":[{"href":"https:\/\/harristweed-shop.be\/fr\/wp-json\/wp\/v2\/media?parent=540294"}],"wp:term":[{"taxonomy":"product_brand","embeddable":true,"href":"https:\/\/harristweed-shop.be\/fr\/wp-json\/wp\/v2\/product_brand?post=540294"},{"taxonomy":"product_cat","embeddable":true,"href":"https:\/\/harristweed-shop.be\/fr\/wp-json\/wp\/v2\/product_cat?post=540294"},{"taxonomy":"product_tag","embeddable":true,"href":"https:\/\/harristweed-shop.be\/fr\/wp-json\/wp\/v2\/product_tag?post=540294"}],"curies":[{"name":"wp","href":"https:\/\/api.w.org\/{rel}","templated":true}]}}