{"id":540269,"date":"2025-09-26T14:22:18","date_gmt":"2025-09-26T14:22:18","guid":{"rendered":"https:\/\/harristweed-shop.be\/product\/wellington-schippersjas-blue-herringbone\/"},"modified":"2026-05-12T16:08:30","modified_gmt":"2026-05-12T16:08:30","slug":"wellington-schippersjas-blue-herringbone","status":"publish","type":"product","link":"https:\/\/harristweed-shop.be\/fr\/produit\/veste-de-skipper-wellington-a-chevrons-bleus-2\/","title":{"rendered":"Harris Tweed Schippersjas Seaberg en chevrons bleus"},"content":{"rendered":"<p>Le caban \u00ab\u00a0Seaberg\u00a0\u00bb trouve ses origines dans la marine, o\u00f9 il prot\u00e9geait les marins des vents violents et de la pluie par mer agit\u00e9e d\u00e8s le XIXe\u00a0si\u00e8cle. V\u00e9ritable ic\u00f4ne de la mode, il se d\u00e9cline aujourd&#039;hui dans une version en tweed saisissante. Ses grandes poches passepoil\u00e9es confortables et ses deux fentes au dos offrent un confort optimal. Ses caract\u00e9ristiques distinctives incluent une fermeture crois\u00e9e orn\u00e9e d&#039;un logo en corne grav\u00e9, une doublure contrastante rouge l\u00e9g\u00e8rement matelass\u00e9e et un dessous de col en laine verte.<\/p>\n<p>\u2013 Double rang\u00e9e<br \/>\u2013 \u00c9tiquette nominative<br \/>\u2013 Doublure en jacquard de canard<br \/>\u2013 Poches lat\u00e9rales<br \/>-Ajust\u00e9<br \/>\u2013 Dessous de col contrast\u00e9 en feutre de laine<br \/>\u2013 Deux poches int\u00e9rieures<br \/>\u2013 Deux fentes au dos<\/p>\n<p>Mensurations du mod\u00e8le : Le mannequin mesure 184 cm et porte une taille 50.<br \/>Dimensions de l&#039;article : Pour la taille 50, les mesures sont : \u2013 Poitrine : 57 cm \u2013 Taille : 52 cm \u2013 Longueur des manches : 64 cm \u2013 Longueur du dos : 80 cm<\/p>\n<p>Tissu ext\u00e9rieur : 95% laine vierge, 5% cachemire<br \/>Doublure : 60% viscose, 40% polyester<br \/>Doublure des manches : 60% viscose, 40% polyester<\/p>","protected":false},"excerpt":{"rendered":"<p>Harris Tweed Schippersjas Seaberg en chevrons bleus 610.<\/p>\n<p>Le caban \u00ab\u00a0Seaberg\u00a0\u00bb trouve son origine dans la marine, o\u00f9 il prot\u00e9geait les marins des vents violents et de la pluie sur une mer agit\u00e9e d\u00e8s le XIXe\u00a0si\u00e8cle. Aujourd&#039;hui une ic\u00f4ne de la mode, il se d\u00e9cline dans une version en tweed saisissante.<\/p>","protected":false},"featured_media":547120,"template":"","meta":[],"product_brand":[],"product_cat":[1212,1087,530,87,482,531],"product_tag":[],"class_list":{"0":"post-540269","1":"product","2":"type-product","3":"status-publish","4":"has-post-thumbnail","6":"product_cat-harris-tweed","7":"product_cat-harris-tweed-jassen-en-jacks-heren","8":"product_cat-heren-jassen-en-jacks","9":"product_cat-jassen-en-jacks","10":"product_cat-mantel-und-jacken","11":"product_cat-mantel-und-jacken-fur-herren","12":"pa_merk-wellington","14":"first","15":"instock","16":"taxable","17":"shipping-taxable","18":"purchasable","19":"product-type-variable"},"df_price":299.95,"df_sale_price":"","df_regular_price":299.95,"df_image_link":"https:\/\/harristweed-shop.be\/wp-content\/uploads\/2025\/09\/1a9975cc5b5a81f2a3f8e261e5e8935d_Wellington_Schippersjas_Blue_Herringbone-225x300.jpeg","_links":{"self":[{"href":"https:\/\/harristweed-shop.be\/fr\/wp-json\/wp\/v2\/product\/540269","targetHints":{"allow":["GET"]}}],"collection":[{"href":"https:\/\/harristweed-shop.be\/fr\/wp-json\/wp\/v2\/product"}],"about":[{"href":"https:\/\/harristweed-shop.be\/fr\/wp-json\/wp\/v2\/types\/product"}],"wp:featuredmedia":[{"embeddable":true,"href":"https:\/\/harristweed-shop.be\/fr\/wp-json\/wp\/v2\/media\/547120"}],"wp:attachment":[{"href":"https:\/\/harristweed-shop.be\/fr\/wp-json\/wp\/v2\/media?parent=540269"}],"wp:term":[{"taxonomy":"product_brand","embeddable":true,"href":"https:\/\/harristweed-shop.be\/fr\/wp-json\/wp\/v2\/product_brand?post=540269"},{"taxonomy":"product_cat","embeddable":true,"href":"https:\/\/harristweed-shop.be\/fr\/wp-json\/wp\/v2\/product_cat?post=540269"},{"taxonomy":"product_tag","embeddable":true,"href":"https:\/\/harristweed-shop.be\/fr\/wp-json\/wp\/v2\/product_tag?post=540269"}],"curies":[{"name":"wp","href":"https:\/\/api.w.org\/{rel}","templated":true}]}}