{"id":540217,"date":"2025-09-25T15:08:12","date_gmt":"2025-09-25T15:08:12","guid":{"rendered":"https:\/\/harristweed-shop.be\/product\/wellington-harris-tweed-dames-vestje-682\/"},"modified":"2026-05-05T03:42:31","modified_gmt":"2026-05-05T03:42:31","slug":"wellington-harris-tweed-dames-vestje-682","status":"publish","type":"product","link":"https:\/\/harristweed-shop.be\/fr\/produit\/gilet-femme-wellington-harris-tweed-682\/","title":{"rendered":"Gilet Lea pour femme en Harris Tweed \u00e0 carreaux Highland"},"content":{"rendered":"<p>Gilet femme \u201c Lea \u201d - Authentique \u00e9l\u00e9gance britannique en pure laine vierge 100%<\/p>\n<p>Le cardigan f\u00e9minin \u201c\u00a0Lea\u00a0\u201d en Harris Tweed allie avec \u00e9l\u00e9gance tradition et modernit\u00e9. Cette laine vierge d&#039;exception, tiss\u00e9e \u00e0 la main dans les H\u00e9brides ext\u00e9rieures \u00e9cossaises, est bien plus qu&#039;un simple tissu\u00a0: elle incarne plus d&#039;un si\u00e8cle de tradition, une qualit\u00e9 in\u00e9gal\u00e9e, une production particuli\u00e8rement durable et t\u00e9moigne du patrimoine culturel britannique. Respirant et thermor\u00e9gulateur, le Harris Tweed est le compagnon id\u00e9al en toute saison.<\/p>\n<p>Dot\u00e9 de d\u00e9coupes princesse, d&#039;un d\u00e9collet\u00e9 en V profond, de trois poches passepoil\u00e9es, d&#039;une poche int\u00e9rieure et d&#039;un dos en m\u00eame tissu, ce cardigan s\u00e9duit \u00e9galement par sa fonctionnalit\u00e9. Quatre \u00e9l\u00e9gants boutons effet corne compl\u00e8tent son design.<\/p>\n<p>Port\u00e9 sur un chemisier ou un pull, le cardigan \u201c Lea \u201d est polyvalent, ajoute une touche d&#039;\u00e9l\u00e9gance britannique \u00e0 n&#039;importe quelle tenue et est une expression de style et d&#039;individualit\u00e9.<\/p>\n<p>\u2013 Trois poches passepoil\u00e9es \u00e9troites<br \/>\u2013 Une poche int\u00e9rieure<br \/>- Enti\u00e8rement doubl\u00e9<br \/>\u2013 Harris Tweed \u2013 tiss\u00e9 \u00e0 la main en \u00c9cosse<br \/>- L\u00e9g\u00e8rement ajust\u00e9<br \/>\u2013 \u00c9tiquette nominative<br \/>\u2013 Devant et dos enti\u00e8rement confectionn\u00e9s en Harris Tweed<\/p>\n<p>Mensurations du mod\u00e8le : Le mannequin mesure 174 cm et porte une taille 36.<br \/>Coupe : L\u00e9g\u00e8rement ajust\u00e9e<br \/>Dimensions du produit\u00a0: Pour la taille 36, les mesures sont les suivantes\u00a0: longueur dos\u00a0: 51,5\u00a0cm \u2013 demi-tour de poitrine\u00a0: 46,6\u00a0cm \u2013 demi-tour de taille\u00a0: 42,3\u00a0cm<\/p>\n<p>Tissu ext\u00e9rieur : laine vierge 100%<br \/>Doublure : 55% polyester, 45% viscose<\/p>","protected":false},"excerpt":{"rendered":"<p>Gilet pour femme Harris Tweed Lea \u00e0 carreaux Highland 682.<\/p>\n<p>Le gilet f\u00e9minin en Harris Tweed \u201c Lea \u201d allie avec \u00e9l\u00e9gance tradition et modernit\u00e9. Cette laine vierge d&#039;exception, tiss\u00e9e \u00e0 la main dans les H\u00e9brides ext\u00e9rieures \u00e9cossaises, est bien plus qu&#039;un simple tissu\u00a0: elle incarne plus d&#039;un si\u00e8cle de tradition, une qualit\u00e9 in\u00e9gal\u00e9e, une production particuli\u00e8rement durable et t\u00e9moigne du patrimoine culturel britannique.<\/p>","protected":false},"featured_media":540682,"template":"","meta":[],"product_brand":[],"product_cat":[594,593,592,353,1137,1161,15,478,88,511],"product_tag":[],"class_list":{"0":"post-540217","1":"product","2":"type-product","3":"status-publish","4":"has-post-thumbnail","6":"product_cat-damen-westen-und-gilets","7":"product_cat-dames-vestjes","8":"product_cat-harris-tweed-blazer-fur-damen","9":"product_cat-harris-tweed-dames-jasjes","10":"product_cat-harris-tweed-vestjes-en-gilets-dames","11":"product_cat-harris-tweed-westen-und-gilets-damen","12":"product_cat-harris-tweed-colberts","13":"product_cat-tweed-sakkos","14":"product_cat-vestjes-en-gilets","15":"product_cat-westen-und-gilets","16":"pa_merk-wellington","18":"first","19":"instock","20":"taxable","21":"shipping-taxable","22":"purchasable","23":"product-type-variable"},"df_price":179.95,"df_sale_price":"","df_regular_price":179.95,"df_image_link":"https:\/\/harristweed-shop.be\/wp-content\/uploads\/2025\/09\/84df1e5ca0b7bf77ab543341bdd7bc0e_Wellington_Harris_Tweed_Dames_Vestje_682-225x300.jpeg","_links":{"self":[{"href":"https:\/\/harristweed-shop.be\/fr\/wp-json\/wp\/v2\/product\/540217","targetHints":{"allow":["GET"]}}],"collection":[{"href":"https:\/\/harristweed-shop.be\/fr\/wp-json\/wp\/v2\/product"}],"about":[{"href":"https:\/\/harristweed-shop.be\/fr\/wp-json\/wp\/v2\/types\/product"}],"wp:featuredmedia":[{"embeddable":true,"href":"https:\/\/harristweed-shop.be\/fr\/wp-json\/wp\/v2\/media\/540682"}],"wp:attachment":[{"href":"https:\/\/harristweed-shop.be\/fr\/wp-json\/wp\/v2\/media?parent=540217"}],"wp:term":[{"taxonomy":"product_brand","embeddable":true,"href":"https:\/\/harristweed-shop.be\/fr\/wp-json\/wp\/v2\/product_brand?post=540217"},{"taxonomy":"product_cat","embeddable":true,"href":"https:\/\/harristweed-shop.be\/fr\/wp-json\/wp\/v2\/product_cat?post=540217"},{"taxonomy":"product_tag","embeddable":true,"href":"https:\/\/harristweed-shop.be\/fr\/wp-json\/wp\/v2\/product_tag?post=540217"}],"curies":[{"name":"wp","href":"https:\/\/api.w.org\/{rel}","templated":true}]}}