{"id":540203,"date":"2025-09-25T07:27:13","date_gmt":"2025-09-25T07:27:13","guid":{"rendered":"https:\/\/harristweed-shop.be\/product\/barbour-classic-beadnell-wax-jacket-navy\/"},"modified":"2026-04-07T17:04:11","modified_gmt":"2026-04-07T17:04:11","slug":"barbour-classic-beadnell-wax-jacket-navy","status":"publish","type":"product","link":"https:\/\/harristweed-shop.be\/fr\/produit\/veste-ciree-barbour-classic-beadnell-bleu-marine\/","title":{"rendered":"Veste cir\u00e9e Barbour Classic Beadnell bleu marine"},"content":{"rendered":"<p>V\u00e9ritable ic\u00f4ne de la campagne britannique, la veste cir\u00e9e Barbour Classic Beadnell s&#039;inspire de la l\u00e9gendaire Bedale, revisit\u00e9e avec une nouvelle coupe et de nouvelles coutures pour une silhouette plus f\u00e9minine et une touche Barbour intemporelle. Confectionn\u00e9e avec un ext\u00e9rieur en coton cir\u00e9 Sylkoil et une doublure en coton orn\u00e9e de notre tartan signature pour un look Barbour ultime, cette veste est id\u00e9ale toute l&#039;ann\u00e9e et peut \u00eatre port\u00e9e seule ou superpos\u00e9e, selon la saison. Elle est dot\u00e9e d&#039;un col traditionnel en velours c\u00f4tel\u00e9, d&#039;un rabat-temp\u00eate et d&#039;une fermeture \u00e9clair r\u00e9sistante avec rabat-temp\u00eate \u00e0 boutons-pression pour vous prot\u00e9ger du froid. Parmi les d\u00e9tails classiques, on retrouve des poches chauffe-mains doubl\u00e9es de moleskine et nos poches \u00e0 soufflet arrondies embl\u00e9matiques avec logo brod\u00e9.<\/p>\n<p>Ext\u00e9rieur : coton 100% (cir\u00e9)<br \/>\nDoublure : coton 100%<br \/>\nExt\u00e9rieur en Sylkoil cir\u00e9 170 g\/m\u00b2, int\u00e9rieur en tartan<br \/>\nBroderie Barbour sur le rabat de la poche gauche<br \/>\nLongueur du dos : 74 cm<br \/>\nNe pas laver<br \/>\nNettoyer uniquement avec une \u00e9ponge<\/p>","protected":false},"excerpt":{"rendered":"<p>Veste cir\u00e9e Barbour Classic Beadnell bleu marine.<\/p>\n<p>V\u00e9ritable ic\u00f4ne de la campagne britannique, la veste cir\u00e9e Barbour Classic Beadnell est bas\u00e9e sur la l\u00e9gendaire Bedale, mise \u00e0 jour avec une nouvelle coupe et de nouvelles coutures pour une silhouette plus f\u00e9minine avec une touche Barbour intemporelle.<\/p>","protected":false},"featured_media":540213,"template":"","meta":[],"product_brand":[],"product_cat":[1107,1129,1112,481,87,482,483,1026],"product_tag":[],"class_list":{"0":"post-540203","1":"product","2":"type-product","3":"status-publish","4":"has-post-thumbnail","6":"product_cat-barbour","7":"product_cat-barbour-dames-jassen","8":"product_cat-barbour-jassen","9":"product_cat-dames-jassen-en-jacks","10":"product_cat-jassen-en-jacks","11":"product_cat-mantel-und-jacken","12":"product_cat-mantel-und-jacken-fur-damen","13":"product_cat-wax-jackets","14":"pa_merk-barbour","16":"first","17":"instock","18":"taxable","19":"shipping-taxable","20":"purchasable","21":"product-type-variable"},"df_price":349.95,"df_sale_price":"","df_regular_price":349.95,"df_image_link":"https:\/\/harristweed-shop.be\/wp-content\/uploads\/2025\/09\/f9844bf7e6088bc14f41e20ec34ce82d_Barbour_Classic_Beadnell_Wax_Jacket_navy-225x300.jpeg","_links":{"self":[{"href":"https:\/\/harristweed-shop.be\/fr\/wp-json\/wp\/v2\/product\/540203","targetHints":{"allow":["GET"]}}],"collection":[{"href":"https:\/\/harristweed-shop.be\/fr\/wp-json\/wp\/v2\/product"}],"about":[{"href":"https:\/\/harristweed-shop.be\/fr\/wp-json\/wp\/v2\/types\/product"}],"wp:featuredmedia":[{"embeddable":true,"href":"https:\/\/harristweed-shop.be\/fr\/wp-json\/wp\/v2\/media\/540213"}],"wp:attachment":[{"href":"https:\/\/harristweed-shop.be\/fr\/wp-json\/wp\/v2\/media?parent=540203"}],"wp:term":[{"taxonomy":"product_brand","embeddable":true,"href":"https:\/\/harristweed-shop.be\/fr\/wp-json\/wp\/v2\/product_brand?post=540203"},{"taxonomy":"product_cat","embeddable":true,"href":"https:\/\/harristweed-shop.be\/fr\/wp-json\/wp\/v2\/product_cat?post=540203"},{"taxonomy":"product_tag","embeddable":true,"href":"https:\/\/harristweed-shop.be\/fr\/wp-json\/wp\/v2\/product_tag?post=540203"}],"curies":[{"name":"wp","href":"https:\/\/api.w.org\/{rel}","templated":true}]}}