{"id":540188,"date":"2025-09-24T13:17:32","date_gmt":"2025-09-24T13:17:32","guid":{"rendered":"https:\/\/harristweed-shop.be\/product\/wellington-fieldjacket-in-harris-tweed-633\/"},"modified":"2026-04-21T11:33:45","modified_gmt":"2026-04-21T11:33:45","slug":"wellington-fieldjacket-in-harris-tweed-633","status":"publish","type":"product","link":"https:\/\/harristweed-shop.be\/fr\/produit\/veste-de-combat-wellington-en-tweed-harris-633\/","title":{"rendered":"Veste de terrain en tweed Harris \u201c\u00a0Bristol\u00a0\u201d \u00e0 carreaux verts"},"content":{"rendered":"<p>La veste de terrain \u00ab Bristol \u00bb, confectionn\u00e9e en tweed Harris haut de gamme, allie de mani\u00e8re unique tradition et charme britannique. <\/p>\n<p>Ce tissu exclusif et durable ne re\u00e7oit le label de qualit\u00e9 convoit\u00e9 que s&#039;il est tiss\u00e9 \u00e0 la main sur l&#039;\u00eele \u00e9cossaise de Harris. Robuste, durable et chaude, cette veste offre non seulement une protection parfaite pour les activit\u00e9s de plein air comme la chasse, mais aussi un confort absolu. Elle est dot\u00e9e de d\u00e9tails pratiques et bien pens\u00e9s, comme deux grandes poches \u00e0 plis et de confortables poches en biais \u00e0 rabat. L&#039;int\u00e9rieur du col et de la patte de boutonnage est doubl\u00e9 de velours c\u00f4tel\u00e9 fin et doux. <\/p>\n<p>Elle est dot\u00e9e de poignets r\u00e9glables, d&#039;une fermeture \u00e9clair dissimul\u00e9e \u00e0 double sens et de logos imprim\u00e9s couleur laiton de haute qualit\u00e9. Un cordon de serrage r\u00e9glable \u00e0 la taille et \u00e0 l&#039;ourlet permet d&#039;ajuster la largeur pour vous prot\u00e9ger du froid. Sa doublure matelass\u00e9e chaude et sa poche int\u00e9rieure pratique font de cette veste le compagnon id\u00e9al, surtout lors des fra\u00eeches journ\u00e9es d&#039;automne. Pi\u00e8ce \u00e9l\u00e9gante et confortable, ce mod\u00e8le s&#039;av\u00e8re polyvalent et parfait pour une tenue de haut niveau.<\/p>\n<p>\u2013 Poches plaqu\u00e9es<br \/>\u2013 Une poche int\u00e9rieure<br \/>\u2013 Harris Tweed \u2013 tiss\u00e9 \u00e0 la main en \u00c9cosse<br \/>\u2013 Col en velours c\u00f4tel\u00e9 fin<br \/>\u2013 \u00c9tiquette nominative<br \/>\u2013 Poches lat\u00e9rales<br \/>\u2013 Doublure matelass\u00e9e chaude<\/p>\n<p>Mensurations du mod\u00e8le : Le mannequin mesure 189 cm et porte une taille 50.<br \/>Coupe : Mod\u00e8le droit<br \/>Dimensions de l&#039;article : Pour la taille 50, les mesures sont : Longueur du dos : 81 cm \u2013 Longueur des manches \u00e0 partir du ballon : 69 cm \u2013 Demi-poitrine : 62 cm<\/p>\n<p>Tissu ext\u00e9rieur : laine vierge 100%<br \/>Doublure : viscose 100%<br \/>Doublure des manches : viscose 100%<\/p>","protected":false},"excerpt":{"rendered":"<p>Veste de terrain en tweed Harris \u201c Bristol \u201d \u00e0 carreaux verts 633.<\/p>\n<p>La veste de terrain \u00ab Bristol \u00bb, confectionn\u00e9e en tweed Harris haut de gamme, allie de mani\u00e8re unique tradition et charme britannique.<\/p>","protected":false},"featured_media":540197,"template":"","meta":[],"product_brand":[],"product_cat":[1212,1087,1157,530,87,482,531],"product_tag":[],"class_list":{"0":"post-540188","1":"product","2":"type-product","3":"status-publish","4":"has-post-thumbnail","6":"product_cat-harris-tweed","7":"product_cat-harris-tweed-jassen-en-jacks-heren","8":"product_cat-harris-tweed-mantel-und-jacken-fur-herren","9":"product_cat-heren-jassen-en-jacks","10":"product_cat-jassen-en-jacks","11":"product_cat-mantel-und-jacken","12":"product_cat-mantel-und-jacken-fur-herren","13":"pa_merk-wellington","15":"first","16":"instock","17":"taxable","18":"shipping-taxable","19":"purchasable","20":"product-type-variable"},"df_price":449.95,"df_sale_price":"","df_regular_price":449.95,"df_image_link":"https:\/\/harristweed-shop.be\/wp-content\/uploads\/2025\/09\/a518c3b4e4ef07d9a06ce61e176853e6_Wellington_Fieldjacket_in_Harris_Tweed_633-225x300.jpeg","_links":{"self":[{"href":"https:\/\/harristweed-shop.be\/fr\/wp-json\/wp\/v2\/product\/540188","targetHints":{"allow":["GET"]}}],"collection":[{"href":"https:\/\/harristweed-shop.be\/fr\/wp-json\/wp\/v2\/product"}],"about":[{"href":"https:\/\/harristweed-shop.be\/fr\/wp-json\/wp\/v2\/types\/product"}],"wp:featuredmedia":[{"embeddable":true,"href":"https:\/\/harristweed-shop.be\/fr\/wp-json\/wp\/v2\/media\/540197"}],"wp:attachment":[{"href":"https:\/\/harristweed-shop.be\/fr\/wp-json\/wp\/v2\/media?parent=540188"}],"wp:term":[{"taxonomy":"product_brand","embeddable":true,"href":"https:\/\/harristweed-shop.be\/fr\/wp-json\/wp\/v2\/product_brand?post=540188"},{"taxonomy":"product_cat","embeddable":true,"href":"https:\/\/harristweed-shop.be\/fr\/wp-json\/wp\/v2\/product_cat?post=540188"},{"taxonomy":"product_tag","embeddable":true,"href":"https:\/\/harristweed-shop.be\/fr\/wp-json\/wp\/v2\/product_tag?post=540188"}],"curies":[{"name":"wp","href":"https:\/\/api.w.org\/{rel}","templated":true}]}}