{"id":540037,"date":"2025-09-16T13:32:41","date_gmt":"2025-09-16T13:32:41","guid":{"rendered":"https:\/\/harristweed-shop.be\/product\/pullover-lambswool-taupe-met-harris-tweed-details-taupe\/"},"modified":"2026-04-16T15:05:47","modified_gmt":"2026-04-16T15:05:47","slug":"pullover-lambswool-taupe-met-harris-tweed-details-taupe","status":"publish","type":"product","link":"https:\/\/harristweed-shop.be\/fr\/produit\/pull-en-laine-dagneau-taupe-avec-details-en-tweed-harris-taupe\/","title":{"rendered":"Pull en laine d&#039;agneau \u201c Jack \u201d avec d\u00e9tails en tweed Harris couleur taupe"},"content":{"rendered":"<p>Le pull en m\u00e9rinos \u00ab Jack \u00bb est merveilleusement doux et \u00e9l\u00e9gant, dans un style campagnard. Il pr\u00e9sente une coupe classique avec col en V, poignets et ourlet c\u00f4tel\u00e9s. <\/p>\n<p>V\u00e9ritable adoucissant pour la peau, la laine m\u00e9rinos est trois fois plus fine que la laine traditionnelle et compte parmi les tissus les plus doux. Gr\u00e2ce \u00e0 ses excellentes propri\u00e9t\u00e9s isolantes contre le froid et la chaleur, ce pull bien-\u00eatre est le choix id\u00e9al en toute saison. <\/p>\n<p>Les empi\u00e8cements de manches en Harris Tweed original, dont les motifs s&#039;harmonisent avec les gilets, vestes et chapeaux Wellington ou Bilmore, sont un d\u00e9tail particuli\u00e8rement \u00e9l\u00e9gant. Ce pull reste un incontournable, intemporel et polyvalent, indispensable \u00e0 toute garde-robe masculine.<\/p>\n<p>- Agr\u00e9able pour la peau<br \/>\u2013 Patchs de manches en tweed Harris original<br \/>\u2013 Dimensionnellement stable<br \/>\u2013 Options de combinaison polyvalentes<br \/>\u2013 Design intemporel<\/p>\n<p>Taille du mod\u00e8le : Le mannequin mesure 184 cm et porte la taille L.<br \/>Coupe : ModernFit<br \/>Taille de l&#039;article : pour la taille L : longueur du dos : 69 cm \u2013 longueur des manches : 66 cm \u2013 tour de poitrine : 55,5 cm<\/p>\n<p>Tissu ext\u00e9rieur : laine d&#039;agneau m\u00e9rinos 100%<\/p>","protected":false},"excerpt":{"rendered":"<p>Pull en laine d&#039;agneau \u201c Jack \u201d avec d\u00e9tails en tweed Harris couleur taupe 227.<\/p>\n<p>Le pull en m\u00e9rinos \u00ab Jack \u00bb est merveilleusement doux et \u00e9l\u00e9gant, dans un style campagnard. Il pr\u00e9sente une coupe classique avec col en V, poignets et ourlet c\u00f4tel\u00e9s.<\/p>","protected":false},"featured_media":540045,"template":"","meta":[],"product_brand":[],"product_cat":[470,1189,486,1188,84,1124,442,487],"product_tag":[],"class_list":{"0":"post-540037","1":"product","2":"type-product","3":"status-publish","4":"has-post-thumbnail","6":"product_cat-pull-over","7":"product_cat-pullover-mit-harris-tweed","8":"product_cat-pullover-und-westen","9":"product_cat-pullovers-met-harris-tweed-details","10":"product_cat-truien-en-pullovers","11":"product_cat-truien-met-harris-tweed-details","12":"product_cat-wollen-truien","13":"product_cat-wollpullover","14":"pa_merk-wellington","16":"first","17":"instock","18":"taxable","19":"shipping-taxable","20":"purchasable","21":"product-type-variable"},"df_price":99.95,"df_sale_price":"","df_regular_price":99.95,"df_image_link":"https:\/\/harristweed-shop.be\/wp-content\/uploads\/2025\/09\/d208b9aacfa337476005a42e9b6024c8_Pullover_lambswool_Taupe_met_Harris_Tweed_details_Taupe-225x300.jpg","_links":{"self":[{"href":"https:\/\/harristweed-shop.be\/fr\/wp-json\/wp\/v2\/product\/540037","targetHints":{"allow":["GET"]}}],"collection":[{"href":"https:\/\/harristweed-shop.be\/fr\/wp-json\/wp\/v2\/product"}],"about":[{"href":"https:\/\/harristweed-shop.be\/fr\/wp-json\/wp\/v2\/types\/product"}],"wp:featuredmedia":[{"embeddable":true,"href":"https:\/\/harristweed-shop.be\/fr\/wp-json\/wp\/v2\/media\/540045"}],"wp:attachment":[{"href":"https:\/\/harristweed-shop.be\/fr\/wp-json\/wp\/v2\/media?parent=540037"}],"wp:term":[{"taxonomy":"product_brand","embeddable":true,"href":"https:\/\/harristweed-shop.be\/fr\/wp-json\/wp\/v2\/product_brand?post=540037"},{"taxonomy":"product_cat","embeddable":true,"href":"https:\/\/harristweed-shop.be\/fr\/wp-json\/wp\/v2\/product_cat?post=540037"},{"taxonomy":"product_tag","embeddable":true,"href":"https:\/\/harristweed-shop.be\/fr\/wp-json\/wp\/v2\/product_tag?post=540037"}],"curies":[{"name":"wp","href":"https:\/\/api.w.org\/{rel}","templated":true}]}}