{"id":539932,"date":"2025-09-12T09:52:14","date_gmt":"2025-09-12T09:52:14","guid":{"rendered":"https:\/\/harristweed-shop.be\/product\/zomer-jasje-wellington-blue-check-silk\/"},"modified":"2026-04-07T17:26:23","modified_gmt":"2026-04-07T17:26:23","slug":"zomer-jasje-wellington-blue-check-silk","status":"publish","type":"product","link":"https:\/\/harristweed-shop.be\/fr\/produit\/veste-dete-en-soie-a-carreaux-bleus-wellington\/","title":{"rendered":"Veste en soie London bleue \u00e0 carreaux discrets"},"content":{"rendered":"<p>Blazer \u00e9l\u00e9gant pour homme \u201c\u00a0London\u00a0\u201d en pure soie 100% \u2013 Luxe estival pour hommes \u00e9l\u00e9gants<\/p>\n<p>D\u00e9couvrez une \u00e9l\u00e9gance intemporelle et un confort exceptionnel avec le blazer \u201c\u00a0London\u00a0\u201d pour homme, confectionn\u00e9 en pure soie 100%. Fine et respirante, cette soie au subtil \u00e9clat r\u00e9gule la temp\u00e9rature et procure une agr\u00e9able sensation de fra\u00eecheur, id\u00e9ale pour le printemps et l\u2019\u00e9t\u00e9.<\/p>\n<p>Ce blazer pr\u00e9sente une \u00e9l\u00e9gante patte de boutonnage \u00e0 deux boutons, deux poches \u00e0 rabat, une poche poitrine et une poche ticket pratique \u2013 id\u00e9ale pour ranger avec style vos petits objets essentiels. L&#039;int\u00e9rieur de ce blazer d&#039;\u00e9t\u00e9 est confectionn\u00e9 avec un souci du d\u00e9tail : quatre poches int\u00e9rieures pratiques offrent un espace de rangement g\u00e9n\u00e9reux, tandis que la doublure douce en viscose, agr\u00e9able au toucher, assure un enfilage facile et un confort optimal. La coupe pr\u00e9cise, avec ses deux longues fentes au dos, cr\u00e9e une silhouette \u00e9lanc\u00e9e et masculine tout en garantissant une libert\u00e9 de mouvement totale. Des d\u00e9tails soign\u00e9s, tels que le col doubl\u00e9 de feutre de laine fine et les boutons exclusifs \u00e0 la finition corne \u00e9l\u00e9gante, apportent une touche distinctive.<\/p>\n<p>Port\u00e9 avec un cardigan pour le travail, avec un chino ou un jean pour un look d\u00e9contract\u00e9, ou m\u00eame avec un bermuda pour une allure \u00e9l\u00e9gante, le blazer en soie \u201c\u00a0London\u00a0\u201d est polyvalent et convient \u00e0 toutes les occasions. Un blazer qui allie avec brio style, qualit\u00e9 et confort, pour l\u2019homme moderne exigeant, en qu\u00eate d\u2019exception.<\/p>\n<p>\u2013 Soie 100%<br \/>- Veste \u00e0 2 boutons <br \/>\u2013 Une poche passepoil\u00e9e sur la poitrine<br \/>\u2013 Coupe moderne<br \/>\u2013 \u00c9tiquette nominative<br \/>\u2013 Dessous de col en feutre de laine contrastant<br \/>\u2013 Quatre poches int\u00e9rieures<br \/>\u2013 Deux poches \u00e0 rabat et une poche \u00e0 ticket<br \/>\u2013 Deux fentes au dos<\/p>\n<p>Mensurations du mannequin\u00a0: Le mannequin mesure 189\u00a0cm et porte une taille\u00a050.<br \/>Coupe : La veste poss\u00e8de une coupe moderne et une silhouette \u00e0 la fois sportive et \u00e9l\u00e9gante.<br \/>Dimensions du produit\u00a0: Pour la taille 50, les mesures sont les suivantes\u00a0: Longueur dos\u00a0: 74\u00a0cm \u2013 Longueur des manches (depuis l\u2019emmanchure)\u00a0: 64\u00a0cm \u2013 Largeur taille \u00e0 mi-hauteur\u00a0: 51\u00a0cm<\/p>\n<p>Tissu ext\u00e9rieur : soie 100%<br \/>Doublure : viscose 100%<br \/>Doublure des manches : viscose 100%<\/p>","protected":false},"excerpt":{"rendered":"<p>Veste d&#039;\u00e9t\u00e9 en soie London bleue \u00e0 carreaux discrets 135.<\/p>\n<p>D\u00e9couvrez une \u00e9l\u00e9gance intemporelle et un confort exceptionnel avec le blazer \u201c\u00a0London\u00a0\u201d pour homme, confectionn\u00e9 en pure soie 100%. Fine et respirante, cette soie au subtil \u00e9clat r\u00e9gule la temp\u00e9rature et procure une agr\u00e9able sensation de fra\u00eecheur, id\u00e9ale pour le printemps et l\u2019\u00e9t\u00e9.<\/p>","protected":false},"featured_media":539941,"template":"","meta":[],"product_brand":[],"product_cat":[1095,1090,479,1093,1081,1094,15,478],"product_tag":[],"class_list":{"0":"post-539932","1":"product","2":"type-product","3":"status-publish","4":"has-post-thumbnail","6":"product_cat-colbert-linnen-colberts-en-jasjes","7":"product_cat-colberts-en-jasjes","8":"product_cat-harris-tweed-sakkos-fur-herren","9":"product_cat-leinen-und-seide-sakkos-fur-herren","10":"product_cat-linnen-en-zijden-heren-jasjes","11":"product_cat-linnen-en-zijden-jasjes-heren","12":"product_cat-harris-tweed-colberts","13":"product_cat-tweed-sakkos","14":"pa_merk-wellington","16":"first","17":"instock","18":"taxable","19":"shipping-taxable","20":"purchasable","21":"product-type-variable"},"df_price":379.95,"df_sale_price":"","df_regular_price":379.95,"df_image_link":"https:\/\/harristweed-shop.be\/wp-content\/uploads\/2025\/09\/9a9a5ba2b568e294bcf999b53eae5a5b_Zomer_Jasje_Wellington_Blue_Check_Silk-225x300.jpeg","_links":{"self":[{"href":"https:\/\/harristweed-shop.be\/fr\/wp-json\/wp\/v2\/product\/539932","targetHints":{"allow":["GET"]}}],"collection":[{"href":"https:\/\/harristweed-shop.be\/fr\/wp-json\/wp\/v2\/product"}],"about":[{"href":"https:\/\/harristweed-shop.be\/fr\/wp-json\/wp\/v2\/types\/product"}],"wp:featuredmedia":[{"embeddable":true,"href":"https:\/\/harristweed-shop.be\/fr\/wp-json\/wp\/v2\/media\/539941"}],"wp:attachment":[{"href":"https:\/\/harristweed-shop.be\/fr\/wp-json\/wp\/v2\/media?parent=539932"}],"wp:term":[{"taxonomy":"product_brand","embeddable":true,"href":"https:\/\/harristweed-shop.be\/fr\/wp-json\/wp\/v2\/product_brand?post=539932"},{"taxonomy":"product_cat","embeddable":true,"href":"https:\/\/harristweed-shop.be\/fr\/wp-json\/wp\/v2\/product_cat?post=539932"},{"taxonomy":"product_tag","embeddable":true,"href":"https:\/\/harristweed-shop.be\/fr\/wp-json\/wp\/v2\/product_tag?post=539932"}],"curies":[{"name":"wp","href":"https:\/\/api.w.org\/{rel}","templated":true}]}}