{"id":539866,"date":"2025-09-10T14:57:17","date_gmt":"2025-09-10T14:57:17","guid":{"rendered":"https:\/\/harristweed-shop.be\/product\/wellington-harris-tweed-damesjas-gesteppt-met-polarfleece-red-dahlia\/"},"modified":"2026-04-21T15:52:58","modified_gmt":"2026-04-21T15:52:58","slug":"wellington-harris-tweed-damesjas-gesteppt-met-polarfleece-red-dahlia","status":"publish","type":"product","link":"https:\/\/harristweed-shop.be\/fr\/produit\/veste-femme-wellington-en-tweed-harris-avec-doublure-polaire-rouge-dahlia\/","title":{"rendered":"Manteau Gabby pour femme, garni de tweed rouge dahlia"},"content":{"rendered":"<p>\u00c9l\u00e9gante en toute saison \u2013 Doudoune femme \u201c Gabby \u201d<\/p>\n<p>Lorsque les jours raccourcissent et que les temp\u00e9ratures baissent, la doudoune \u201c\u00a0Gabby\u00a0\u201d pour femme, l\u00e9g\u00e8re et fonctionnelle, au charme britannique ind\u00e9niable, est la compagne id\u00e9ale. Son matelassage innovant en sandwich, doubl\u00e9 d&#039;une douce polaire, offre une chaleur douillette sans ajouter d&#039;\u00e9paisseur \u2013 parfait pour la mi-saison.<\/p>\n<p>\u201cLe sac \u201d\u00a0Gabby\u00a0\u00bb se ferme sur le devant par d\u2019\u00e9l\u00e9gants boutons effet corne. Trois poches lat\u00e9rales zipp\u00e9es passepoil\u00e9es et une poche int\u00e9rieure refermable offrent un rangement pratique pour les objets du quotidien.<\/p>\n<p>Des d\u00e9tails soign\u00e9s, comme les poignets et le col montant, confectionn\u00e9s en v\u00e9ritable tweed Harris, conf\u00e8rent \u00e0 cette veste son caract\u00e8re unique. Ce tissu \u00e9cossais tiss\u00e9 \u00e0 la main est non seulement impr\u00e9gn\u00e9 de tradition, mais aussi exceptionnellement r\u00e9sistant, chaud et pratiquement infroissable \u2013 un v\u00e9ritable morceau d&#039;histoire textile.<\/p>\n<p>Les coutures au niveau de la poitrine et les d\u00e9coupes princesse cr\u00e9ent une silhouette flatteuse qui souligne subtilement la f\u00e9minit\u00e9. Les finitions soign\u00e9es des coutures et des bords t\u00e9moignent d&#039;une confection de haute qualit\u00e9 et cr\u00e9ent un design harmonieux\u00a0: un manteau qui allie avec brio chaleur, style et qualit\u00e9.<\/p>\n<p>\u2013 Trois poches zipp\u00e9es \u00e0 l&#039;avant<br \/>\u2013 Une poche int\u00e9rieure avec fermeture \u00e9clair<br \/>\u2013 Coutures sportives en forme de losange<br \/>\u2013 Doublure polaire confortable<br \/>- L\u00e9g\u00e8rement ajust\u00e9<br \/>\u2013 Finitions en v\u00e9ritable Harris Tweed<br \/>\u2013 \u00c9tiquette nominative<br \/>\u2013 Rabat-temp\u00eate amovible<\/p>\n<p>Mensurations du mannequin\u00a0: Le mannequin mesure 176\u00a0cm et porte une taille\u00a036 sur la photo.<br \/>Coupe : L\u00e9g\u00e8rement ajust\u00e9e<br \/>Dimensions du produit\u00a0: Pour la taille 36, les dimensions sont les suivantes\u00a0: Longueur dos\u00a0: 86\u00a0cm \u2013 Demi-tour de poitrine\u00a0: 50\u00a0cm \u2013 Demi-tour de taille\u00a0: 48\u00a0cm \u2013 Longueur des manches\u00a0: 62\u00a0cm<\/p>\n<p>Tissu ext\u00e9rieur : polyester 100%<\/p>","protected":false},"excerpt":{"rendered":"<p>Manteau Wellington pour femme Gabby avec rev\u00eatement en tweed rouge Dahlia 446.<\/p>\n<p>Lorsque les jours raccourcissent et que les temp\u00e9ratures baissent, la doudoune \u201c\u00a0Gabby\u00a0\u201d pour femme, l\u00e9g\u00e8re et fonctionnelle, au charme britannique ind\u00e9niable, est la compagne id\u00e9ale. Son matelassage innovant en sandwich, doubl\u00e9 d&#039;une douce polaire, offre une chaleur douillette sans ajouter d&#039;\u00e9paisseur \u2013 parfait pour la mi-saison.<\/p>","protected":false},"featured_media":539877,"template":"","meta":[],"product_brand":[],"product_cat":[481,1089,1160,87,482,483],"product_tag":[],"class_list":{"0":"post-539866","1":"product","2":"type-product","3":"status-publish","4":"has-post-thumbnail","6":"product_cat-dames-jassen-en-jacks","7":"product_cat-harris-tweed-jassen-en-jacks-dames","8":"product_cat-harris-tweed-mantel-und-jacken-fur-damen","9":"product_cat-jassen-en-jacks","10":"product_cat-mantel-und-jacken","11":"product_cat-mantel-und-jacken-fur-damen","12":"pa_merk-wellington","14":"first","15":"instock","16":"taxable","17":"shipping-taxable","18":"purchasable","19":"product-type-variable"},"df_price":199.95,"df_sale_price":"","df_regular_price":199.95,"df_image_link":"https:\/\/harristweed-shop.be\/wp-content\/uploads\/2025\/09\/818f254bcad6c197bf8bb57582411206_Wellington__Harris_Tweed_damesjas_gesteppt_met_Polarfleece_Red_Dahlia-225x300.jpeg","_links":{"self":[{"href":"https:\/\/harristweed-shop.be\/fr\/wp-json\/wp\/v2\/product\/539866","targetHints":{"allow":["GET"]}}],"collection":[{"href":"https:\/\/harristweed-shop.be\/fr\/wp-json\/wp\/v2\/product"}],"about":[{"href":"https:\/\/harristweed-shop.be\/fr\/wp-json\/wp\/v2\/types\/product"}],"wp:featuredmedia":[{"embeddable":true,"href":"https:\/\/harristweed-shop.be\/fr\/wp-json\/wp\/v2\/media\/539877"}],"wp:attachment":[{"href":"https:\/\/harristweed-shop.be\/fr\/wp-json\/wp\/v2\/media?parent=539866"}],"wp:term":[{"taxonomy":"product_brand","embeddable":true,"href":"https:\/\/harristweed-shop.be\/fr\/wp-json\/wp\/v2\/product_brand?post=539866"},{"taxonomy":"product_cat","embeddable":true,"href":"https:\/\/harristweed-shop.be\/fr\/wp-json\/wp\/v2\/product_cat?post=539866"},{"taxonomy":"product_tag","embeddable":true,"href":"https:\/\/harristweed-shop.be\/fr\/wp-json\/wp\/v2\/product_tag?post=539866"}],"curies":[{"name":"wp","href":"https:\/\/api.w.org\/{rel}","templated":true}]}}