{"id":539832,"date":"2025-09-05T07:17:19","date_gmt":"2025-09-05T07:17:19","guid":{"rendered":"https:\/\/harristweed-shop.be\/product\/harris-tweed-damesjas-blauw-met-overruit\/"},"modified":"2026-04-21T11:58:15","modified_gmt":"2026-04-21T11:58:15","slug":"harris-tweed-damesjas-blauw-met-overruit","status":"publish","type":"product","link":"https:\/\/harristweed-shop.be\/fr\/produit\/veste-femme-en-tweed-harris-bleu-a-carreaux\/","title":{"rendered":"Veste Brenda pour femme en Harris Tweed, couleur bleu \u00e9cossais"},"content":{"rendered":"<p>Entrez dans l&#039;hiver avec style et \u00e9l\u00e9gance. La coupe ajust\u00e9e du blazer \u00ab\u00a0Brenda\u00a0\u00bb sublime votre silhouette et offre une grande polyvalence. Le HARRIS TWEED en pure laine naturelle s\u00e9duit par son allure raffin\u00e9e. L\u00e9g\u00e8rement cintr\u00e9e, elle pr\u00e9sente des finitions impeccables, avec un long revers pointu et des poches \u00e0 rabat en biais. Son dos ajust\u00e9, orn\u00e9 de plis, de passants et de fentes lat\u00e9rales, attire tous les regards. Le HARRIS TWEED original, tiss\u00e9 main en \u00c9cosse, offre un drap\u00e9 \u00e9l\u00e9gant et vous enveloppe de douceur.<\/p>\n<p>\u2013 Une poche int\u00e9rieure avec fermeture \u00e9clair<br \/>- Enti\u00e8rement doubl\u00e9<br \/>\u2013 Harris Tweed \u2013 tiss\u00e9 \u00e0 la main en \u00c9cosse<br \/>\u2013 Boutons logo de haute qualit\u00e9 avec effet corne<br \/>\u2013 \u00c9tiquette nominative<br \/>\u2013 Col \u00e0 revers<br \/>\u2013 Deux poches \u00e0 rabat et deux poches inclin\u00e9es confortables<\/p>\n<p>Mensurations du mod\u00e8le : Le mannequin mesure 176 cm et porte une taille 36 sur la photo.<br \/>Coupe : L\u00e9g\u00e8rement ajust\u00e9e.<br \/>Dimensions de l&#039;article : Pour la taille 36 les mesures sont : Demi-poitrine : 48,5 cm \u2013 Demi-taille : 43,5 cm \u2013 Largeur d&#039;\u00e9paule : 12 cm \u2013 Longueur des manches \u00e0 partir du ballon : 62,5 cm \u2013 Longueur du dos : 97 cm<\/p>\n<p>Tissu ext\u00e9rieur : laine vierge 100%<br \/>Doublure : viscose 100%<br \/>Doublure des manches : viscose 100%<\/p>","protected":false},"excerpt":{"rendered":"<p>Veste pour femme en Harris Tweed Brenda en bleu \u00e9cossais 613.<\/p>\n<p>Affrontez l&#039;hiver avec style et \u00e9l\u00e9gance. La coupe ajust\u00e9e du blazer \u00ab\u00a0Brenda\u00a0\u00bb sublime votre silhouette et offre une grande polyvalence.<\/p>","protected":false},"featured_media":539843,"template":"","meta":[],"product_brand":[],"product_cat":[481,1089,1160,87,482,483],"product_tag":[],"class_list":{"0":"post-539832","1":"product","2":"type-product","3":"status-publish","4":"has-post-thumbnail","6":"product_cat-dames-jassen-en-jacks","7":"product_cat-harris-tweed-jassen-en-jacks-dames","8":"product_cat-harris-tweed-mantel-und-jacken-fur-damen","9":"product_cat-jassen-en-jacks","10":"product_cat-mantel-und-jacken","11":"product_cat-mantel-und-jacken-fur-damen","12":"pa_merk-wellington","14":"first","15":"instock","16":"taxable","17":"shipping-taxable","18":"purchasable","19":"product-type-variable"},"df_price":399.95,"df_sale_price":"","df_regular_price":399.95,"df_image_link":"https:\/\/harristweed-shop.be\/wp-content\/uploads\/2025\/09\/9b954f2b92913cdcb0e6d8ece5e9b00f_Harris_Tweed__damesjas_Blauw_met_Overruit-225x300.jpeg","_links":{"self":[{"href":"https:\/\/harristweed-shop.be\/fr\/wp-json\/wp\/v2\/product\/539832","targetHints":{"allow":["GET"]}}],"collection":[{"href":"https:\/\/harristweed-shop.be\/fr\/wp-json\/wp\/v2\/product"}],"about":[{"href":"https:\/\/harristweed-shop.be\/fr\/wp-json\/wp\/v2\/types\/product"}],"wp:featuredmedia":[{"embeddable":true,"href":"https:\/\/harristweed-shop.be\/fr\/wp-json\/wp\/v2\/media\/539843"}],"wp:attachment":[{"href":"https:\/\/harristweed-shop.be\/fr\/wp-json\/wp\/v2\/media?parent=539832"}],"wp:term":[{"taxonomy":"product_brand","embeddable":true,"href":"https:\/\/harristweed-shop.be\/fr\/wp-json\/wp\/v2\/product_brand?post=539832"},{"taxonomy":"product_cat","embeddable":true,"href":"https:\/\/harristweed-shop.be\/fr\/wp-json\/wp\/v2\/product_cat?post=539832"},{"taxonomy":"product_tag","embeddable":true,"href":"https:\/\/harristweed-shop.be\/fr\/wp-json\/wp\/v2\/product_tag?post=539832"}],"curies":[{"name":"wp","href":"https:\/\/api.w.org\/{rel}","templated":true}]}}