{"id":5398,"date":"2020-10-09T09:58:53","date_gmt":"2020-10-09T09:58:53","guid":{"rendered":"https:\/\/harristweed-shop.be\/?post_type=product&#038;p=5398"},"modified":"2023-10-26T13:43:55","modified_gmt":"2023-10-26T13:43:55","slug":"tweed-kostuum-donker-blauw-yorkshire-tweed-2","status":"publish","type":"product","link":"https:\/\/harristweed-shop.be\/fr\/produit\/costume-en-tweed-bleu-fonce-yorkshire-tweed-2\/","title":{"rendered":"Costume en tweed bleu fonc\u00e9 Yorkshire Tweed"},"content":{"rendered":"<p>Notre gamme de costumes sur mesure s&#039;\u00e9largit et propose d\u00e9sormais une s\u00e9lection de pantalons pour compl\u00e9ter notre offre de vestes et de gilets. Ce pantalon en tweed Yorkshire s&#039;accordera parfaitement avec la veste Patrick et le gilet Iain pour compl\u00e9ter votre tenue. D\u00e9couvrez notre collection de costumes pour d\u00e9couvrir les diff\u00e9rentes options.<\/p>\n<ul>\n<li>Pantalon homme en tweed Yorkshire bleu<\/li>\n<li>Tweed provenant de Yorkshire Mills<\/li>\n<li>Devant plat<\/li>\n<li>2 poches sur les hanches, 2 poches arri\u00e8re<\/li>\n<li>Pantalon semi-doubl\u00e9<\/li>\n<li><img decoding=\"async\" class=\"alignnone wp-image-5181\" src=\"https:\/\/harristweed-shop.be\/wp-content\/uploads\/2020\/10\/5ba724e4-f7b8-4d16-864b-2da25288fdc0.png\" alt=\"\" width=\"163\" height=\"157\" \/><\/li>\n<\/ul>","protected":false},"excerpt":{"rendered":"<div>\n<p>Magnifique pantalon en tweed fabriqu\u00e9 en v\u00e9ritable tweed du Yorkshire.<\/p>\n<p>&nbsp;<\/p>\n<p><img decoding=\"async\" class=\"alignnone wp-image-5181\" src=\"https:\/\/harristweed-shop.be\/wp-content\/uploads\/2020\/10\/5ba724e4-f7b8-4d16-864b-2da25288fdc0.png\" alt=\"\" width=\"177\" height=\"171\" \/><\/p>\n<\/div>\n<p>&nbsp;<\/p>","protected":false},"featured_media":3602,"template":"","meta":[],"product_brand":[],"product_cat":[361],"product_tag":[232,234,233],"class_list":{"0":"post-5398","1":"product","2":"type-product","3":"status-publish","4":"has-post-thumbnail","6":"product_cat-tweed-pantalons","7":"product_tag-tweed-colbert","8":"product_tag-tweed-jacket","9":"product_tag-tweed-jasje","10":"pa_merk-bucktrout","12":"first","13":"outofstock","14":"taxable","15":"shipping-taxable","16":"product-type-variable"},"df_price":"","df_sale_price":"","df_regular_price":"","df_image_link":"https:\/\/harristweed-shop.be\/wp-content\/uploads\/2020\/08\/Tweed-pantalon-TROUSER_LIBRARY_bebe4843-ef82-4316-bab3-c4aadb70ff34_800x-225x300.jpg","_links":{"self":[{"href":"https:\/\/harristweed-shop.be\/fr\/wp-json\/wp\/v2\/product\/5398","targetHints":{"allow":["GET"]}}],"collection":[{"href":"https:\/\/harristweed-shop.be\/fr\/wp-json\/wp\/v2\/product"}],"about":[{"href":"https:\/\/harristweed-shop.be\/fr\/wp-json\/wp\/v2\/types\/product"}],"wp:featuredmedia":[{"embeddable":true,"href":"https:\/\/harristweed-shop.be\/fr\/wp-json\/wp\/v2\/media\/3602"}],"wp:attachment":[{"href":"https:\/\/harristweed-shop.be\/fr\/wp-json\/wp\/v2\/media?parent=5398"}],"wp:term":[{"taxonomy":"product_brand","embeddable":true,"href":"https:\/\/harristweed-shop.be\/fr\/wp-json\/wp\/v2\/product_brand?post=5398"},{"taxonomy":"product_cat","embeddable":true,"href":"https:\/\/harristweed-shop.be\/fr\/wp-json\/wp\/v2\/product_cat?post=5398"},{"taxonomy":"product_tag","embeddable":true,"href":"https:\/\/harristweed-shop.be\/fr\/wp-json\/wp\/v2\/product_tag?post=5398"}],"curies":[{"name":"wp","href":"https:\/\/api.w.org\/{rel}","templated":true}]}}