{"id":539739,"date":"2025-08-27T07:22:16","date_gmt":"2025-08-27T07:22:16","guid":{"rendered":"https:\/\/harristweed-shop.be\/product\/wellington-damesjas-blauw-visgraat\/"},"modified":"2026-04-07T17:40:28","modified_gmt":"2026-04-07T17:40:28","slug":"wellington-damesjas-blauw-visgraat","status":"publish","type":"product","link":"https:\/\/harristweed-shop.be\/fr\/produit\/veste-wellington-femme-bleu-a-chevrons\/","title":{"rendered":"Cabane pour femme \u201c\u00a0Leonie\u00a0\u201d en m\u00e9lange laine-cachemire bleu marine"},"content":{"rendered":"<p>L\u00e9onie \u2013 le caban alliant style et confort !<\/p>\n<p>\u201c Leonie \u201d est un caban qui allie avec brio tradition et modernit\u00e9. Confectionn\u00e9 dans un m\u00e9lange de laine de haute qualit\u00e9 et de cachemire luxueux, il offre une douceur exceptionnelle et une chaleur confortable \u2013 id\u00e9al pour les fra\u00eeches journ\u00e9es d&#039;automne ou les \u00e9l\u00e9gantes promenades hivernales.<\/p>\n<p>Le mod\u00e8le crois\u00e9 classique, revisit\u00e9 avec une crante au revers, conf\u00e8re \u00e0 \u201c\u00a0Leonie\u00a0\u201d une silhouette d&#039;une \u00e9l\u00e9gance intemporelle. Inspir\u00e9e du traditionnel blouson de marin, elle allie l&#039;h\u00e9ritage maritime \u00e0 des lignes f\u00e9minines\u00a0: un style \u00e9pur\u00e9, raffin\u00e9 et polyvalent.<\/p>\n<p>Des coutures discr\u00e8tement plac\u00e9es cr\u00e9ent une coupe subtilement ajust\u00e9e qui flatte la silhouette sans entraver la libert\u00e9 de mouvement. Des boutons en corne v\u00e9ritable de haute qualit\u00e9, grav\u00e9s de fa\u00e7on personnalis\u00e9e, soulignent le caract\u00e8re exclusif de cette veste. Deux poches passepoil\u00e9es obliques \u00e0 l&#039;ext\u00e9rieur offrent un rangement discret pour les mains froides ou de petits objets, tandis qu&#039;une poche int\u00e9rieure verrouillable dans la doublure douce en viscose apporte un confort suppl\u00e9mentaire.<\/p>\n<p>\u201c Leonie \u201d est bien plus qu&#039;une simple veste : c&#039;est une v\u00e9ritable affirmation de style pour les femmes qui appr\u00e9cient la qualit\u00e9, aiment la tradition et embrassent une mode moderne. Que ce soit au quotidien, au bureau ou pour une promenade en ville, cette veste pour femme apporte une touche d&#039;\u00e9l\u00e9gance et de naturel \u00e0 toutes vos tenues.<\/p>\n<p>\u2013 Revers larges<br \/>\u2013 Une poche int\u00e9rieure refermable<br \/>- Enti\u00e8rement doubl\u00e9<br \/>\u2013 Boutons logo de haute qualit\u00e9 aspect corne<br \/>\u2013 \u00c9tiquette nominative<br \/>\u2013 Deux poches lat\u00e9rales<\/p>\n<p><b><\/b>Mensurations du mod\u00e8le : Le mannequin mesure 176 cm et porte une taille 36.<br \/>Coupe : L\u00e9g\u00e8rement ajust\u00e9e, confortable<br \/>Mesures du v\u00eatement\u00a0: Pour la taille 36, les mesures sont les suivantes\u00a0: demi-tour de poitrine\u00a0: 50,5\u00a0cm \u2013 demi-tour de taille\u00a0: 45\u00a0cm \u2013 largeur d\u2019\u00e9paules\u00a0: 10\u00a0cm \u2013 longueur des manches (depuis l\u2019ourlet)\u00a0: 66\u00a0cm \u2013 longueur dos\u00a0: 71\u00a0cm<\/p>\n<p>Tissu ext\u00e9rieur : 90% laine vierge, 10% cachemire<br \/>Doublure : 60% viscose, 40% polyester<br \/>Doublure des manches : polyester 100%<\/p>","protected":false},"excerpt":{"rendered":"<p>Cabane pour femme \u201c Leonie \u201d en m\u00e9lange laine-cachemire bleu marine taille 10.<\/p>\n<p>\u201c Leonie \u201d est un caban qui allie avec brio tradition et modernit\u00e9. Confectionn\u00e9 dans un m\u00e9lange de laine de haute qualit\u00e9 et de cachemire luxueux, il offre une douceur exceptionnelle et une chaleur confortable \u2013 id\u00e9al pour les fra\u00eeches journ\u00e9es d&#039;automne ou les \u00e9l\u00e9gantes promenades hivernales.<\/p>","protected":false},"featured_media":539750,"template":"","meta":[],"product_brand":[],"product_cat":[481,87,482,483],"product_tag":[],"class_list":{"0":"post-539739","1":"product","2":"type-product","3":"status-publish","4":"has-post-thumbnail","6":"product_cat-dames-jassen-en-jacks","7":"product_cat-jassen-en-jacks","8":"product_cat-mantel-und-jacken","9":"product_cat-mantel-und-jacken-fur-damen","10":"pa_merk-wellington","12":"first","13":"instock","14":"taxable","15":"shipping-taxable","16":"purchasable","17":"product-type-variable"},"df_price":298.95,"df_sale_price":"","df_regular_price":298.95,"df_image_link":"https:\/\/harristweed-shop.be\/wp-content\/uploads\/2025\/08\/93e377efdc51fbd2c232feb3f4864eae_Wellington__damesjas_Blauw_Visgraat-225x300.jpeg","_links":{"self":[{"href":"https:\/\/harristweed-shop.be\/fr\/wp-json\/wp\/v2\/product\/539739","targetHints":{"allow":["GET"]}}],"collection":[{"href":"https:\/\/harristweed-shop.be\/fr\/wp-json\/wp\/v2\/product"}],"about":[{"href":"https:\/\/harristweed-shop.be\/fr\/wp-json\/wp\/v2\/types\/product"}],"wp:featuredmedia":[{"embeddable":true,"href":"https:\/\/harristweed-shop.be\/fr\/wp-json\/wp\/v2\/media\/539750"}],"wp:attachment":[{"href":"https:\/\/harristweed-shop.be\/fr\/wp-json\/wp\/v2\/media?parent=539739"}],"wp:term":[{"taxonomy":"product_brand","embeddable":true,"href":"https:\/\/harristweed-shop.be\/fr\/wp-json\/wp\/v2\/product_brand?post=539739"},{"taxonomy":"product_cat","embeddable":true,"href":"https:\/\/harristweed-shop.be\/fr\/wp-json\/wp\/v2\/product_cat?post=539739"},{"taxonomy":"product_tag","embeddable":true,"href":"https:\/\/harristweed-shop.be\/fr\/wp-json\/wp\/v2\/product_tag?post=539739"}],"curies":[{"name":"wp","href":"https:\/\/api.w.org\/{rel}","templated":true}]}}