{"id":539674,"date":"2025-08-23T08:07:26","date_gmt":"2025-08-23T08:07:26","guid":{"rendered":"https:\/\/harristweed-shop.be\/product\/barbour-aubrey-waterproof-tartan-gloves\/"},"modified":"2026-05-05T03:45:36","modified_gmt":"2026-05-05T03:45:36","slug":"barbour-aubrey-waterproof-tartan-gloves","status":"publish","type":"product","link":"https:\/\/harristweed-shop.be\/fr\/produit\/gants-impermeables-en-tartan-barbour-aubrey\/","title":{"rendered":"Gants imperm\u00e9ables en tartan Barbour Aubrey"},"content":{"rendered":"<p>Con\u00e7us pour garder vos mains au chaud pendant les mois les plus froids de l&#039;ann\u00e9e, les gants Barbour Aubrey Tartan sont confectionn\u00e9s en cuir souple. Leur fermeture \u00e0 bouton-pression au poignet permet un ajustement personnalis\u00e9, tandis que leurs doigts tactiles vous permettent d&#039;utiliser vos appareils \u00e9lectroniques sans avoir \u00e0 les retirer.<\/p>\n<p>Ext\u00e9rieur principal : cuir 100%<br \/>\nTissu secondaire : laine 70%, polyamide 30%<br \/>\nDoublure : Polyester 100%<br \/>\nMembrane imperm\u00e9able. Convient aux \u00e9crans tactiles.<br \/>\nClou de marque sur la sangle<br \/>\nNe pas laver<br \/>\nNettoyage \u00e0 l&#039;\u00e9ponge uniquement<\/p>","protected":false},"excerpt":{"rendered":"<p>Gants imperm\u00e9ables en tartan Barbour Aubrey. <\/p>\n<p>Con\u00e7us pour garder les mains au chaud pendant les mois les plus froids de l&#039;ann\u00e9e, les gants Barbour Aubrey Tartan sont fabriqu\u00e9s en cuir souple.<\/p>","protected":false},"featured_media":539679,"template":"","meta":[],"product_brand":[],"product_cat":[1107,1191,869,886],"product_tag":[],"class_list":{"0":"post-539674","1":"product","2":"type-product","3":"status-publish","4":"has-post-thumbnail","6":"product_cat-barbour","7":"product_cat-barbour-accessoires","8":"product_cat-handschoenen","9":"product_cat-handschuhe","10":"pa_merk-barbour","12":"first","13":"instock","14":"taxable","15":"shipping-taxable","16":"purchasable","17":"product-type-variable"},"df_price":89.95,"df_sale_price":"","df_regular_price":89.95,"df_image_link":"https:\/\/harristweed-shop.be\/wp-content\/uploads\/2025\/08\/eeb1171df323b04d53d1fc9fdf657759_Barbour_Aubrey_Waterproof_Tartan_Gloves-225x300.jpeg","_links":{"self":[{"href":"https:\/\/harristweed-shop.be\/fr\/wp-json\/wp\/v2\/product\/539674","targetHints":{"allow":["GET"]}}],"collection":[{"href":"https:\/\/harristweed-shop.be\/fr\/wp-json\/wp\/v2\/product"}],"about":[{"href":"https:\/\/harristweed-shop.be\/fr\/wp-json\/wp\/v2\/types\/product"}],"wp:featuredmedia":[{"embeddable":true,"href":"https:\/\/harristweed-shop.be\/fr\/wp-json\/wp\/v2\/media\/539679"}],"wp:attachment":[{"href":"https:\/\/harristweed-shop.be\/fr\/wp-json\/wp\/v2\/media?parent=539674"}],"wp:term":[{"taxonomy":"product_brand","embeddable":true,"href":"https:\/\/harristweed-shop.be\/fr\/wp-json\/wp\/v2\/product_brand?post=539674"},{"taxonomy":"product_cat","embeddable":true,"href":"https:\/\/harristweed-shop.be\/fr\/wp-json\/wp\/v2\/product_cat?post=539674"},{"taxonomy":"product_tag","embeddable":true,"href":"https:\/\/harristweed-shop.be\/fr\/wp-json\/wp\/v2\/product_tag?post=539674"}],"curies":[{"name":"wp","href":"https:\/\/api.w.org\/{rel}","templated":true}]}}