{"id":539614,"date":"2025-08-22T10:42:26","date_gmt":"2025-08-22T10:42:26","guid":{"rendered":"https:\/\/harristweed-shop.be\/product\/pullover-crew-neck-sweater-raasay\/"},"modified":"2026-03-10T15:11:24","modified_gmt":"2026-03-10T15:11:24","slug":"pullover-crew-neck-sweater-raasay","status":"publish","type":"product","link":"https:\/\/harristweed-shop.be\/fr\/produit\/pull-col-rond-raasay\/","title":{"rendered":"Pull, pull ras du cou Raasay"},"content":{"rendered":"<p>Les pulls et cardigans Harley of Scotland sont d&#039;authentiques tricots \u00e9cossais, fabriqu\u00e9s depuis 1929 par une entreprise familiale \u00e9cossaise, r\u00e9put\u00e9e pour l&#039;utilisation de laines de haute qualit\u00e9 comme la laine Shetland et la laine d&#039;agneau, et pour son proc\u00e9d\u00e9 de tricotage sans coutures pour un confort optimal. La marque est synonyme de designs intemporels, de durabilit\u00e9 et d&#039;un savoir-faire transmis de g\u00e9n\u00e9ration en g\u00e9n\u00e9ration, pour des v\u00eatements chauds et de haute qualit\u00e9, con\u00e7us pour durer.<br \/>\nCaract\u00e9ristiques des tricots Harley of Scotland :<br \/>\n\u00c9cossais authentique :<br \/>\nLa marque a \u00e9t\u00e9 fond\u00e9e en 1929 et appartient toujours \u00e0 la m\u00eame famille en \u00c9cosse, o\u00f9 la production a lieu.<br \/>\nMat\u00e9riaux de haute qualit\u00e9 :<br \/>\nIls utilisent des laines fines, notamment de la laine Shetland douce, de la laine d&#039;agneau et parfois du cachemire, qui rendent les v\u00eatements chauds et luxueux.<br \/>\nProcessus de tricotage sans couture :<br \/>\nUn aspect unique est le tricotage sans couture des v\u00eatements, qui garantit un ajustement parfait et une exp\u00e9rience de port confortable sans coutures irritantes.<br \/>\nDesign traditionnel et intemporel :<br \/>\nLa collection comprend des styles classiques, tels que des motifs Fairisle et des cols polo, inspir\u00e9s du paysage et du patrimoine \u00e9cossais.<br \/>\nDurabilit\u00e9 et \u00e9thique :<br \/>\nLa marque privil\u00e9gie une production durable, sans fast fashion ni surproduction, et utilise de la laine sans mulesing.<br \/>\nCouleurs caract\u00e9ristiques :<br \/>\nLes couleurs sont inspir\u00e9es du paysage \u00e9cossais, pensez au vert mousse, au violet bruy\u00e8re et au gris brume.<br \/>\nPourquoi choisir Harley of Scotland ?<br \/>\nQualit\u00e9 et confort :<br \/>\nGr\u00e2ce \u00e0 l&#039;utilisation de mat\u00e9riaux de haute qualit\u00e9 et d&#039;un tricot sans couture, ils offrent un confort sup\u00e9rieur et un ajustement parfait.<br \/>\nDurabilit\u00e9:<br \/>\nIl ne s\u2019agit pas de v\u00eatements jetables, mais d\u2019investissements dans un pull ou un cardigan de qualit\u00e9 qui durera des ann\u00e9es.<br \/>\n\u00c9l\u00e9gant:<br \/>\nLes designs intemporels et les motifs traditionnels offrent un look \u00e9l\u00e9gant et authentique.<br \/>\nPur savoir-faire artisanal :<br \/>\nVous portez un morceau d&#039;histoire et d&#039;artisanat \u00e9cossais authentique, produit \u00e0 l&#039;aide de techniques anciennes et transmises. <\/p>","protected":false},"excerpt":{"rendered":"<p>Magnifique pull ras du cou en laine \u00e9cossaise durable 100%<\/p>","protected":false},"featured_media":539623,"template":"","meta":[],"product_brand":[],"product_cat":[1196,486,84,442,487],"product_tag":[],"class_list":{"0":"post-539614","1":"product","2":"type-product","3":"status-publish","4":"has-post-thumbnail","6":"product_cat-harley-of-scotland","7":"product_cat-pullover-und-westen","8":"product_cat-truien-en-pullovers","9":"product_cat-wollen-truien","10":"product_cat-wollpullover","11":"pa_merk-harley-of-scotland","13":"first","14":"instock","15":"taxable","16":"shipping-taxable","17":"purchasable","18":"product-type-variable"},"df_price":219.95,"df_sale_price":"","df_regular_price":219.95,"df_image_link":"https:\/\/harristweed-shop.be\/wp-content\/uploads\/2025\/08\/0b95022f621dd91dfbdcdc9661d06e3c_Pullover__Crew_Neck_Sweater_Raasay-225x300.jpeg","_links":{"self":[{"href":"https:\/\/harristweed-shop.be\/fr\/wp-json\/wp\/v2\/product\/539614","targetHints":{"allow":["GET"]}}],"collection":[{"href":"https:\/\/harristweed-shop.be\/fr\/wp-json\/wp\/v2\/product"}],"about":[{"href":"https:\/\/harristweed-shop.be\/fr\/wp-json\/wp\/v2\/types\/product"}],"wp:featuredmedia":[{"embeddable":true,"href":"https:\/\/harristweed-shop.be\/fr\/wp-json\/wp\/v2\/media\/539623"}],"wp:attachment":[{"href":"https:\/\/harristweed-shop.be\/fr\/wp-json\/wp\/v2\/media?parent=539614"}],"wp:term":[{"taxonomy":"product_brand","embeddable":true,"href":"https:\/\/harristweed-shop.be\/fr\/wp-json\/wp\/v2\/product_brand?post=539614"},{"taxonomy":"product_cat","embeddable":true,"href":"https:\/\/harristweed-shop.be\/fr\/wp-json\/wp\/v2\/product_cat?post=539614"},{"taxonomy":"product_tag","embeddable":true,"href":"https:\/\/harristweed-shop.be\/fr\/wp-json\/wp\/v2\/product_tag?post=539614"}],"curies":[{"name":"wp","href":"https:\/\/api.w.org\/{rel}","templated":true}]}}