{"id":539535,"date":"2025-08-19T15:03:21","date_gmt":"2025-08-19T15:03:21","guid":{"rendered":"https:\/\/harristweed-shop.be\/product\/barbour-nimbus-chelsea-welly-rubber-footwear-olive\/"},"modified":"2026-05-05T03:47:41","modified_gmt":"2026-05-05T03:47:41","slug":"barbour-nimbus-chelsea-welly-rubber-footwear-olive","status":"publish","type":"product","link":"https:\/\/harristweed-shop.be\/fr\/produit\/bottes-chelsea-en-caoutchouc-barbour-nimbus-olive\/","title":{"rendered":"Chaussures en caoutchouc Chelsea Barbour Nimbus Olive"},"content":{"rendered":"<p>Mod\u00e8le embl\u00e9matique, les bottes Barbour Nimbus sont un incontournable de la garde-robe d\u00e9contract\u00e9e masculine. Ce mod\u00e8le Chelsea est confectionn\u00e9 en caoutchouc et dot\u00e9 de soufflets lat\u00e9raux \u00e9lastiqu\u00e9s et de tirettes pour un habillage facile. Orn\u00e9es du logo sur le devant, elles sont un incontournable pour le jardinage.<\/p>\n<p>Tige : caoutchouc 55%, autres fibres 45%<br \/>\nDoublure : Polyester 100%<br \/>\nNe pas s\u00e9cher pr\u00e8s d&#039;une source de chaleur ou en plein soleil. Apr\u00e8s utilisation, retirez la salet\u00e9 avec une brosse douce ou un chiffon, puis nettoyez \u00e0 l&#039;aide d&#039;une \u00e9ponge avec de l&#039;eau ou un nettoyant sp\u00e9cial bottes en caoutchouc. Laissez s\u00e9cher les bottes dans un endroit bien a\u00e9r\u00e9.<\/p>","protected":false},"excerpt":{"rendered":"<p>Chaussures en caoutchouc Barbour Nimbus Chelsea Welly Olive.<\/p>\n<p>Le style Chelsea est fabriqu\u00e9 en caoutchouc et comporte des soufflets lat\u00e9raux \u00e9lastiques et des languettes de traction pour faciliter l&#039;habillage.<\/p>","protected":false},"featured_media":539544,"template":"","meta":[],"product_brand":[],"product_cat":[1107,1194,85,519,1135],"product_tag":[],"class_list":{"0":"post-539535","1":"product","2":"type-product","3":"status-publish","4":"has-post-thumbnail","6":"product_cat-barbour","7":"product_cat-barbour-laarzen","8":"product_cat-schoenen","9":"product_cat-schuhe","10":"product_cat-thetweedshop","11":"pa_merk-barbour","13":"first","14":"instock","15":"taxable","16":"shipping-taxable","17":"purchasable","18":"product-type-variable"},"df_price":99.95,"df_sale_price":"","df_regular_price":99.95,"df_image_link":"https:\/\/harristweed-shop.be\/wp-content\/uploads\/2025\/08\/d7d77e59df9a0e781f843522c5fc10dd_BARBOUR_Shoes_Korte_Laarzen-300x300.jpeg","_links":{"self":[{"href":"https:\/\/harristweed-shop.be\/fr\/wp-json\/wp\/v2\/product\/539535","targetHints":{"allow":["GET"]}}],"collection":[{"href":"https:\/\/harristweed-shop.be\/fr\/wp-json\/wp\/v2\/product"}],"about":[{"href":"https:\/\/harristweed-shop.be\/fr\/wp-json\/wp\/v2\/types\/product"}],"wp:featuredmedia":[{"embeddable":true,"href":"https:\/\/harristweed-shop.be\/fr\/wp-json\/wp\/v2\/media\/539544"}],"wp:attachment":[{"href":"https:\/\/harristweed-shop.be\/fr\/wp-json\/wp\/v2\/media?parent=539535"}],"wp:term":[{"taxonomy":"product_brand","embeddable":true,"href":"https:\/\/harristweed-shop.be\/fr\/wp-json\/wp\/v2\/product_brand?post=539535"},{"taxonomy":"product_cat","embeddable":true,"href":"https:\/\/harristweed-shop.be\/fr\/wp-json\/wp\/v2\/product_cat?post=539535"},{"taxonomy":"product_tag","embeddable":true,"href":"https:\/\/harristweed-shop.be\/fr\/wp-json\/wp\/v2\/product_tag?post=539535"}],"curies":[{"name":"wp","href":"https:\/\/api.w.org\/{rel}","templated":true}]}}