{"id":539533,"date":"2025-08-19T09:03:14","date_gmt":"2025-08-19T09:03:14","guid":{"rendered":"https:\/\/harristweed-shop.be\/product\/trouwpak-guglielmo\/"},"modified":"2026-03-10T15:26:17","modified_gmt":"2026-03-10T15:26:17","slug":"trouwpak-guglielmo","status":"publish","type":"product","link":"https:\/\/harristweed-shop.be\/fr\/produit\/costume-de-mariage-guglielmo\/","title":{"rendered":"Costume de mariage Guglielmo"},"content":{"rendered":"<p>Costume de mariage Guglielmo G.<br \/>\nCette marque italienne ultra-tendance respire l&#039;\u00e9l\u00e9gance jusque dans les moindres d\u00e9tails. Des coupes \u00e9l\u00e9gantes et des lignes \u00e9pur\u00e9es, associ\u00e9es \u00e0 des tissus raffin\u00e9s, cr\u00e9ent un look moderne, tendance et \u00e9l\u00e9gant.<\/p>","protected":false},"excerpt":{"rendered":"<p>Trouwpak Guglielmo G. Dit uiterst modieuze Italiaanse merk straalt klasse uit tot in de fijnste details. Mooie pasvormen en strakke belijningen gecombineerd met prachtige stoffen zorgen voor een moderne modieuze en stoere look.<\/p>","protected":false},"featured_media":539534,"template":"","meta":[],"product_brand":[],"product_cat":[15],"product_tag":[],"class_list":{"0":"post-539533","1":"product","2":"type-product","3":"status-publish","4":"has-post-thumbnail","6":"product_cat-harris-tweed-colberts","7":"pa_merk-guglielmo","9":"first","10":"instock","11":"taxable","12":"shipping-taxable","13":"purchasable","14":"product-type-simple"},"df_price":"","df_sale_price":"","df_regular_price":"","df_image_link":"https:\/\/harristweed-shop.be\/wp-content\/uploads\/2025\/08\/26d93de42a38b46bc27db154457aca5b_Trouwpak_Guglielmo_20-225x300.jpeg","_links":{"self":[{"href":"https:\/\/harristweed-shop.be\/fr\/wp-json\/wp\/v2\/product\/539533","targetHints":{"allow":["GET"]}}],"collection":[{"href":"https:\/\/harristweed-shop.be\/fr\/wp-json\/wp\/v2\/product"}],"about":[{"href":"https:\/\/harristweed-shop.be\/fr\/wp-json\/wp\/v2\/types\/product"}],"wp:featuredmedia":[{"embeddable":true,"href":"https:\/\/harristweed-shop.be\/fr\/wp-json\/wp\/v2\/media\/539534"}],"wp:attachment":[{"href":"https:\/\/harristweed-shop.be\/fr\/wp-json\/wp\/v2\/media?parent=539533"}],"wp:term":[{"taxonomy":"product_brand","embeddable":true,"href":"https:\/\/harristweed-shop.be\/fr\/wp-json\/wp\/v2\/product_brand?post=539533"},{"taxonomy":"product_cat","embeddable":true,"href":"https:\/\/harristweed-shop.be\/fr\/wp-json\/wp\/v2\/product_cat?post=539533"},{"taxonomy":"product_tag","embeddable":true,"href":"https:\/\/harristweed-shop.be\/fr\/wp-json\/wp\/v2\/product_tag?post=539533"}],"curies":[{"name":"wp","href":"https:\/\/api.w.org\/{rel}","templated":true}]}}