{"id":539471,"date":"2025-08-09T09:12:30","date_gmt":"2025-08-09T09:12:30","guid":{"rendered":"https:\/\/harristweed-shop.be\/product\/wellington-jack-madrock-all-season-navy\/"},"modified":"2026-05-05T03:47:41","modified_gmt":"2026-05-05T03:47:41","slug":"wellington-jack-madrock-all-season-navy","status":"publish","type":"product","link":"https:\/\/harristweed-shop.be\/fr\/produit\/bottes-wellington-jack-madrock-toutes-saisons-bleu-marine\/","title":{"rendered":"Veste Wellington Madrock toutes saisons bleu marine"},"content":{"rendered":"<p>La veste multifonctionnelle pour homme \u00ab Madrock All Season \u00bb est votre compagnon id\u00e9al toute l&#039;ann\u00e9e\u00a0: pratique, \u00e9l\u00e9gante et par\u00e9e pour toutes les conditions m\u00e9t\u00e9orologiques. Gr\u00e2ce \u00e0 son design 2 en 1 astucieux, cette veste s&#039;adapte sans effort aux changements de saison. La doublure de haute qualit\u00e9, orn\u00e9e d&#039;un classique motif Wellington \u00e0 carreaux, s&#039;ouvre et se boutonne d&#039;un seul geste, assurant une protection optimale \u00e0 tout moment, que la brise d&#039;automne souffle ou que le doux soleil printanier vous appelle. Pratique et facile d&#039;entretien, cette doublure peut \u00eatre lav\u00e9e s\u00e9par\u00e9ment, prolongeant ainsi consid\u00e9rablement la dur\u00e9e de vie de votre veste. <\/p>\n<p>Le \u00ab Madrock All Season \u00bb impressionne \u00e9galement par son tissu ext\u00e9rieur r\u00e9sistant, coupe-vent et d\u00e9perlant. Ses finitions soign\u00e9es et soign\u00e9es vous garantissent une tenue impeccable, quelle que soit la m\u00e9t\u00e9o. Une fermeture \u00e9clair dissimul\u00e9e sur le devant, quatre poches ext\u00e9rieures chaudes et doubl\u00e9es, ainsi qu&#039;une fente d\u00e9corative \u00e0 boutons-pression au dos, compl\u00e8tent ce mod\u00e8le. La bordure en velours c\u00f4tel\u00e9 ton sur ton \u00e0 l&#039;int\u00e9rieur, aux manches et au col, ainsi que le rabat-temp\u00eate orn\u00e9 de boutons logot\u00e9s, sont particuli\u00e8rement charmants. Que vous vous promeniez en ville ou que vous profitiez d&#039;une aventure en pleine nature, le \u00ab Madrock All Season \u00bb allie fonctionnalit\u00e9 et raffinement pour une tenue impeccable, quel que soit le temps.<\/p>\n<p>\u2013 Poches \u00e0 rabat plaqu\u00e9es<br \/>\u2013 Finition velours c\u00f4tel\u00e9 sur la patte de boutonnage int\u00e9rieure et l&#039;ourlet des manches<br \/>\u2013 Col en velours c\u00f4tel\u00e9<br \/>\u2013 Boutons personnalis\u00e9s en corne v\u00e9ritable<br \/>\u2013 Doublure amovible en cuir Wellington de haute qualit\u00e9 \u00e0 motif diamant<br \/>\u2013 Fermeture \u00e0 glissi\u00e8re avec bouton dissimul\u00e9<br \/>\u2013 Fente dans le dos avec imprim\u00e9s d\u00e9coratifs<br \/>\u2013 Clapet anti-temp\u00eate<br \/>\u2013 Deux poches lat\u00e9rales avec fermeture \u00e9clair<br \/>\u2013 Deux poches int\u00e9rieures refermables<\/p>\n<p>Mensurations du mod\u00e8le : Le mannequin mesure 189 cm et porte une taille 50.<br \/>Coupe : Coupe droite et confortable.<br \/>Dimensions de l&#039;article : pour la taille 50 : \u2013 Demi-poitrine : 62 cm \u2013 Largeur d&#039;\u00e9paule : 15,5 cm \u2013 Longueur des manches \u00e0 partir du ballon : 66 cm \u2013 Longueur du dos : 88 cm<\/p>\n<p>Tissu ext\u00e9rieur : coton 60%, nylon 40%<br \/>Doublure : fond : 40% polyester, 35% polyester, 25% laine<br \/>Doublure des manches : polyester 100%<\/p>","protected":false},"excerpt":{"rendered":"<p>Veste Wellington Madrock toutes saisons Marine 10.<\/p>\n<p>La veste multifonctionnelle pour homme \u00ab\u00a0Madrock All Season\u00a0\u00bb est votre compagnon id\u00e9al toute l&#039;ann\u00e9e\u00a0: pratique, \u00e9l\u00e9gante et par\u00e9e pour tous les temps. Gr\u00e2ce \u00e0 sa conception 2-en-1 astucieuse, elle s&#039;adapte sans effort aux changements de saison.<\/p>","protected":false},"featured_media":539481,"template":"","meta":[],"product_brand":[],"product_cat":[530,87,482,531],"product_tag":[],"class_list":{"0":"post-539471","1":"product","2":"type-product","3":"status-publish","4":"has-post-thumbnail","6":"product_cat-heren-jassen-en-jacks","7":"product_cat-jassen-en-jacks","8":"product_cat-mantel-und-jacken","9":"product_cat-mantel-und-jacken-fur-herren","10":"pa_merk-wellington","12":"first","13":"instock","14":"taxable","15":"shipping-taxable","16":"purchasable","17":"product-type-variable"},"df_price":379.95,"df_sale_price":"","df_regular_price":379.95,"df_image_link":"https:\/\/harristweed-shop.be\/wp-content\/uploads\/2025\/08\/2b3bf27979e9af1f31b12bd2747b85fe_Wellington_Jack__Madrock_all_season_Navy-225x300.jpeg","_links":{"self":[{"href":"https:\/\/harristweed-shop.be\/fr\/wp-json\/wp\/v2\/product\/539471","targetHints":{"allow":["GET"]}}],"collection":[{"href":"https:\/\/harristweed-shop.be\/fr\/wp-json\/wp\/v2\/product"}],"about":[{"href":"https:\/\/harristweed-shop.be\/fr\/wp-json\/wp\/v2\/types\/product"}],"wp:featuredmedia":[{"embeddable":true,"href":"https:\/\/harristweed-shop.be\/fr\/wp-json\/wp\/v2\/media\/539481"}],"wp:attachment":[{"href":"https:\/\/harristweed-shop.be\/fr\/wp-json\/wp\/v2\/media?parent=539471"}],"wp:term":[{"taxonomy":"product_brand","embeddable":true,"href":"https:\/\/harristweed-shop.be\/fr\/wp-json\/wp\/v2\/product_brand?post=539471"},{"taxonomy":"product_cat","embeddable":true,"href":"https:\/\/harristweed-shop.be\/fr\/wp-json\/wp\/v2\/product_cat?post=539471"},{"taxonomy":"product_tag","embeddable":true,"href":"https:\/\/harristweed-shop.be\/fr\/wp-json\/wp\/v2\/product_tag?post=539471"}],"curies":[{"name":"wp","href":"https:\/\/api.w.org\/{rel}","templated":true}]}}