{"id":539467,"date":"2025-08-08T08:32:22","date_gmt":"2025-08-08T08:32:22","guid":{"rendered":"https:\/\/harristweed-shop.be\/product\/barbour-brack-patchwork-tartan-scarf-forest-bronze-brown\/"},"modified":"2026-04-07T18:10:22","modified_gmt":"2026-04-07T18:10:22","slug":"barbour-brack-patchwork-tartan-scarf-forest-bronze-brown","status":"publish","type":"product","link":"https:\/\/harristweed-shop.be\/fr\/produit\/echarpe-barbour-brack-patchwork-tartan-forest-bronze-brown\/","title":{"rendered":"\u00c9charpe BARBOUR Brack Patchwork Tartan For\u00eat\/Bronze Marron"},"content":{"rendered":"<p>Tiss\u00e9e en laine d&#039;agneau de premi\u00e8re qualit\u00e9, l&#039;\u00e9charpe Barbour Brack Patchwork Tartan est id\u00e9ale pour les journ\u00e9es les plus froides de cet hiver. De taille g\u00e9n\u00e9reuse pour un look polyvalent, elle est d\u00e9clin\u00e9e dans nos motifs tartans de saison pour une parfaite coordination.<\/p>\n<p>Tissu principal : laine d&#039;agneau 100%<br \/>\n\u00c9tiquette de marque tiss\u00e9e au dos.<br \/>\nLargeur : 50 cm, Longueur : 180 cm<br \/>\nNettoyage \u00e0 sec uniquement<\/p>","protected":false},"excerpt":{"rendered":"<p>\u00c9charpe BARBOUR Brack Patchwork Tartan For\u00eat\/Bronze Marron.<br \/>\nDans une taille g\u00e9n\u00e9reuse pour un look polyvalent, l&#039;\u00e9charpe est rendue dans nos motifs tartans saisonniers pour une coordination parfaite.<\/p>","protected":false},"featured_media":539496,"template":"","meta":[],"product_brand":[],"product_cat":[1107,1191,1185,1108,873,874,872,105,1135],"product_tag":[],"class_list":{"0":"post-539467","1":"product","2":"type-product","3":"status-publish","4":"has-post-thumbnail","6":"product_cat-barbour","7":"product_cat-barbour-accessoires","8":"product_cat-barbour-schals","9":"product_cat-barbour-shawls","10":"product_cat-schals","11":"product_cat-schals-schals","12":"product_cat-shawls-shawls","13":"product_cat-shawls","14":"product_cat-thetweedshop","15":"pa_merk-barbour","17":"first","18":"instock","19":"taxable","20":"shipping-taxable","21":"purchasable","22":"product-type-simple"},"df_price":79.95,"df_sale_price":"","df_regular_price":79.95,"df_image_link":"https:\/\/harristweed-shop.be\/wp-content\/uploads\/2025\/08\/890976e7201ddd951231ee4501bc0c16_BARBOUR_Brack_Patchwork_Tartan_Scarf_Forest_Bronze_Brown_1-225x300.jpeg","_links":{"self":[{"href":"https:\/\/harristweed-shop.be\/fr\/wp-json\/wp\/v2\/product\/539467","targetHints":{"allow":["GET"]}}],"collection":[{"href":"https:\/\/harristweed-shop.be\/fr\/wp-json\/wp\/v2\/product"}],"about":[{"href":"https:\/\/harristweed-shop.be\/fr\/wp-json\/wp\/v2\/types\/product"}],"wp:featuredmedia":[{"embeddable":true,"href":"https:\/\/harristweed-shop.be\/fr\/wp-json\/wp\/v2\/media\/539496"}],"wp:attachment":[{"href":"https:\/\/harristweed-shop.be\/fr\/wp-json\/wp\/v2\/media?parent=539467"}],"wp:term":[{"taxonomy":"product_brand","embeddable":true,"href":"https:\/\/harristweed-shop.be\/fr\/wp-json\/wp\/v2\/product_brand?post=539467"},{"taxonomy":"product_cat","embeddable":true,"href":"https:\/\/harristweed-shop.be\/fr\/wp-json\/wp\/v2\/product_cat?post=539467"},{"taxonomy":"product_tag","embeddable":true,"href":"https:\/\/harristweed-shop.be\/fr\/wp-json\/wp\/v2\/product_tag?post=539467"}],"curies":[{"name":"wp","href":"https:\/\/api.w.org\/{rel}","templated":true}]}}