{"id":539436,"date":"2025-08-08T07:27:35","date_gmt":"2025-08-08T07:27:35","guid":{"rendered":"https:\/\/harristweed-shop.be\/product\/barbour-dunoon-tailored-tartan-shirt-blue-granite\/"},"modified":"2026-05-05T03:47:41","modified_gmt":"2026-05-05T03:47:41","slug":"barbour-dunoon-tailored-tartan-shirt-blue-granite","status":"publish","type":"product","link":"https:\/\/harristweed-shop.be\/fr\/produit\/chemise-tartan-sur-mesure-barbour-dunoon-bleu-granit\/","title":{"rendered":"Chemise \u00e9cossaise sur mesure Barbour Dunoon bleu granit"},"content":{"rendered":"<p>Imagin\u00e9e dans un motif \u00e0 carreaux saisissant, la chemise \u00e0 manches longues Barbour Dunoon Tailored revisite avec \u00e9l\u00e9gance les looks d\u00e9contract\u00e9s. Id\u00e9ale pour un week-end \u00e0 la campagne, cette pi\u00e8ce classique est confectionn\u00e9e en coton 100%, avec un col boutonn\u00e9 et un logo Barbour sur la poitrine pour une touche finale signature.<\/p>\n<p>Coton 100%<br \/>\nDouble 40s. Armure serg\u00e9e. Finition r\u00e9guli\u00e8re.<br \/>\n\u00c9tiquette de marque Barbour et Shield sur la poche poitrine.<br \/>\nLavage en machine \u00e0 30\u00b0C<\/p>","protected":false},"excerpt":{"rendered":"<p>Chemise tartan sur mesure Barbour Dunoon Bleu Granit.<br \/>\nParfait pour un week-end \u00e0 la campagne, ce v\u00eatement classique est imagin\u00e9 en coton 100% avec un col boutonn\u00e9 et une marque Barbour sur la poitrine pour une finition signature.<\/p>","protected":false},"featured_media":539444,"template":"","meta":[],"product_brand":[],"product_cat":[1107,1190,1111,1110,86,506],"product_tag":[],"class_list":{"0":"post-539436","1":"product","2":"type-product","3":"status-publish","4":"has-post-thumbnail","6":"product_cat-barbour","7":"product_cat-barbour-hemden","8":"product_cat-barbour-heren-shirts","9":"product_cat-barbour-shirts","10":"product_cat-shirts-en-overhemden","11":"product_cat-shirts-und-hemden","12":"pa_merk-barbour","14":"first","15":"instock","16":"taxable","17":"shipping-taxable","18":"purchasable","19":"product-type-variable"},"df_price":109.95,"df_sale_price":"","df_regular_price":109.95,"df_image_link":"https:\/\/harristweed-shop.be\/wp-content\/uploads\/2025\/08\/6bbf46371a18e42e3a86b85c1ace0edb_Barbour_Dunoon_Tailored_Tartan_Shirt_Blue_Granite-225x300.jpeg","_links":{"self":[{"href":"https:\/\/harristweed-shop.be\/fr\/wp-json\/wp\/v2\/product\/539436","targetHints":{"allow":["GET"]}}],"collection":[{"href":"https:\/\/harristweed-shop.be\/fr\/wp-json\/wp\/v2\/product"}],"about":[{"href":"https:\/\/harristweed-shop.be\/fr\/wp-json\/wp\/v2\/types\/product"}],"wp:featuredmedia":[{"embeddable":true,"href":"https:\/\/harristweed-shop.be\/fr\/wp-json\/wp\/v2\/media\/539444"}],"wp:attachment":[{"href":"https:\/\/harristweed-shop.be\/fr\/wp-json\/wp\/v2\/media?parent=539436"}],"wp:term":[{"taxonomy":"product_brand","embeddable":true,"href":"https:\/\/harristweed-shop.be\/fr\/wp-json\/wp\/v2\/product_brand?post=539436"},{"taxonomy":"product_cat","embeddable":true,"href":"https:\/\/harristweed-shop.be\/fr\/wp-json\/wp\/v2\/product_cat?post=539436"},{"taxonomy":"product_tag","embeddable":true,"href":"https:\/\/harristweed-shop.be\/fr\/wp-json\/wp\/v2\/product_tag?post=539436"}],"curies":[{"name":"wp","href":"https:\/\/api.w.org\/{rel}","templated":true}]}}