{"id":539414,"date":"2025-08-08T07:22:55","date_gmt":"2025-08-08T07:22:55","guid":{"rendered":"https:\/\/harristweed-shop.be\/product\/barbour-pheasant-socks-gift-box-selection-1\/"},"modified":"2026-04-07T18:10:25","modified_gmt":"2026-04-07T18:10:25","slug":"barbour-pheasant-socks-gift-box-selection-1","status":"publish","type":"product","link":"https:\/\/harristweed-shop.be\/fr\/produit\/coffret-cadeau-de-chaussettes-barbour-faisan-selection-1\/","title":{"rendered":"Coffret cadeau de chaussettes Barbour Pheasant, s\u00e9lection 1"},"content":{"rendered":"<p>Cadeau id\u00e9al pour tout amoureux de la nature, le coffret cadeau Barbour Pheasant comprend trois chaussettes premium en coton majoritaire, d\u00e9clin\u00e9es dans une vari\u00e9t\u00e9 de couleurs, chacune orn\u00e9e d&#039;un motif de faisan r\u00e9current. Ce charmant coffret est pr\u00e9sent\u00e9 dans un coffret Barbour pour un cadeau facile.<\/p>\n<p>Tissu principal : 78% coton, 21% polyamide, 1% \u00e9lasthanne<br \/>\nLogo Barbour tricot\u00e9 en jacquard sur la semelle du pied<br \/>\nLavage en machine \u00e0 30\u00b0C<\/p>","protected":false},"excerpt":{"rendered":"<p>Coffret cadeau de chaussettes Barbour Pheasant, s\u00e9lection 1<br \/>\nCe charmant ensemble est pr\u00e9sent\u00e9 dans une bo\u00eete de marque Barbour pour un cadeau facile.<\/p>","protected":false},"featured_media":539415,"template":"","meta":[],"product_brand":[],"product_cat":[1107,1191,1192,1132,899,638,925,134],"product_tag":[],"class_list":{"0":"post-539414","1":"product","2":"type-product","3":"status-publish","4":"has-post-thumbnail","6":"product_cat-barbour","7":"product_cat-barbour-accessoires","8":"product_cat-barbour-socken","9":"product_cat-barbour-sokken","10":"product_cat-geschenke","11":"product_cat-gifts","12":"product_cat-socken","13":"product_cat-sokken","14":"pa_merk-barbour","16":"first","17":"instock","18":"taxable","19":"shipping-taxable","20":"purchasable","21":"product-type-simple"},"df_price":49.95,"df_sale_price":"","df_regular_price":49.95,"df_image_link":"https:\/\/harristweed-shop.be\/wp-content\/uploads\/2025\/08\/9df9cb1dad380b36b6cc50195e7fbde8_Barbour_Pheasant_Socks_Gift_Box-225x300.jpeg","_links":{"self":[{"href":"https:\/\/harristweed-shop.be\/fr\/wp-json\/wp\/v2\/product\/539414","targetHints":{"allow":["GET"]}}],"collection":[{"href":"https:\/\/harristweed-shop.be\/fr\/wp-json\/wp\/v2\/product"}],"about":[{"href":"https:\/\/harristweed-shop.be\/fr\/wp-json\/wp\/v2\/types\/product"}],"wp:featuredmedia":[{"embeddable":true,"href":"https:\/\/harristweed-shop.be\/fr\/wp-json\/wp\/v2\/media\/539415"}],"wp:attachment":[{"href":"https:\/\/harristweed-shop.be\/fr\/wp-json\/wp\/v2\/media?parent=539414"}],"wp:term":[{"taxonomy":"product_brand","embeddable":true,"href":"https:\/\/harristweed-shop.be\/fr\/wp-json\/wp\/v2\/product_brand?post=539414"},{"taxonomy":"product_cat","embeddable":true,"href":"https:\/\/harristweed-shop.be\/fr\/wp-json\/wp\/v2\/product_cat?post=539414"},{"taxonomy":"product_tag","embeddable":true,"href":"https:\/\/harristweed-shop.be\/fr\/wp-json\/wp\/v2\/product_tag?post=539414"}],"curies":[{"name":"wp","href":"https:\/\/api.w.org\/{rel}","templated":true}]}}