{"id":539408,"date":"2025-08-08T07:17:30","date_gmt":"2025-08-08T07:17:30","guid":{"rendered":"https:\/\/harristweed-shop.be\/product\/barbour-scarf-tartan-lambswool-midnight-oak-tartan\/"},"modified":"2026-05-05T03:48:45","modified_gmt":"2026-05-05T03:48:45","slug":"barbour-scarf-tartan-lambswool-midnight-oak-tartan","status":"publish","type":"product","link":"https:\/\/harristweed-shop.be\/fr\/produit\/echarpe-barbour-en-tartan-en-laine-dagneau-et-tartan-midnight-oak\/","title":{"rendered":"\u00c9charpe Barbour Tartan en laine d&#039;agneau Midnight Oak Tartan"},"content":{"rendered":"<p>Confectionn\u00e9e en laine 100%, cette \u00e9charpe douce et confortable est id\u00e9ale pour les journ\u00e9es fra\u00eeches. Cet accessoire indispensable arbore un motif tartan Barbour int\u00e9gral et est agr\u00e9ment\u00e9 d&#039;un ourlet \u00e0 pompons pour une finition intemporelle.<\/p>\n<p>Tissu principal : laine d&#039;agneau 100%<br \/>\n\u00c9tiquette de marque tiss\u00e9e attach\u00e9e pr\u00e8s du bord inf\u00e9rieur<br \/>\nLargeur : 25 cm, Longueur : 195 cm<br \/>\nNettoyage \u00e0 sec uniquement<\/p>","protected":false},"excerpt":{"rendered":"<p>\u00c9charpe Barbour Tartan en laine d&#039;agneau Midnight Oak Tartan.<br \/>\nImagin\u00e9e en laine 100%, cette \u00e9charpe douce et douillette est le choix id\u00e9al pour les journ\u00e9es fra\u00eeches.<\/p>","protected":false},"featured_media":539409,"template":"","meta":[],"product_brand":[],"product_cat":[1107,1191,1185,1108,873,874,872,105,1135],"product_tag":[],"class_list":{"0":"post-539408","1":"product","2":"type-product","3":"status-publish","4":"has-post-thumbnail","6":"product_cat-barbour","7":"product_cat-barbour-accessoires","8":"product_cat-barbour-schals","9":"product_cat-barbour-shawls","10":"product_cat-schals","11":"product_cat-schals-schals","12":"product_cat-shawls-shawls","13":"product_cat-shawls","14":"product_cat-thetweedshop","15":"pa_merk-barbour","17":"first","18":"instock","19":"taxable","20":"shipping-taxable","21":"purchasable","22":"product-type-simple"},"df_price":59.95,"df_sale_price":"","df_regular_price":59.95,"df_image_link":"https:\/\/harristweed-shop.be\/wp-content\/uploads\/2025\/08\/40dc9d1347611cc5665b5a1be80579e2_Barbour_Scarf_Tartan_Lambswool_Midnight_Oak_Tartan-225x300.jpeg","_links":{"self":[{"href":"https:\/\/harristweed-shop.be\/fr\/wp-json\/wp\/v2\/product\/539408","targetHints":{"allow":["GET"]}}],"collection":[{"href":"https:\/\/harristweed-shop.be\/fr\/wp-json\/wp\/v2\/product"}],"about":[{"href":"https:\/\/harristweed-shop.be\/fr\/wp-json\/wp\/v2\/types\/product"}],"wp:featuredmedia":[{"embeddable":true,"href":"https:\/\/harristweed-shop.be\/fr\/wp-json\/wp\/v2\/media\/539409"}],"wp:attachment":[{"href":"https:\/\/harristweed-shop.be\/fr\/wp-json\/wp\/v2\/media?parent=539408"}],"wp:term":[{"taxonomy":"product_brand","embeddable":true,"href":"https:\/\/harristweed-shop.be\/fr\/wp-json\/wp\/v2\/product_brand?post=539408"},{"taxonomy":"product_cat","embeddable":true,"href":"https:\/\/harristweed-shop.be\/fr\/wp-json\/wp\/v2\/product_cat?post=539408"},{"taxonomy":"product_tag","embeddable":true,"href":"https:\/\/harristweed-shop.be\/fr\/wp-json\/wp\/v2\/product_tag?post=539408"}],"curies":[{"name":"wp","href":"https:\/\/api.w.org\/{rel}","templated":true}]}}