{"id":539377,"date":"2025-08-06T07:03:11","date_gmt":"2025-08-06T07:03:11","guid":{"rendered":"https:\/\/harristweed-shop.be\/product\/barbour-iceloch-tailored-tartan-shirt-classic-tartan\/"},"modified":"2026-05-05T03:48:51","modified_gmt":"2026-05-05T03:48:51","slug":"barbour-iceloch-tailored-tartan-shirt-classic-tartan","status":"publish","type":"product","link":"https:\/\/harristweed-shop.be\/fr\/produit\/chemise-tartan-sur-mesure-barbour-iceloch-tartan-classique\/","title":{"rendered":"Chemise \u00e0 carreaux ajust\u00e9e BARBOUR Finkle Cuivre"},"content":{"rendered":"<p>Confectionn\u00e9e en coton 100%, la chemise Barbour Finkle est une option douce et \u00e9l\u00e9gante pour les occasions habill\u00e9es comme d\u00e9contract\u00e9es. Ce v\u00eatement est orn\u00e9 d&#039;un motif vichy classique et d&#039;une broderie signature. Portez-la seule ou sous un pull pendant les mois les plus froids.<\/p>\n<p>Coton 100%<br \/>\nDouble 80&#039;s, tissage serg\u00e9, finition bross\u00e9e sur les deux c\u00f4t\u00e9s.<br \/>\nBroderie Barbour et bouclier sur la poitrine gauche du porteur.<br \/>\nLongueur du dos : 76 cm \u2013 87 cm<br \/>\nLavage en machine \u00e0 30\u00b0C<\/p>","protected":false},"excerpt":{"rendered":"<p>Chemise \u00e0 carreaux sur mesure BARBOUR Finkle Cuivre.<br \/>\nConfectionn\u00e9e en coton 100%, la chemise Barbour Finkle est une option douce et \u00e9l\u00e9gante pour les occasions \u00e9l\u00e9gantes et d\u00e9contract\u00e9es.<\/p>","protected":false},"featured_media":539385,"template":"","meta":[],"product_brand":[],"product_cat":[1107,1190,1111,1110,86,506],"product_tag":[],"class_list":{"0":"post-539377","1":"product","2":"type-product","3":"status-publish","4":"has-post-thumbnail","6":"product_cat-barbour","7":"product_cat-barbour-hemden","8":"product_cat-barbour-heren-shirts","9":"product_cat-barbour-shirts","10":"product_cat-shirts-en-overhemden","11":"product_cat-shirts-und-hemden","12":"pa_merk-barbour","14":"first","15":"instock","16":"taxable","17":"shipping-taxable","18":"purchasable","19":"product-type-variable"},"df_price":99.95,"df_sale_price":"","df_regular_price":99.95,"df_image_link":"https:\/\/harristweed-shop.be\/wp-content\/uploads\/2025\/08\/7187d25754314a4c982fc2a1a69b1215_BARBOUR_Iceloch_Tailored_Tartan_Shirt_Classic_Tartan-225x300.jpeg","_links":{"self":[{"href":"https:\/\/harristweed-shop.be\/fr\/wp-json\/wp\/v2\/product\/539377","targetHints":{"allow":["GET"]}}],"collection":[{"href":"https:\/\/harristweed-shop.be\/fr\/wp-json\/wp\/v2\/product"}],"about":[{"href":"https:\/\/harristweed-shop.be\/fr\/wp-json\/wp\/v2\/types\/product"}],"wp:featuredmedia":[{"embeddable":true,"href":"https:\/\/harristweed-shop.be\/fr\/wp-json\/wp\/v2\/media\/539385"}],"wp:attachment":[{"href":"https:\/\/harristweed-shop.be\/fr\/wp-json\/wp\/v2\/media?parent=539377"}],"wp:term":[{"taxonomy":"product_brand","embeddable":true,"href":"https:\/\/harristweed-shop.be\/fr\/wp-json\/wp\/v2\/product_brand?post=539377"},{"taxonomy":"product_cat","embeddable":true,"href":"https:\/\/harristweed-shop.be\/fr\/wp-json\/wp\/v2\/product_cat?post=539377"},{"taxonomy":"product_tag","embeddable":true,"href":"https:\/\/harristweed-shop.be\/fr\/wp-json\/wp\/v2\/product_tag?post=539377"}],"curies":[{"name":"wp","href":"https:\/\/api.w.org\/{rel}","templated":true}]}}