{"id":539344,"date":"2025-08-02T12:17:58","date_gmt":"2025-08-02T12:17:58","guid":{"rendered":"https:\/\/harristweed-shop.be\/product\/bodywarmer-vestje-austin-beige\/"},"modified":"2026-05-05T03:48:51","modified_gmt":"2026-05-05T03:48:51","slug":"bodywarmer-vestje-austin-beige","status":"publish","type":"product","link":"https:\/\/harristweed-shop.be\/fr\/produit\/gilet-sans-manches-austin-beige\/","title":{"rendered":"Bodywarmer en coton &quot;Austin&quot; en Beige"},"content":{"rendered":"<p>Le gilet Austin est un compagnon id\u00e9al pour celles et ceux qui privil\u00e9gient la fonctionnalit\u00e9, le confort et un style intemporel. Que ce soit pour un voyage, une randonn\u00e9e ou une exploration urbaine, ce gilet l\u00e9ger et polyvalent est parfait en toutes circonstances. Fabriqu\u00e9 en toile de coton de haute qualit\u00e9, coupe-vent et d\u00e9perlante, il offre un confort optimal, m\u00eame par temps chaud. Sa taille ajustable par cordon assure un maintien parfait, tandis que son col montant, associ\u00e9 \u00e0 une fermeture \u00e9clair et des boutons-pression robustes, offre une protection suppl\u00e9mentaire contre le vent. Son syst\u00e8me de poches bien con\u00e7u est particuli\u00e8rement pratique\u00a0: deux poches poitrine, deux poches \u00e0 rabat \u00e0 double sens et deux poches int\u00e9rieures, dont une zipp\u00e9e, offrent un espace g\u00e9n\u00e9reux pour vos essentiels. Malgr\u00e9 ses qualit\u00e9s fonctionnelles, le gilet Austin reste agr\u00e9ablement l\u00e9ger et se roule facilement \u2013 id\u00e9al pour les voyages. Un gilet fiable et polyvalent pour toutes vos aventures.<\/p>\n<p>\u2013 Cordon de serrage ajustable \u00e0 la taille<br \/>\n<br \/>\u2013 Col montant<br \/>\n<br \/>\u2013 Fermeture \u00e9clair YKK robuste<br \/>\n<br \/>\u2013 Lavable en machine et facile d&#039;entretien<br \/>\n<br \/>\u2013 Deux poches plaqu\u00e9es (\u00e0 double sens)<br \/>\n<br \/>\u2013 Deux poches int\u00e9rieures<br \/>\n<br \/>\u2013 Deux poches poitrine refermables<\/p>\n<p>Mensurations du mannequin\u00a0: Le mannequin mesure 182\u00a0cm et porte une taille\u00a050.<br \/>Coupe : Ce gilet en coton pratique offre une coupe confortable et est tr\u00e8s agr\u00e9able \u00e0 porter.<br \/>Dimensions du produit\u00a0: Pour la taille 50, les dimensions sont les suivantes\u00a0: Longueur dos\u00a0: 68\u00a0cm \u2013 Largeur poitrine (demi-largeur)\u00a0: 55\u00a0cm<\/p>\n<p>Tissu ext\u00e9rieur : coton 100%<\/p>","protected":false},"excerpt":{"rendered":"<p>Bodywarmer en coton \u201c Austin \u201d en Beige 29.<\/p>\n<p>Le gilet Austin est un compagnon id\u00e9al, con\u00e7u avec soin, pour celles et ceux qui privil\u00e9gient la fonctionnalit\u00e9, le confort et un style intemporel. Que ce soit en voyage, en randonn\u00e9e ou en exploration urbaine, ce gilet l\u00e9ger et polyvalent est parfait en toutes circonstances.<\/p>","protected":false},"featured_media":539353,"template":"","meta":[],"product_brand":[],"product_cat":[1060,87,482,531],"product_tag":[],"class_list":{"0":"post-539344","1":"product","2":"type-product","3":"status-publish","4":"has-post-thumbnail","6":"product_cat-bodywarmer","7":"product_cat-jassen-en-jacks","8":"product_cat-mantel-und-jacken","9":"product_cat-mantel-und-jacken-fur-herren","10":"pa_merk-wellington","12":"first","13":"instock","14":"taxable","15":"shipping-taxable","16":"purchasable","17":"product-type-variable"},"df_price":99.95,"df_sale_price":"","df_regular_price":99.95,"df_image_link":"https:\/\/harristweed-shop.be\/wp-content\/uploads\/2025\/08\/1743650b32abd194aad8dbd52a546bee_Bodywarmer___vestje_Austin_Beige-225x300.jpeg","_links":{"self":[{"href":"https:\/\/harristweed-shop.be\/fr\/wp-json\/wp\/v2\/product\/539344","targetHints":{"allow":["GET"]}}],"collection":[{"href":"https:\/\/harristweed-shop.be\/fr\/wp-json\/wp\/v2\/product"}],"about":[{"href":"https:\/\/harristweed-shop.be\/fr\/wp-json\/wp\/v2\/types\/product"}],"wp:featuredmedia":[{"embeddable":true,"href":"https:\/\/harristweed-shop.be\/fr\/wp-json\/wp\/v2\/media\/539353"}],"wp:attachment":[{"href":"https:\/\/harristweed-shop.be\/fr\/wp-json\/wp\/v2\/media?parent=539344"}],"wp:term":[{"taxonomy":"product_brand","embeddable":true,"href":"https:\/\/harristweed-shop.be\/fr\/wp-json\/wp\/v2\/product_brand?post=539344"},{"taxonomy":"product_cat","embeddable":true,"href":"https:\/\/harristweed-shop.be\/fr\/wp-json\/wp\/v2\/product_cat?post=539344"},{"taxonomy":"product_tag","embeddable":true,"href":"https:\/\/harristweed-shop.be\/fr\/wp-json\/wp\/v2\/product_tag?post=539344"}],"curies":[{"name":"wp","href":"https:\/\/api.w.org\/{rel}","templated":true}]}}