{"id":539272,"date":"2025-07-29T12:57:41","date_gmt":"2025-07-29T12:57:41","guid":{"rendered":"https:\/\/harristweed-shop.be\/product\/barbour-tartan-boucle-scarf-stola\/"},"modified":"2026-05-05T03:48:51","modified_gmt":"2026-05-05T03:48:51","slug":"barbour-tartan-boucle-scarf-stola","status":"publish","type":"product","link":"https:\/\/harristweed-shop.be\/fr\/produit\/etole-echarpe-en-boucle-tartan-barbour\/","title":{"rendered":"Barbour Isla Boucle Serape \u00c9charpe \/ \u00c9tole"},"content":{"rendered":"<p>Arborant un motif tartan Barbour surdimensionn\u00e9, le sarape Barbour Isla Boucle est confectionn\u00e9 dans un fil boucl\u00e9 ultra doux et confortable. Dot\u00e9 d&#039;un ourlet \u00e0 pompons, ce sarape affiche une \u00e9l\u00e9gance intemporelle id\u00e9ale pour les soir\u00e9es fra\u00eeches et est orn\u00e9 d&#039;une \u00e9tiquette Barbour tiss\u00e9e au milieu du dos.<\/p>\n<p>Tissu principal : polyester 100%<br \/>\n\u00c9tiquette tiss\u00e9e Barbour au centre du dos du cou.<br \/>\nLargeur : 114 cm, Longueur : 147 cm<br \/>\nLavage \u00e0 la main seulement<\/p>","protected":false},"excerpt":{"rendered":"<p>Barbour Isla Boucle Serape.<br \/>\nLe serape Barbour Isla Boucle est fabriqu\u00e9 dans un fil boucl\u00e9 super doux et confortable.<\/p>","protected":false},"featured_media":539273,"template":"","meta":[],"product_brand":[],"product_cat":[1107,1191,1185,1108,874,873,105,872,1135],"product_tag":[],"class_list":{"0":"post-539272","1":"product","2":"type-product","3":"status-publish","4":"has-post-thumbnail","6":"product_cat-barbour","7":"product_cat-barbour-accessoires","8":"product_cat-barbour-schals","9":"product_cat-barbour-shawls","10":"product_cat-schals-schals","11":"product_cat-schals","12":"product_cat-shawls","13":"product_cat-shawls-shawls","14":"product_cat-thetweedshop","15":"pa_merk-barbour","17":"first","18":"instock","19":"taxable","20":"shipping-taxable","21":"purchasable","22":"product-type-simple"},"df_price":109.95,"df_sale_price":"","df_regular_price":109.95,"df_image_link":"https:\/\/harristweed-shop.be\/wp-content\/uploads\/2025\/07\/3704612f7f14565640625ff87a491fca_Barbour_Tartan_Boucle_Scarf___Stola-225x300.jpeg","_links":{"self":[{"href":"https:\/\/harristweed-shop.be\/fr\/wp-json\/wp\/v2\/product\/539272","targetHints":{"allow":["GET"]}}],"collection":[{"href":"https:\/\/harristweed-shop.be\/fr\/wp-json\/wp\/v2\/product"}],"about":[{"href":"https:\/\/harristweed-shop.be\/fr\/wp-json\/wp\/v2\/types\/product"}],"wp:featuredmedia":[{"embeddable":true,"href":"https:\/\/harristweed-shop.be\/fr\/wp-json\/wp\/v2\/media\/539273"}],"wp:attachment":[{"href":"https:\/\/harristweed-shop.be\/fr\/wp-json\/wp\/v2\/media?parent=539272"}],"wp:term":[{"taxonomy":"product_brand","embeddable":true,"href":"https:\/\/harristweed-shop.be\/fr\/wp-json\/wp\/v2\/product_brand?post=539272"},{"taxonomy":"product_cat","embeddable":true,"href":"https:\/\/harristweed-shop.be\/fr\/wp-json\/wp\/v2\/product_cat?post=539272"},{"taxonomy":"product_tag","embeddable":true,"href":"https:\/\/harristweed-shop.be\/fr\/wp-json\/wp\/v2\/product_tag?post=539272"}],"curies":[{"name":"wp","href":"https:\/\/api.w.org\/{rel}","templated":true}]}}