{"id":539270,"date":"2025-07-29T12:52:24","date_gmt":"2025-07-29T12:52:24","guid":{"rendered":"https:\/\/harristweed-shop.be\/product\/barbour-culross-crossbody-bag\/"},"modified":"2026-04-07T18:27:16","modified_gmt":"2026-04-07T18:27:16","slug":"barbour-culross-crossbody-bag","status":"publish","type":"product","link":"https:\/\/harristweed-shop.be\/fr\/produit\/sac-bandouliere-barbour-culross\/","title":{"rendered":"Sac bandouli\u00e8re Barbour Culross \u00e0 motif tartan classique"},"content":{"rendered":"<p>Le sac bandouli\u00e8re Barbour Culross est le sac de week-end id\u00e9al pour les journ\u00e9es en ville comme \u00e0 la campagne. Confectionn\u00e9 dans notre tissu tartan classique, avec des finitions en laiton vieilli et des finitions en coton cir\u00e9, ce sac photo est id\u00e9al pour emporter vos essentiels du quotidien.<\/p>\n<p>Ext\u00e9rieur : 70% Polyester, 21% Laine (ovine), 5% Acrylique, 2% Polyamide, 2% Coton<br \/>\nPlaque m\u00e9tallique effet laiton vieilli marqu\u00e9e sur le devant ext\u00e9rieur.<br \/>\nHauteur : 6 cm, largeur : 22 cm, profondeur : 5 cm, longueur de la bandouli\u00e8re r\u00e9glable : 135 cm<br \/>\nNe pas laver<br \/>\nNettoyage \u00e0 l&#039;\u00e9ponge uniquement<\/p>","protected":false},"excerpt":{"rendered":"<p>Sac bandouli\u00e8re Barbour Culross.<br \/>\nFabriqu\u00e9 \u00e0 partir de notre fabrication tartan classique et d\u00e9taill\u00e9 avec du mat\u00e9riel en laiton vieilli et des garnitures en coton cir\u00e9, ce style de sac pour appareil photo est parfait pour emporter vos essentiels quotidiens en d\u00e9placement.<\/p>","protected":false},"featured_media":539695,"template":"","meta":[],"product_brand":[],"product_cat":[1107,1191,1109,899,638,903,904,900,901,808,898],"product_tag":[],"class_list":{"0":"post-539270","1":"product","2":"type-product","3":"status-publish","4":"has-post-thumbnail","6":"product_cat-barbour","7":"product_cat-barbour-accessoires","8":"product_cat-barbour-tassen","9":"product_cat-geschenke","10":"product_cat-gifts","11":"product_cat-handtas","12":"product_cat-handtaschen","13":"product_cat-reisetaschen","14":"product_cat-taschen","15":"product_cat-tassen","16":"product_cat-tassen-gifts","17":"pa_merk-barbour","19":"first","20":"outofstock","21":"taxable","22":"shipping-taxable","23":"purchasable","24":"product-type-simple"},"df_price":89.95,"df_sale_price":"","df_regular_price":89.95,"df_image_link":"https:\/\/harristweed-shop.be\/wp-content\/uploads\/2025\/07\/f8a4a9b371b133adf3a4e8a582f6b577_Barbour_Culross_Crossbody_Bag_Classic_Tartan-225x300.jpeg","_links":{"self":[{"href":"https:\/\/harristweed-shop.be\/fr\/wp-json\/wp\/v2\/product\/539270","targetHints":{"allow":["GET"]}}],"collection":[{"href":"https:\/\/harristweed-shop.be\/fr\/wp-json\/wp\/v2\/product"}],"about":[{"href":"https:\/\/harristweed-shop.be\/fr\/wp-json\/wp\/v2\/types\/product"}],"wp:featuredmedia":[{"embeddable":true,"href":"https:\/\/harristweed-shop.be\/fr\/wp-json\/wp\/v2\/media\/539695"}],"wp:attachment":[{"href":"https:\/\/harristweed-shop.be\/fr\/wp-json\/wp\/v2\/media?parent=539270"}],"wp:term":[{"taxonomy":"product_brand","embeddable":true,"href":"https:\/\/harristweed-shop.be\/fr\/wp-json\/wp\/v2\/product_brand?post=539270"},{"taxonomy":"product_cat","embeddable":true,"href":"https:\/\/harristweed-shop.be\/fr\/wp-json\/wp\/v2\/product_cat?post=539270"},{"taxonomy":"product_tag","embeddable":true,"href":"https:\/\/harristweed-shop.be\/fr\/wp-json\/wp\/v2\/product_tag?post=539270"}],"curies":[{"name":"wp","href":"https:\/\/api.w.org\/{rel}","templated":true}]}}